{"id":1791,"date":"2025-03-16T18:36:25","date_gmt":"2025-03-16T17:36:25","guid":{"rendered":"http:\/\/caljlqu.cluster100.hosting.ovh.net\/?page_id=1791"},"modified":"2025-10-06T19:28:02","modified_gmt":"2025-10-06T17:28:02","slug":"professionnels","status":"publish","type":"page","link":"https:\/\/cryobliss.fr\/en\/professionnels\/","title":{"rendered":"Professionals"},"content":{"rendered":"<div data-elementor-type=\"wp-page\" data-elementor-id=\"1791\" class=\"elementor elementor-1791\" data-elementor-post-type=\"page\">\n\t\t\t\t<div class=\"elementor-element elementor-element-78924cce e-con-full elementor-hidden-mobile e-flex parallax_section_no qode_elementor_container_no e-con e-parent\" data-id=\"78924cce\" data-element_type=\"container\" data-e-type=\"container\" id=\"image-principale-pro\" data-settings=\"{&quot;background_background&quot;:&quot;classic&quot;}\">\n\t\t\t\t<div class=\"elementor-element elementor-element-a79b4da exad-sticky-section-no exad-glass-effect-no elementor-widget elementor-widget-spacer\" data-id=\"a79b4da\" data-element_type=\"widget\" data-e-type=\"widget\" data-widget_type=\"spacer.default\">\n\t\t\t\t<div class=\"elementor-widget-container\">\n\t\t\t\t\t\t\t<div class=\"elementor-spacer\">\n\t\t\t<div class=\"elementor-spacer-inner\"><\/div>\n\t\t<\/div>\n\t\t\t\t\t\t<\/div>\n\t\t\t\t<\/div>\n\t\t\t\t<div class=\"elementor-element elementor-element-2ed03f79 exad-sticky-section-no exad-glass-effect-no elementor-widget elementor-widget-heading\" data-id=\"2ed03f79\" data-element_type=\"widget\" data-e-type=\"widget\" data-widget_type=\"heading.default\">\n\t\t\t\t<div class=\"elementor-widget-container\">\n\t\t\t\t\t<h2 class=\"elementor-heading-title elementor-size-default\">CRYOTHERAPY<br>INTEGRATED INTO YOUR<br>PROFESSIONAL PROTOCOLS<\/h2>\t\t\t\t<\/div>\n\t\t\t\t<\/div>\n\t\t\t\t<div class=\"elementor-element elementor-element-5c1b6594 exad-sticky-section-no exad-glass-effect-no elementor-widget elementor-widget-bridge_button_v2\" data-id=\"5c1b6594\" data-element_type=\"widget\" data-e-type=\"widget\" data-widget_type=\"bridge_button_v2.default\">\n\t\t\t\t<div class=\"elementor-widget-container\">\n\t\t\t\t\t\n\n\t<a href=\"\/en\/contact\/\" target=\"_self\" style=\"color: #EFE5E1;font-size: 20px\" class=\"qode-btn qode-btn-medium qode-btn-simple\"  >\n\t    <span class=\"qode-btn-text\">Get in touch<\/span>\t<\/a>\n\n\t\t\t\t<\/div>\n\t\t\t\t<\/div>\n\t\t\t\t<\/div>\n\t\t<div class=\"elementor-element elementor-element-7643de05 e-con-full elementor-hidden-mobile e-flex parallax_section_no qode_elementor_container_no e-con e-parent\" data-id=\"7643de05\" data-element_type=\"container\" data-e-type=\"container\">\n\t\t\t\t<div class=\"elementor-element elementor-element-3fe89311 exad-sticky-section-no exad-glass-effect-no elementor-widget elementor-widget-bridge_vertical_separator\" data-id=\"3fe89311\" data-element_type=\"widget\" data-e-type=\"widget\" data-widget_type=\"bridge_vertical_separator.default\">\n\t\t\t\t<div class=\"elementor-widget-container\">\n\t\t\t\t\t<div class=\"qode_vertical_separator\" style=\"height: 150px;width: 1px;background-color: #FFFFFF\">\n<\/div>\t\t\t\t<\/div>\n\t\t\t\t<\/div>\n\t\t\t\t<\/div>\n\t\t<div class=\"elementor-element elementor-element-3883eb7d e-con-full elementor-hidden-mobile e-flex parallax_section_no qode_elementor_container_no e-con e-parent\" data-id=\"3883eb7d\" data-element_type=\"container\" data-e-type=\"container\">\n\t\t\t\t<div class=\"elementor-element elementor-element-ec1ea19 exad-sticky-section-no exad-glass-effect-no elementor-widget elementor-widget-bridge_vertical_separator\" data-id=\"ec1ea19\" data-element_type=\"widget\" data-e-type=\"widget\" data-widget_type=\"bridge_vertical_separator.default\">\n\t\t\t\t<div class=\"elementor-widget-container\">\n\t\t\t\t\t<div class=\"qode_vertical_separator\" style=\"height: 150px;width: 1px;background-color: #FD9B5C\">\n<\/div>\t\t\t\t<\/div>\n\t\t\t\t<\/div>\n\t\t\t\t<\/div>\n\t\t\t\t<section class=\"elementor-section elementor-top-section elementor-element elementor-element-7d69246d elementor-section-full_width elementor-hidden-mobile elementor-section-height-default elementor-section-height-default exad-glass-effect-no exad-sticky-section-no parallax_section_no qode_elementor_container_no\" data-id=\"7d69246d\" data-element_type=\"section\" data-e-type=\"section\" data-settings=\"{&quot;background_background&quot;:&quot;classic&quot;}\">\n\t\t\t\t\t\t<div class=\"elementor-container elementor-column-gap-default\">\n\t\t\t\t\t<div class=\"elementor-column elementor-col-100 elementor-top-column elementor-element elementor-element-c1bbfa1 exad-glass-effect-no exad-sticky-section-no\" data-id=\"c1bbfa1\" data-element_type=\"column\" data-e-type=\"column\">\n\t\t\t<div class=\"elementor-widget-wrap elementor-element-populated\">\n\t\t\t\t\t\t<div class=\"elementor-element elementor-element-c21fae3 exad-sticky-section-no exad-glass-effect-no elementor-widget elementor-widget-heading\" data-id=\"c21fae3\" data-element_type=\"widget\" data-e-type=\"widget\" data-widget_type=\"heading.default\">\n\t\t\t\t<div class=\"elementor-widget-container\">\n\t\t\t\t\t<h5 class=\"elementor-heading-title elementor-size-default\">A COLLABORATION<\/h5>\t\t\t\t<\/div>\n\t\t\t\t<\/div>\n\t\t\t\t<div class=\"elementor-element elementor-element-76687c05 exad-sticky-section-no exad-glass-effect-no elementor-widget elementor-widget-heading\" data-id=\"76687c05\" data-element_type=\"widget\" data-e-type=\"widget\" data-widget_type=\"heading.default\">\n\t\t\t\t<div class=\"elementor-widget-container\">\n\t\t\t\t\t<h2 class=\"elementor-heading-title elementor-size-default\">At your service<\/h2>\t\t\t\t<\/div>\n\t\t\t\t<\/div>\n\t\t\t\t<div class=\"elementor-element elementor-element-6b15fca2 exad-sticky-section-no exad-glass-effect-no elementor-widget elementor-widget-spacer\" data-id=\"6b15fca2\" data-element_type=\"widget\" data-e-type=\"widget\" data-widget_type=\"spacer.default\">\n\t\t\t\t<div class=\"elementor-widget-container\">\n\t\t\t\t\t\t\t<div class=\"elementor-spacer\">\n\t\t\t<div class=\"elementor-spacer-inner\"><\/div>\n\t\t<\/div>\n\t\t\t\t\t\t<\/div>\n\t\t\t\t<\/div>\n\t\t\t\t<div class=\"elementor-element elementor-element-79ab952 exad-sticky-section-no exad-glass-effect-no elementor-widget elementor-widget-text-editor\" data-id=\"79ab952\" data-element_type=\"widget\" data-e-type=\"widget\" data-widget_type=\"text-editor.default\">\n\t\t\t\t<div class=\"elementor-widget-container\">\n\t\t\t\t\t\t\t\t\t<p>CryoBliss offers healthcare professionals and physiotherapists the opportunity to integrate Cryotherapy into their protocols. Cryotherapy<\/p><p>can complement treatments to reduce chronic pain, promote rehabilitation and improve the overall well-being of patients.<\/p><p>We offer packages tailored to professionals, as well as the necessary information.<\/p><p>to fully understand and utilize this technology.<\/p><p>Do not hesitate to contact us to learn more about our dedicated offers and discover how to integrate Cryotherapy into your practice.<\/p>\t\t\t\t\t\t\t\t<\/div>\n\t\t\t\t<\/div>\n\t\t\t\t\t<\/div>\n\t\t<\/div>\n\t\t\t\t\t<\/div>\n\t\t<\/section>\n\t\t<div class=\"elementor-element elementor-element-b004946 elementor-hidden-mobile e-flex e-con-boxed parallax_section_no qode_elementor_container_no e-con e-parent\" data-id=\"b004946\" data-element_type=\"container\" data-e-type=\"container\">\n\t\t\t\t\t<div class=\"e-con-inner\">\n\t\t\t\t<div class=\"elementor-element elementor-element-72bc348 exad-sticky-section-no exad-glass-effect-no elementor-widget elementor-widget-bridge_button\" data-id=\"72bc348\" data-element_type=\"widget\" data-e-type=\"widget\" data-widget_type=\"bridge_button.default\">\n\t\t\t\t<div class=\"elementor-widget-container\">\n\t\t\t\t\t<a  itemprop=\"url\" href=\"\/en\/contact\/\" target=\"_self\" data-hover-background-color=\"#281A15\" data-hover-border-color=\"#281A15\" class=\"qbutton  large default\" style=\"border-color: #281A15; letter-spacing: 0px; background-color:#281A15;\">CONTACT US<\/a>\t\t\t\t<\/div>\n\t\t\t\t<\/div>\n\t\t\t\t<div class=\"elementor-element elementor-element-643907aa exad-sticky-section-no exad-glass-effect-no elementor-widget elementor-widget-spacer\" data-id=\"643907aa\" data-element_type=\"widget\" data-e-type=\"widget\" data-widget_type=\"spacer.default\">\n\t\t\t\t<div class=\"elementor-widget-container\">\n\t\t\t\t\t\t\t<div class=\"elementor-spacer\">\n\t\t\t<div class=\"elementor-spacer-inner\"><\/div>\n\t\t<\/div>\n\t\t\t\t\t\t<\/div>\n\t\t\t\t<\/div>\n\t\t\t\t\t<\/div>\n\t\t\t\t<\/div>\n\t\t<div class=\"elementor-element elementor-element-4f12fff9 e-con-full elementor-hidden-desktop elementor-hidden-tablet e-flex parallax_section_no qode_elementor_container_no e-con e-parent\" data-id=\"4f12fff9\" data-element_type=\"container\" data-e-type=\"container\" data-settings=\"{&quot;background_background&quot;:&quot;classic&quot;}\">\n\t\t\t\t<\/div>\n\t\t<div class=\"elementor-element elementor-element-63e156b3 e-con-full elementor-hidden-desktop elementor-hidden-tablet e-flex parallax_section_no qode_elementor_container_no e-con e-parent\" data-id=\"63e156b3\" data-element_type=\"container\" data-e-type=\"container\">\n\t\t\t\t<div class=\"elementor-element elementor-element-6bf61a1a exad-sticky-section-no exad-glass-effect-no elementor-widget elementor-widget-heading\" data-id=\"6bf61a1a\" data-element_type=\"widget\" data-e-type=\"widget\" data-widget_type=\"heading.default\">\n\t\t\t\t<div class=\"elementor-widget-container\">\n\t\t\t\t\t<h2 class=\"elementor-heading-title elementor-size-default\">CRYOTHERAPY<br>CRYOTHERAPY<br>YOUR PROFESSIONAL<br>PROTOCOLS<\/h2>\t\t\t\t<\/div>\n\t\t\t\t<\/div>\n\t\t\t\t<\/div>\n\t\t<div class=\"elementor-element elementor-element-e66bc2d e-con-full elementor-hidden-desktop elementor-hidden-tablet e-flex parallax_section_no qode_elementor_container_no e-con e-parent\" data-id=\"e66bc2d\" data-element_type=\"container\" data-e-type=\"container\">\n\t\t\t\t<div class=\"elementor-element elementor-element-046fdd0 exad-sticky-section-no exad-glass-effect-no elementor-widget elementor-widget-heading\" data-id=\"046fdd0\" data-element_type=\"widget\" data-e-type=\"widget\" data-widget_type=\"heading.default\">\n\t\t\t\t<div class=\"elementor-widget-container\">\n\t\t\t\t\t<h5 class=\"elementor-heading-title elementor-size-default\">A collaboration in service<br>of your patients<\/h5>\t\t\t\t<\/div>\n\t\t\t\t<\/div>\n\t\t\t\t<div class=\"elementor-element elementor-element-1e890c1a exad-sticky-section-no exad-glass-effect-no elementor-widget elementor-widget-text-editor\" data-id=\"1e890c1a\" data-element_type=\"widget\" data-e-type=\"widget\" data-widget_type=\"text-editor.default\">\n\t\t\t\t<div class=\"elementor-widget-container\">\n\t\t\t\t\t\t\t\t\t<p>CryoBliss offers healthcare professionals and physical therapists the opportunity to integrate Cryotherapy into their protocols. Cryotherapy can complement treatments to reduce chronic pain, promote rehabilitation, and improve patients' overall well-being.<\/p><p>\u00a0<\/p><p>We offer packages tailored to professionals as well as the information needed to understand and fully utilize this technology.<\/p><p>\u00a0<\/p><p>To ensure effective care, CryoBliss offers a free diagnostic assessment to all new clients. This personalized approach reassures your patients and optimizes their results.<\/p>\t\t\t\t\t\t\t\t<\/div>\n\t\t\t\t<\/div>\n\t\t\t\t<div class=\"elementor-element elementor-element-4607ba78 exad-sticky-section-no exad-glass-effect-no elementor-widget elementor-widget-bridge_button\" data-id=\"4607ba78\" data-element_type=\"widget\" data-e-type=\"widget\" data-widget_type=\"bridge_button.default\">\n\t\t\t\t<div class=\"elementor-widget-container\">\n\t\t\t\t\t<a  itemprop=\"url\" href=\"\/en\/contact\/\" target=\"_self\" data-hover-background-color=\"#02010100\" data-hover-border-color=\"#02010100\" data-hover-color=\"#FD9B5C\" class=\"qbutton  small default\" style=\"color: #FD9B5C; border-color: #02010100; font-size: 14px; letter-spacing: 0px; \">GET IN TOUCH<\/a>\t\t\t\t<\/div>\n\t\t\t\t<\/div>\n\t\t\t\t<div class=\"elementor-element elementor-element-e3358d0 exad-sticky-section-no exad-glass-effect-no elementor-widget elementor-widget-spacer\" data-id=\"e3358d0\" data-element_type=\"widget\" data-e-type=\"widget\" data-widget_type=\"spacer.default\">\n\t\t\t\t<div class=\"elementor-widget-container\">\n\t\t\t\t\t\t\t<div class=\"elementor-spacer\">\n\t\t\t<div class=\"elementor-spacer-inner\"><\/div>\n\t\t<\/div>\n\t\t\t\t\t\t<\/div>\n\t\t\t\t<\/div>\n\t\t\t\t<\/div>\n\t\t\t\t<\/div>","protected":false},"excerpt":{"rendered":"<p>Cryotherapy integrated into your professional protocols. Get in touch. A collaboration. Serving your patients. CryoBliss offers healthcare professionals and physiotherapists the opportunity to integrate cryotherapy into their protocols. Cryotherapy can complement treatments to reduce chronic pain, promote rehabilitation, and improve\u2026<\/p>","protected":false},"author":1,"featured_media":0,"parent":0,"menu_order":0,"comment_status":"closed","ping_status":"closed","template":"full_width.php","meta":{"footnotes":""},"class_list":["post-1791","page","type-page","status-publish","hentry"],"yoast_head":"<!-- This site is optimized with the Yoast SEO plugin v27.4 - https:\/\/yoast.com\/product\/yoast-seo-wordpress\/ -->\n<title>Professionnels - CryoBliss<\/title>\n<meta name=\"description\" content=\"CryoBliss propose aux professionnels de sant\u00e9 et aux kin\u00e9sith\u00e9rapeutes d&#039;int\u00e9grer la cryoth\u00e9rapie dans leurs protocoles.\" \/>\n<meta name=\"robots\" content=\"index, follow, max-snippet:-1, max-image-preview:large, max-video-preview:-1\" \/>\n<link rel=\"canonical\" href=\"https:\/\/cryobliss.fr\/en\/professionnels\/\" \/>\n<meta property=\"og:locale\" content=\"en_US\" \/>\n<meta property=\"og:type\" content=\"article\" \/>\n<meta property=\"og:title\" content=\"Professionnels - CryoBliss\" \/>\n<meta property=\"og:description\" content=\"CryoBliss propose aux professionnels de sant\u00e9 et aux kin\u00e9sith\u00e9rapeutes d&#039;int\u00e9grer la cryoth\u00e9rapie dans leurs protocoles.\" \/>\n<meta property=\"og:url\" content=\"https:\/\/cryobliss.fr\/en\/professionnels\/\" \/>\n<meta property=\"og:site_name\" content=\"CryoBliss\" \/>\n<meta property=\"article:publisher\" content=\"https:\/\/www.facebook.com\/profile.php?id=61573490257929\" \/>\n<meta property=\"article:modified_time\" content=\"2025-10-06T17:28:02+00:00\" \/>\n<meta name=\"twitter:card\" content=\"summary_large_image\" \/>\n<meta name=\"twitter:label1\" content=\"Est. reading time\" \/>\n\t<meta name=\"twitter:data1\" content=\"1 minute\" \/>\n<script type=\"application\/ld+json\" class=\"yoast-schema-graph\">{\"@context\":\"https:\\\/\\\/schema.org\",\"@graph\":[{\"@type\":\"WebPage\",\"@id\":\"https:\\\/\\\/cryobliss.fr\\\/professionnels\\\/\",\"url\":\"https:\\\/\\\/cryobliss.fr\\\/professionnels\\\/\",\"name\":\"Professionnels - CryoBliss\",\"isPartOf\":{\"@id\":\"https:\\\/\\\/cryobliss.fr\\\/#website\"},\"datePublished\":\"2025-03-16T17:36:25+00:00\",\"dateModified\":\"2025-10-06T17:28:02+00:00\",\"description\":\"CryoBliss propose aux professionnels de sant\u00e9 et aux kin\u00e9sith\u00e9rapeutes d'int\u00e9grer la cryoth\u00e9rapie dans leurs protocoles.\",\"breadcrumb\":{\"@id\":\"https:\\\/\\\/cryobliss.fr\\\/professionnels\\\/#breadcrumb\"},\"inLanguage\":\"en-US\",\"potentialAction\":[{\"@type\":\"ReadAction\",\"target\":[\"https:\\\/\\\/cryobliss.fr\\\/professionnels\\\/\"]}]},{\"@type\":\"BreadcrumbList\",\"@id\":\"https:\\\/\\\/cryobliss.fr\\\/professionnels\\\/#breadcrumb\",\"itemListElement\":[{\"@type\":\"ListItem\",\"position\":1,\"name\":\"Accueil\",\"item\":\"https:\\\/\\\/cryobliss.fr\\\/fr\\\/\"},{\"@type\":\"ListItem\",\"position\":2,\"name\":\"Professionnels\"}]},{\"@type\":\"WebSite\",\"@id\":\"https:\\\/\\\/cryobliss.fr\\\/#website\",\"url\":\"https:\\\/\\\/cryobliss.fr\\\/\",\"name\":\"CryoBliss\",\"description\":\"Le studio bien-\u00eatre \u00e0 Paris\",\"publisher\":{\"@id\":\"https:\\\/\\\/cryobliss.fr\\\/#organization\"},\"potentialAction\":[{\"@type\":\"SearchAction\",\"target\":{\"@type\":\"EntryPoint\",\"urlTemplate\":\"https:\\\/\\\/cryobliss.fr\\\/?s={search_term_string}\"},\"query-input\":{\"@type\":\"PropertyValueSpecification\",\"valueRequired\":true,\"valueName\":\"search_term_string\"}}],\"inLanguage\":\"en-US\"},{\"@type\":\"Organization\",\"@id\":\"https:\\\/\\\/cryobliss.fr\\\/#organization\",\"name\":\"CryoBliss\",\"url\":\"https:\\\/\\\/cryobliss.fr\\\/\",\"logo\":{\"@type\":\"ImageObject\",\"inLanguage\":\"en-US\",\"@id\":\"https:\\\/\\\/cryobliss.fr\\\/#\\\/schema\\\/logo\\\/image\\\/\",\"url\":\"https:\\\/\\\/cryobliss.fr\\\/wp-content\\\/uploads\\\/2025\\\/06\\\/cryobliss-favicon.png\",\"contentUrl\":\"https:\\\/\\\/cryobliss.fr\\\/wp-content\\\/uploads\\\/2025\\\/06\\\/cryobliss-favicon.png\",\"width\":512,\"height\":512,\"caption\":\"CryoBliss\"},\"image\":{\"@id\":\"https:\\\/\\\/cryobliss.fr\\\/#\\\/schema\\\/logo\\\/image\\\/\"},\"sameAs\":[\"https:\\\/\\\/www.facebook.com\\\/profile.php?id=61573490257929\",\"https:\\\/\\\/www.instagram.com\\\/cryoblissparis\\\/\",\"https:\\\/\\\/api.whatsapp.com\\\/message\\\/FRW27F4IHIOIB1?autoload=1&app_absent=0\"]}]}<\/script>\n<!-- \/ Yoast SEO plugin. -->","yoast_head_json":{"title":"Professionals - CryoBliss","description":"CryoBliss offers healthcare professionals and physiotherapists the opportunity to integrate cryotherapy into their protocols.","robots":{"index":"index","follow":"follow","max-snippet":"max-snippet:-1","max-image-preview":"max-image-preview:large","max-video-preview":"max-video-preview:-1"},"canonical":"https:\/\/cryobliss.fr\/en\/professionnels\/","og_locale":"en_US","og_type":"article","og_title":"Professionnels - CryoBliss","og_description":"CryoBliss propose aux professionnels de sant\u00e9 et aux kin\u00e9sith\u00e9rapeutes d'int\u00e9grer la cryoth\u00e9rapie dans leurs protocoles.","og_url":"https:\/\/cryobliss.fr\/en\/professionnels\/","og_site_name":"CryoBliss","article_publisher":"https:\/\/www.facebook.com\/profile.php?id=61573490257929","article_modified_time":"2025-10-06T17:28:02+00:00","twitter_card":"summary_large_image","twitter_misc":{"Est. reading time":"1 minute"},"schema":{"@context":"https:\/\/schema.org","@graph":[{"@type":"WebPage","@id":"https:\/\/cryobliss.fr\/professionnels\/","url":"https:\/\/cryobliss.fr\/professionnels\/","name":"Professionals - CryoBliss","isPartOf":{"@id":"https:\/\/cryobliss.fr\/#website"},"datePublished":"2025-03-16T17:36:25+00:00","dateModified":"2025-10-06T17:28:02+00:00","description":"CryoBliss offers healthcare professionals and physiotherapists the opportunity to integrate cryotherapy into their protocols.","breadcrumb":{"@id":"https:\/\/cryobliss.fr\/professionnels\/#breadcrumb"},"inLanguage":"en-US","potentialAction":[{"@type":"ReadAction","target":["https:\/\/cryobliss.fr\/professionnels\/"]}]},{"@type":"BreadcrumbList","@id":"https:\/\/cryobliss.fr\/professionnels\/#breadcrumb","itemListElement":[{"@type":"ListItem","position":1,"name":"Accueil","item":"https:\/\/cryobliss.fr\/fr\/"},{"@type":"ListItem","position":2,"name":"Professionnels"}]},{"@type":"WebSite","@id":"https:\/\/cryobliss.fr\/#website","url":"https:\/\/cryobliss.fr\/","name":"CryoBliss","description":"The wellness studio in Paris","publisher":{"@id":"https:\/\/cryobliss.fr\/#organization"},"potentialAction":[{"@type":"SearchAction","target":{"@type":"EntryPoint","urlTemplate":"https:\/\/cryobliss.fr\/?s={search_term_string}"},"query-input":{"@type":"PropertyValueSpecification","valueRequired":true,"valueName":"search_term_string"}}],"inLanguage":"en-US"},{"@type":"Organization","@id":"https:\/\/cryobliss.fr\/#organization","name":"CryoBliss","url":"https:\/\/cryobliss.fr\/","logo":{"@type":"ImageObject","inLanguage":"en-US","@id":"https:\/\/cryobliss.fr\/#\/schema\/logo\/image\/","url":"https:\/\/cryobliss.fr\/wp-content\/uploads\/2025\/06\/cryobliss-favicon.png","contentUrl":"https:\/\/cryobliss.fr\/wp-content\/uploads\/2025\/06\/cryobliss-favicon.png","width":512,"height":512,"caption":"CryoBliss"},"image":{"@id":"https:\/\/cryobliss.fr\/#\/schema\/logo\/image\/"},"sameAs":["https:\/\/www.facebook.com\/profile.php?id=61573490257929","https:\/\/www.instagram.com\/cryoblissparis\/","https:\/\/api.whatsapp.com\/message\/FRW27F4IHIOIB1?autoload=1&app_absent=0"]}]}},"_links":{"self":[{"href":"https:\/\/cryobliss.fr\/en\/wp-json\/wp\/v2\/pages\/1791","targetHints":{"allow":["GET"]}}],"collection":[{"href":"https:\/\/cryobliss.fr\/en\/wp-json\/wp\/v2\/pages"}],"about":[{"href":"https:\/\/cryobliss.fr\/en\/wp-json\/wp\/v2\/types\/page"}],"author":[{"embeddable":true,"href":"https:\/\/cryobliss.fr\/en\/wp-json\/wp\/v2\/users\/1"}],"replies":[{"embeddable":true,"href":"https:\/\/cryobliss.fr\/en\/wp-json\/wp\/v2\/comments?post=1791"}],"version-history":[{"count":12,"href":"https:\/\/cryobliss.fr\/en\/wp-json\/wp\/v2\/pages\/1791\/revisions"}],"predecessor-version":[{"id":8346,"href":"https:\/\/cryobliss.fr\/en\/wp-json\/wp\/v2\/pages\/1791\/revisions\/8346"}],"wp:attachment":[{"href":"https:\/\/cryobliss.fr\/en\/wp-json\/wp\/v2\/media?parent=1791"}],"curies":[{"name":"wp","href":"https:\/\/api.w.org\/{rel}","templated":true}]}}