{"id":3,"date":"2025-03-10T22:21:38","date_gmt":"2025-03-10T21:21:38","guid":{"rendered":"http:\/\/caljlqu.cluster100.hosting.ovh.net\/?page_id=3"},"modified":"2025-05-10T14:51:06","modified_gmt":"2025-05-10T12:51:06","slug":"politique-de-confidentialite","status":"publish","type":"page","link":"https:\/\/cryobliss.fr\/en\/politique-de-confidentialite\/","title":{"rendered":"Privacy Policy"},"content":{"rendered":"<div data-elementor-type=\"wp-page\" data-elementor-id=\"3\" class=\"elementor elementor-3\" data-elementor-post-type=\"page\">\n\t\t\t\t<div class=\"elementor-element elementor-element-9c89c24 e-flex e-con-boxed parallax_section_no qode_elementor_container_no e-con e-parent\" data-id=\"9c89c24\" data-element_type=\"container\" data-e-type=\"container\">\n\t\t\t\t\t<div class=\"e-con-inner\">\n\t\t\t\t<div class=\"elementor-element elementor-element-0fda93a exad-sticky-section-no exad-glass-effect-no elementor-widget elementor-widget-spacer\" data-id=\"0fda93a\" data-element_type=\"widget\" data-e-type=\"widget\" data-widget_type=\"spacer.default\">\n\t\t\t\t<div class=\"elementor-widget-container\">\n\t\t\t\t\t\t\t<div class=\"elementor-spacer\">\n\t\t\t<div class=\"elementor-spacer-inner\"><\/div>\n\t\t<\/div>\n\t\t\t\t\t\t<\/div>\n\t\t\t\t<\/div>\n\t\t\t\t<div class=\"elementor-element elementor-element-ae681ee exad-sticky-section-no exad-glass-effect-no elementor-widget elementor-widget-heading\" data-id=\"ae681ee\" data-element_type=\"widget\" data-e-type=\"widget\" data-widget_type=\"heading.default\">\n\t\t\t\t<div class=\"elementor-widget-container\">\n\t\t\t\t\t<h2 class=\"elementor-heading-title elementor-size-default\">PRIVACY POLICY<\/h2>\t\t\t\t<\/div>\n\t\t\t\t<\/div>\n\t\t\t\t<div class=\"elementor-element elementor-element-ae0c918 exad-sticky-section-no exad-glass-effect-no elementor-widget elementor-widget-spacer\" data-id=\"ae0c918\" data-element_type=\"widget\" data-e-type=\"widget\" data-widget_type=\"spacer.default\">\n\t\t\t\t<div class=\"elementor-widget-container\">\n\t\t\t\t\t\t\t<div class=\"elementor-spacer\">\n\t\t\t<div class=\"elementor-spacer-inner\"><\/div>\n\t\t<\/div>\n\t\t\t\t\t\t<\/div>\n\t\t\t\t<\/div>\n\t\t\t\t\t<\/div>\n\t\t\t\t<\/div>\n\t\t<div class=\"elementor-element elementor-element-2fd0624e e-flex e-con-boxed parallax_section_no qode_elementor_container_no e-con e-parent\" data-id=\"2fd0624e\" data-element_type=\"container\" data-e-type=\"container\">\n\t\t\t\t\t<div class=\"e-con-inner\">\n\t\t\t\t<div class=\"elementor-element elementor-element-b9d2567 exad-sticky-section-no exad-glass-effect-no elementor-widget elementor-widget-text-editor\" data-id=\"b9d2567\" data-element_type=\"widget\" data-e-type=\"widget\" data-widget_type=\"text-editor.default\">\n\t\t\t\t<div class=\"elementor-widget-container\">\n\t\t\t\t\t\t\t\t\t\n<p><span style=\"font-weight: 400;\">At the house of <\/span><b>CryoBliss<\/b><span style=\"font-weight: 400;\">, we place the utmost importance on the protection of your personal data. This policy describes how we collect, use and protect your information in compliance with the <\/span><b>General Data Protection Regulation (GDPR)<\/b><span style=\"font-weight: 400;\">.<\/span><\/p>\n<p>\u00a0<\/p>\n<p>\u00a0<\/p>\n<h3 class=\"wp-block-heading\"><b>1. Data collected<\/b><\/h3>\n<p><span style=\"font-weight: 400;\">We collect the following information via:<\/span><\/p>\n<p><span style=\"font-weight: 400;\">\u2013 The contact form<\/span><\/p>\n<p><span style=\"font-weight: 400;\">\u2013 The reservation system (Mindbody)<\/span><\/p>\n<p><span style=\"font-weight: 400;\">\u2013 Subscription to the newsletter<\/span><\/p>\n<p><span style=\"font-weight: 400;\">\u00a0<\/span><\/p>\n<p><span style=\"font-weight: 400;\">The data concerned are:<\/span><\/p>\n<p><span style=\"font-weight: 400;\">- First and last name<\/span><\/p>\n<p><span style=\"font-weight: 400;\">- E-mail address<\/span><\/p>\n<p><span style=\"font-weight: 400;\">\u2013 Phone number<\/span><\/p>\n<p><span style=\"font-weight: 400;\">\u2013 Postal address<\/span><\/p>\n<p><span style=\"font-weight: 400;\">\u2013 Protocol generated by the CryoApp (not considered health data)<\/span><span style=\"font-weight: 400;\"><br \/><\/span><span style=\"font-weight: 400;\"><br \/><br \/><\/span><\/p>\n<h3><b>2. Purposes of processing<\/b><\/h3>\n<p><span style=\"font-weight: 400;\">The collected data is used for the following purposes:<\/span><\/p>\n<p><span style=\"font-weight: 400;\">\u2013 Appointment booking<\/span><\/p>\n<p><span style=\"font-weight: 400;\">\u2013 Customer relationship management<\/span><\/p>\n<p><span style=\"font-weight: 400;\">\u2013 Sending information and newsletters<\/span><span style=\"font-weight: 400;\"><br \/><\/span><span style=\"font-weight: 400;\"><br \/><br \/><\/span><\/p>\n<h3><b>3. Cookies<\/b><\/h3>\n<p><span style=\"font-weight: 400;\">We use cookies for statistical analysis and advertising tracking purposes, including:<\/span><\/p>\n<p><span style=\"font-weight: 400;\">\u2013 Google Analytics<\/span><\/p>\n<p><span style=\"font-weight: 400;\">\u2013 Facebook Pixel<\/span><\/p>\n<p><span style=\"font-weight: 400;\">\u2013 Other third-party marketing tools that may be integrated into the site later<\/span><span style=\"font-weight: 400;\"><br \/><br \/><\/span><\/p>\n<p><span style=\"font-weight: 400;\">During your first visit, a banner allows you to consent or refuse the use of these cookies.<\/span><\/p>\n<p>\u00a0<\/p>\n<p>\u00a0<\/p>\n<h3><b>4. Retention period<\/b><\/h3>\n<p><span style=\"font-weight: 400;\">The data is kept for the period strictly necessary for the aforementioned purposes and for a maximum of the periods authorized by current European legislation.<\/span><\/p>\n<p>\u00a0<\/p>\n<p>\u00a0<\/p>\n<h3><b>5. Recipients and subcontractors<\/b><\/h3>\n<p><span style=\"font-weight: 400;\">Your data may be transmitted to the following service providers:<\/span><\/p>\n<p><b>\u2013 Mindbody<\/b><span style=\"font-weight: 400;\"> (booking and appointment management)<\/span><\/p>\n<p><b>\u2013 Mailchimp<\/b><span style=\"font-weight: 400;\"> (sending newsletters)<\/span><\/p>\n<p><span style=\"font-weight: 400;\">These service providers are subject to confidentiality and security obligations in accordance with the GDPR.<\/span><\/p>\n<p>\u00a0<\/p>\n<p>\u00a0<\/p>\n<h3><b>6. Data hosting<\/b><\/h3>\n<p><span style=\"font-weight: 400;\">The CryoBliss website is hosted by <\/span><b>OVH<\/b><span style=\"font-weight: 400;\">, located in France, guaranteeing data storage within the European Union.<\/span><\/p>\n<p>\u00a0<\/p>\n<p>\u00a0<\/p>\n<h3><b>7. Data security<\/b><\/h3>\n<p><span style=\"font-weight: 400;\">We implement technical and organizational measures to ensure the security of your personal data and prevent unauthorized access.<\/span><\/p>\n<p>\u00a0<\/p>\n<p>\u00a0<\/p>\n<h3><b>8. Your rights<\/b><\/h3>\n<p><span style=\"font-weight: 400;\">In accordance with the GDPR, you have the following rights:<\/span><\/p>\n<p><span style=\"font-weight: 400;\">\u2013 Right of access to your data<\/span><\/p>\n<p><span style=\"font-weight: 400;\">\u2013 Right of rectification<\/span><\/p>\n<p><span style=\"font-weight: 400;\">\u2013 Right to erasure<\/span><\/p>\n<p><span style=\"font-weight: 400;\">\u2013 Right of opposition<\/span><\/p>\n<p><span style=\"font-weight: 400;\">\u2013 Right to restriction of processing<\/span><\/p>\n<p><span style=\"font-weight: 400;\">\u2013 Right to portability<\/span><\/p>\n<p><span style=\"font-weight: 400;\">You can exercise these rights at any time by sending an email to <\/span><b>contact@cryobliss.fr<\/b><span style=\"font-weight: 400;\">.<\/span><\/p>\n<p>\u00a0<\/p>\n<p>\u00a0<\/p>\n<h3><b>9. Contact<\/b><\/h3>\n<p><span style=\"font-weight: 400;\">For any questions regarding your personal data or to exercise your rights, you can contact us at:<\/span><\/p>\n<p><b>CRYOBLISS \u2013 48 rue Galil\u00e9e, 75116 Paris<\/b><b><br \/><\/b><span style=\"font-weight: 400;\">Email: <\/span><b>contact@cryobliss.fr<\/b><\/p>\n<h3><br \/><br \/><\/h3>\n<p>\u00a0<\/p>\n<p>\u00a0<\/p>\n\t\t\t\t\t\t\t\t<\/div>\n\t\t\t\t<\/div>\n\t\t\t\t\t<\/div>\n\t\t\t\t<\/div>\n\t\t\t\t<\/div>","protected":false},"excerpt":{"rendered":"<p>PRIVACY POLICY At CryoBliss, we place paramount importance on the protection of your personal data. This policy describes how we collect, use, and protect your information in accordance with the General Data Protection Regulation (GDPR). 1. Data collected\u2026<\/p>","protected":false},"author":1,"featured_media":0,"parent":0,"menu_order":0,"comment_status":"closed","ping_status":"open","template":"full_width.php","meta":{"footnotes":""},"class_list":["post-3","page","type-page","status-publish","hentry"],"yoast_head":"<!-- This site is optimized with the Yoast SEO plugin v27.4 - https:\/\/yoast.com\/product\/yoast-seo-wordpress\/ -->\n<title>Politique de confidentialit\u00e9 - CryoBliss<\/title>\n<meta name=\"robots\" content=\"index, follow, max-snippet:-1, max-image-preview:large, max-video-preview:-1\" \/>\n<link rel=\"canonical\" href=\"https:\/\/cryobliss.fr\/en\/politique-de-confidentialite\/\" \/>\n<meta property=\"og:locale\" content=\"en_US\" \/>\n<meta property=\"og:type\" content=\"article\" \/>\n<meta property=\"og:title\" content=\"Politique de confidentialit\u00e9 - CryoBliss\" \/>\n<meta property=\"og:description\" content=\"POLITIQUE DE CONFIDENTIALIT\u00c9 Chez CryoBliss, nous accordons une importance primordiale \u00e0 la protection de vos donn\u00e9es personnelles. Cette politique d\u00e9crit comment nous collectons, utilisons et prot\u00e9geons vos informations dans le respect du R\u00e8glement G\u00e9n\u00e9ral sur la Protection des Donn\u00e9es (RGPD). \u00a0 \u00a0 1. Donn\u00e9es collect\u00e9es...\" \/>\n<meta property=\"og:url\" content=\"https:\/\/cryobliss.fr\/en\/politique-de-confidentialite\/\" \/>\n<meta property=\"og:site_name\" content=\"CryoBliss\" \/>\n<meta property=\"article:publisher\" content=\"https:\/\/www.facebook.com\/profile.php?id=61573490257929\" \/>\n<meta property=\"article:modified_time\" content=\"2025-05-10T12:51:06+00:00\" \/>\n<meta name=\"twitter:card\" content=\"summary_large_image\" \/>\n<meta name=\"twitter:label1\" content=\"Est. reading time\" \/>\n\t<meta name=\"twitter:data1\" content=\"2 minutes\" \/>\n<script type=\"application\/ld+json\" class=\"yoast-schema-graph\">{\"@context\":\"https:\\\/\\\/schema.org\",\"@graph\":[{\"@type\":\"WebPage\",\"@id\":\"https:\\\/\\\/cryobliss.fr\\\/politique-de-confidentialite\\\/\",\"url\":\"https:\\\/\\\/cryobliss.fr\\\/politique-de-confidentialite\\\/\",\"name\":\"Politique de confidentialit\u00e9 - CryoBliss\",\"isPartOf\":{\"@id\":\"https:\\\/\\\/cryobliss.fr\\\/#website\"},\"datePublished\":\"2025-03-10T21:21:38+00:00\",\"dateModified\":\"2025-05-10T12:51:06+00:00\",\"breadcrumb\":{\"@id\":\"https:\\\/\\\/cryobliss.fr\\\/politique-de-confidentialite\\\/#breadcrumb\"},\"inLanguage\":\"en-US\",\"potentialAction\":[{\"@type\":\"ReadAction\",\"target\":[\"https:\\\/\\\/cryobliss.fr\\\/politique-de-confidentialite\\\/\"]}]},{\"@type\":\"BreadcrumbList\",\"@id\":\"https:\\\/\\\/cryobliss.fr\\\/politique-de-confidentialite\\\/#breadcrumb\",\"itemListElement\":[{\"@type\":\"ListItem\",\"position\":1,\"name\":\"Accueil\",\"item\":\"https:\\\/\\\/cryobliss.fr\\\/fr\\\/\"},{\"@type\":\"ListItem\",\"position\":2,\"name\":\"Politique de confidentialit\u00e9\"}]},{\"@type\":\"WebSite\",\"@id\":\"https:\\\/\\\/cryobliss.fr\\\/#website\",\"url\":\"https:\\\/\\\/cryobliss.fr\\\/\",\"name\":\"CryoBliss\",\"description\":\"Le studio bien-\u00eatre \u00e0 Paris\",\"publisher\":{\"@id\":\"https:\\\/\\\/cryobliss.fr\\\/#organization\"},\"potentialAction\":[{\"@type\":\"SearchAction\",\"target\":{\"@type\":\"EntryPoint\",\"urlTemplate\":\"https:\\\/\\\/cryobliss.fr\\\/?s={search_term_string}\"},\"query-input\":{\"@type\":\"PropertyValueSpecification\",\"valueRequired\":true,\"valueName\":\"search_term_string\"}}],\"inLanguage\":\"en-US\"},{\"@type\":\"Organization\",\"@id\":\"https:\\\/\\\/cryobliss.fr\\\/#organization\",\"name\":\"CryoBliss\",\"url\":\"https:\\\/\\\/cryobliss.fr\\\/\",\"logo\":{\"@type\":\"ImageObject\",\"inLanguage\":\"en-US\",\"@id\":\"https:\\\/\\\/cryobliss.fr\\\/#\\\/schema\\\/logo\\\/image\\\/\",\"url\":\"https:\\\/\\\/cryobliss.fr\\\/wp-content\\\/uploads\\\/2025\\\/06\\\/cryobliss-favicon.png\",\"contentUrl\":\"https:\\\/\\\/cryobliss.fr\\\/wp-content\\\/uploads\\\/2025\\\/06\\\/cryobliss-favicon.png\",\"width\":512,\"height\":512,\"caption\":\"CryoBliss\"},\"image\":{\"@id\":\"https:\\\/\\\/cryobliss.fr\\\/#\\\/schema\\\/logo\\\/image\\\/\"},\"sameAs\":[\"https:\\\/\\\/www.facebook.com\\\/profile.php?id=61573490257929\",\"https:\\\/\\\/www.instagram.com\\\/cryoblissparis\\\/\",\"https:\\\/\\\/api.whatsapp.com\\\/message\\\/FRW27F4IHIOIB1?autoload=1&app_absent=0\"]}]}<\/script>\n<!-- \/ Yoast SEO plugin. -->","yoast_head_json":{"title":"Privacy Policy - CryoBliss","robots":{"index":"index","follow":"follow","max-snippet":"max-snippet:-1","max-image-preview":"max-image-preview:large","max-video-preview":"max-video-preview:-1"},"canonical":"https:\/\/cryobliss.fr\/en\/politique-de-confidentialite\/","og_locale":"en_US","og_type":"article","og_title":"Politique de confidentialit\u00e9 - CryoBliss","og_description":"POLITIQUE DE CONFIDENTIALIT\u00c9 Chez CryoBliss, nous accordons une importance primordiale \u00e0 la protection de vos donn\u00e9es personnelles. Cette politique d\u00e9crit comment nous collectons, utilisons et prot\u00e9geons vos informations dans le respect du R\u00e8glement G\u00e9n\u00e9ral sur la Protection des Donn\u00e9es (RGPD). \u00a0 \u00a0 1. Donn\u00e9es collect\u00e9es...","og_url":"https:\/\/cryobliss.fr\/en\/politique-de-confidentialite\/","og_site_name":"CryoBliss","article_publisher":"https:\/\/www.facebook.com\/profile.php?id=61573490257929","article_modified_time":"2025-05-10T12:51:06+00:00","twitter_card":"summary_large_image","twitter_misc":{"Est. reading time":"2 minutes"},"schema":{"@context":"https:\/\/schema.org","@graph":[{"@type":"WebPage","@id":"https:\/\/cryobliss.fr\/politique-de-confidentialite\/","url":"https:\/\/cryobliss.fr\/politique-de-confidentialite\/","name":"Privacy Policy - CryoBliss","isPartOf":{"@id":"https:\/\/cryobliss.fr\/#website"},"datePublished":"2025-03-10T21:21:38+00:00","dateModified":"2025-05-10T12:51:06+00:00","breadcrumb":{"@id":"https:\/\/cryobliss.fr\/politique-de-confidentialite\/#breadcrumb"},"inLanguage":"en-US","potentialAction":[{"@type":"ReadAction","target":["https:\/\/cryobliss.fr\/politique-de-confidentialite\/"]}]},{"@type":"BreadcrumbList","@id":"https:\/\/cryobliss.fr\/politique-de-confidentialite\/#breadcrumb","itemListElement":[{"@type":"ListItem","position":1,"name":"Accueil","item":"https:\/\/cryobliss.fr\/fr\/"},{"@type":"ListItem","position":2,"name":"Politique de confidentialit\u00e9"}]},{"@type":"WebSite","@id":"https:\/\/cryobliss.fr\/#website","url":"https:\/\/cryobliss.fr\/","name":"CryoBliss","description":"The wellness studio in Paris","publisher":{"@id":"https:\/\/cryobliss.fr\/#organization"},"potentialAction":[{"@type":"SearchAction","target":{"@type":"EntryPoint","urlTemplate":"https:\/\/cryobliss.fr\/?s={search_term_string}"},"query-input":{"@type":"PropertyValueSpecification","valueRequired":true,"valueName":"search_term_string"}}],"inLanguage":"en-US"},{"@type":"Organization","@id":"https:\/\/cryobliss.fr\/#organization","name":"CryoBliss","url":"https:\/\/cryobliss.fr\/","logo":{"@type":"ImageObject","inLanguage":"en-US","@id":"https:\/\/cryobliss.fr\/#\/schema\/logo\/image\/","url":"https:\/\/cryobliss.fr\/wp-content\/uploads\/2025\/06\/cryobliss-favicon.png","contentUrl":"https:\/\/cryobliss.fr\/wp-content\/uploads\/2025\/06\/cryobliss-favicon.png","width":512,"height":512,"caption":"CryoBliss"},"image":{"@id":"https:\/\/cryobliss.fr\/#\/schema\/logo\/image\/"},"sameAs":["https:\/\/www.facebook.com\/profile.php?id=61573490257929","https:\/\/www.instagram.com\/cryoblissparis\/","https:\/\/api.whatsapp.com\/message\/FRW27F4IHIOIB1?autoload=1&app_absent=0"]}]}},"_links":{"self":[{"href":"https:\/\/cryobliss.fr\/en\/wp-json\/wp\/v2\/pages\/3","targetHints":{"allow":["GET"]}}],"collection":[{"href":"https:\/\/cryobliss.fr\/en\/wp-json\/wp\/v2\/pages"}],"about":[{"href":"https:\/\/cryobliss.fr\/en\/wp-json\/wp\/v2\/types\/page"}],"author":[{"embeddable":true,"href":"https:\/\/cryobliss.fr\/en\/wp-json\/wp\/v2\/users\/1"}],"replies":[{"embeddable":true,"href":"https:\/\/cryobliss.fr\/en\/wp-json\/wp\/v2\/comments?post=3"}],"version-history":[{"count":0,"href":"https:\/\/cryobliss.fr\/en\/wp-json\/wp\/v2\/pages\/3\/revisions"}],"wp:attachment":[{"href":"https:\/\/cryobliss.fr\/en\/wp-json\/wp\/v2\/media?parent=3"}],"curies":[{"name":"wp","href":"https:\/\/api.w.org\/{rel}","templated":true}]}}