{"id":5163,"date":"2025-04-09T12:06:23","date_gmt":"2025-04-09T10:06:23","guid":{"rendered":"http:\/\/caljlqu.cluster100.hosting.ovh.net\/?page_id=5163"},"modified":"2026-03-26T17:11:14","modified_gmt":"2026-03-26T16:11:14","slug":"prise-de-rendez-vous","status":"publish","type":"page","link":"https:\/\/cryobliss.fr\/en\/prise-de-rendez-vous\/","title":{"rendered":"Appointment booking"},"content":{"rendered":"<div data-elementor-type=\"wp-page\" data-elementor-id=\"5163\" class=\"elementor elementor-5163\" data-elementor-post-type=\"page\">\n\t\t\t\t<div class=\"elementor-element elementor-element-c7b41cc e-flex e-con-boxed parallax_section_no qode_elementor_container_no e-con e-parent\" data-id=\"c7b41cc\" data-element_type=\"container\" data-e-type=\"container\">\n\t\t\t\t\t<div class=\"e-con-inner\">\n\t\t\t\t<div class=\"elementor-element elementor-element-815224d exad-sticky-section-no exad-glass-effect-no elementor-widget elementor-widget-spacer\" data-id=\"815224d\" data-element_type=\"widget\" data-e-type=\"widget\" data-widget_type=\"spacer.default\">\n\t\t\t\t<div class=\"elementor-widget-container\">\n\t\t\t\t\t\t\t<div class=\"elementor-spacer\">\n\t\t\t<div class=\"elementor-spacer-inner\"><\/div>\n\t\t<\/div>\n\t\t\t\t\t\t<\/div>\n\t\t\t\t<\/div>\n\t\t\t\t<div class=\"elementor-element elementor-element-d9fd635 exad-sticky-section-no exad-glass-effect-no elementor-widget elementor-widget-text-editor\" data-id=\"d9fd635\" data-element_type=\"widget\" data-e-type=\"widget\" data-widget_type=\"text-editor.default\">\n\t\t\t\t<div class=\"elementor-widget-container\">\n\t\t\t\t\t\t\t\t\t<div id=\"myContainerId\"><\/div>\n<style>\nbody {\n    color: unset;\n    font-size: 16px;\n    font-weight: 400;\n}\nh3, .h3, h3 a\n {\n    color: unset!important;\n}\np, body.qode-overridden-elementors-fonts .elementor-widget-heading p.elementor-heading-title {\n    color: unset;\n}\n<\/style>\n<script>\nvar container = document.getElementById('myContainerId');\nwindow.planity = {key: '-OiNngKA7dtGkUIZpiqp',\n    primaryColor: '#fff',\n    container: container,\n    options: {darkTheme: true,\n    }\n};\n<\/script>\n<script src=\"https:\/\/d2skjte8udjqxw.cloudfront.net\/widget\/production\/2\/polyfills.latest.js\"><\/script>\n<script src=\"https:\/\/d2skjte8udjqxw.cloudfront.net\/widget\/production\/2\/app.latest.js\"><\/script>\t\t\t\t\t\t\t\t<\/div>\n\t\t\t\t<\/div>\n\t\t\t\t\t<\/div>\n\t\t\t\t<\/div>\n\t\t\t\t<\/div>","protected":false},"excerpt":{"rendered":"","protected":false},"author":1,"featured_media":0,"parent":0,"menu_order":0,"comment_status":"closed","ping_status":"closed","template":"full_width.php","meta":{"footnotes":""},"class_list":["post-5163","page","type-page","status-publish","hentry"],"yoast_head":"<!-- This site is optimized with the Yoast SEO plugin v27.4 - https:\/\/yoast.com\/product\/yoast-seo-wordpress\/ -->\n<title>Prise de rendez-vous - CryoBliss<\/title>\n<meta name=\"description\" content=\"Prenez rendez-vous dans notre centre de bien-\u00eatre, nous vous accueillons pour des s\u00e9ances de cryoth\u00e9rapie et de pulsoth\u00e9rapie.\" \/>\n<meta name=\"robots\" content=\"index, follow, max-snippet:-1, max-image-preview:large, max-video-preview:-1\" \/>\n<link rel=\"canonical\" href=\"https:\/\/cryobliss.fr\/en\/prise-de-rendez-vous\/\" \/>\n<meta property=\"og:locale\" content=\"en_US\" \/>\n<meta property=\"og:type\" content=\"article\" \/>\n<meta property=\"og:title\" content=\"Prise de rendez-vous - CryoBliss\" \/>\n<meta property=\"og:description\" content=\"Prenez rendez-vous dans notre centre de bien-\u00eatre, nous vous accueillons pour des s\u00e9ances de cryoth\u00e9rapie et de pulsoth\u00e9rapie.\" \/>\n<meta property=\"og:url\" content=\"https:\/\/cryobliss.fr\/en\/prise-de-rendez-vous\/\" \/>\n<meta property=\"og:site_name\" content=\"CryoBliss\" \/>\n<meta property=\"article:publisher\" content=\"https:\/\/www.facebook.com\/profile.php?id=61573490257929\" \/>\n<meta property=\"article:modified_time\" content=\"2026-03-26T16:11:14+00:00\" \/>\n<meta name=\"twitter:card\" content=\"summary_large_image\" \/>\n<meta name=\"twitter:label1\" content=\"Est. reading time\" \/>\n\t<meta name=\"twitter:data1\" content=\"25 minutes\" \/>\n<script type=\"application\/ld+json\" class=\"yoast-schema-graph\">{\"@context\":\"https:\\\/\\\/schema.org\",\"@graph\":[{\"@type\":\"WebPage\",\"@id\":\"https:\\\/\\\/cryobliss.fr\\\/prise-de-rendez-vous\\\/\",\"url\":\"https:\\\/\\\/cryobliss.fr\\\/prise-de-rendez-vous\\\/\",\"name\":\"Prise de rendez-vous - CryoBliss\",\"isPartOf\":{\"@id\":\"https:\\\/\\\/cryobliss.fr\\\/#website\"},\"datePublished\":\"2025-04-09T10:06:23+00:00\",\"dateModified\":\"2026-03-26T16:11:14+00:00\",\"description\":\"Prenez rendez-vous dans notre centre de bien-\u00eatre, nous vous accueillons pour des s\u00e9ances de cryoth\u00e9rapie et de pulsoth\u00e9rapie.\",\"breadcrumb\":{\"@id\":\"https:\\\/\\\/cryobliss.fr\\\/prise-de-rendez-vous\\\/#breadcrumb\"},\"inLanguage\":\"en-US\",\"potentialAction\":[{\"@type\":\"ReadAction\",\"target\":[\"https:\\\/\\\/cryobliss.fr\\\/prise-de-rendez-vous\\\/\"]}]},{\"@type\":\"BreadcrumbList\",\"@id\":\"https:\\\/\\\/cryobliss.fr\\\/prise-de-rendez-vous\\\/#breadcrumb\",\"itemListElement\":[{\"@type\":\"ListItem\",\"position\":1,\"name\":\"Accueil\",\"item\":\"https:\\\/\\\/cryobliss.fr\\\/fr\\\/\"},{\"@type\":\"ListItem\",\"position\":2,\"name\":\"Prise de rendez-vous\"}]},{\"@type\":\"WebSite\",\"@id\":\"https:\\\/\\\/cryobliss.fr\\\/#website\",\"url\":\"https:\\\/\\\/cryobliss.fr\\\/\",\"name\":\"CryoBliss\",\"description\":\"Le studio bien-\u00eatre \u00e0 Paris\",\"publisher\":{\"@id\":\"https:\\\/\\\/cryobliss.fr\\\/#organization\"},\"potentialAction\":[{\"@type\":\"SearchAction\",\"target\":{\"@type\":\"EntryPoint\",\"urlTemplate\":\"https:\\\/\\\/cryobliss.fr\\\/?s={search_term_string}\"},\"query-input\":{\"@type\":\"PropertyValueSpecification\",\"valueRequired\":true,\"valueName\":\"search_term_string\"}}],\"inLanguage\":\"en-US\"},{\"@type\":\"Organization\",\"@id\":\"https:\\\/\\\/cryobliss.fr\\\/#organization\",\"name\":\"CryoBliss\",\"url\":\"https:\\\/\\\/cryobliss.fr\\\/\",\"logo\":{\"@type\":\"ImageObject\",\"inLanguage\":\"en-US\",\"@id\":\"https:\\\/\\\/cryobliss.fr\\\/#\\\/schema\\\/logo\\\/image\\\/\",\"url\":\"https:\\\/\\\/cryobliss.fr\\\/wp-content\\\/uploads\\\/2025\\\/06\\\/cryobliss-favicon.png\",\"contentUrl\":\"https:\\\/\\\/cryobliss.fr\\\/wp-content\\\/uploads\\\/2025\\\/06\\\/cryobliss-favicon.png\",\"width\":512,\"height\":512,\"caption\":\"CryoBliss\"},\"image\":{\"@id\":\"https:\\\/\\\/cryobliss.fr\\\/#\\\/schema\\\/logo\\\/image\\\/\"},\"sameAs\":[\"https:\\\/\\\/www.facebook.com\\\/profile.php?id=61573490257929\",\"https:\\\/\\\/www.instagram.com\\\/cryoblissparis\\\/\",\"https:\\\/\\\/api.whatsapp.com\\\/message\\\/FRW27F4IHIOIB1?autoload=1&app_absent=0\"]}]}<\/script>\n<!-- \/ Yoast SEO plugin. -->","yoast_head_json":{"title":"Book an appointment - CryoBliss","description":"Make an appointment at our wellness center, we welcome you for cryotherapy and pulse therapy sessions.","robots":{"index":"index","follow":"follow","max-snippet":"max-snippet:-1","max-image-preview":"max-image-preview:large","max-video-preview":"max-video-preview:-1"},"canonical":"https:\/\/cryobliss.fr\/en\/prise-de-rendez-vous\/","og_locale":"en_US","og_type":"article","og_title":"Prise de rendez-vous - CryoBliss","og_description":"Prenez rendez-vous dans notre centre de bien-\u00eatre, nous vous accueillons pour des s\u00e9ances de cryoth\u00e9rapie et de pulsoth\u00e9rapie.","og_url":"https:\/\/cryobliss.fr\/en\/prise-de-rendez-vous\/","og_site_name":"CryoBliss","article_publisher":"https:\/\/www.facebook.com\/profile.php?id=61573490257929","article_modified_time":"2026-03-26T16:11:14+00:00","twitter_card":"summary_large_image","twitter_misc":{"Est. reading time":"25 minutes"},"schema":{"@context":"https:\/\/schema.org","@graph":[{"@type":"WebPage","@id":"https:\/\/cryobliss.fr\/prise-de-rendez-vous\/","url":"https:\/\/cryobliss.fr\/prise-de-rendez-vous\/","name":"Book an appointment - CryoBliss","isPartOf":{"@id":"https:\/\/cryobliss.fr\/#website"},"datePublished":"2025-04-09T10:06:23+00:00","dateModified":"2026-03-26T16:11:14+00:00","description":"Make an appointment at our wellness center, we welcome you for cryotherapy and pulse therapy sessions.","breadcrumb":{"@id":"https:\/\/cryobliss.fr\/prise-de-rendez-vous\/#breadcrumb"},"inLanguage":"en-US","potentialAction":[{"@type":"ReadAction","target":["https:\/\/cryobliss.fr\/prise-de-rendez-vous\/"]}]},{"@type":"BreadcrumbList","@id":"https:\/\/cryobliss.fr\/prise-de-rendez-vous\/#breadcrumb","itemListElement":[{"@type":"ListItem","position":1,"name":"Accueil","item":"https:\/\/cryobliss.fr\/fr\/"},{"@type":"ListItem","position":2,"name":"Prise de rendez-vous"}]},{"@type":"WebSite","@id":"https:\/\/cryobliss.fr\/#website","url":"https:\/\/cryobliss.fr\/","name":"CryoBliss","description":"The wellness studio in Paris","publisher":{"@id":"https:\/\/cryobliss.fr\/#organization"},"potentialAction":[{"@type":"SearchAction","target":{"@type":"EntryPoint","urlTemplate":"https:\/\/cryobliss.fr\/?s={search_term_string}"},"query-input":{"@type":"PropertyValueSpecification","valueRequired":true,"valueName":"search_term_string"}}],"inLanguage":"en-US"},{"@type":"Organization","@id":"https:\/\/cryobliss.fr\/#organization","name":"CryoBliss","url":"https:\/\/cryobliss.fr\/","logo":{"@type":"ImageObject","inLanguage":"en-US","@id":"https:\/\/cryobliss.fr\/#\/schema\/logo\/image\/","url":"https:\/\/cryobliss.fr\/wp-content\/uploads\/2025\/06\/cryobliss-favicon.png","contentUrl":"https:\/\/cryobliss.fr\/wp-content\/uploads\/2025\/06\/cryobliss-favicon.png","width":512,"height":512,"caption":"CryoBliss"},"image":{"@id":"https:\/\/cryobliss.fr\/#\/schema\/logo\/image\/"},"sameAs":["https:\/\/www.facebook.com\/profile.php?id=61573490257929","https:\/\/www.instagram.com\/cryoblissparis\/","https:\/\/api.whatsapp.com\/message\/FRW27F4IHIOIB1?autoload=1&app_absent=0"]}]}},"_links":{"self":[{"href":"https:\/\/cryobliss.fr\/en\/wp-json\/wp\/v2\/pages\/5163","targetHints":{"allow":["GET"]}}],"collection":[{"href":"https:\/\/cryobliss.fr\/en\/wp-json\/wp\/v2\/pages"}],"about":[{"href":"https:\/\/cryobliss.fr\/en\/wp-json\/wp\/v2\/types\/page"}],"author":[{"embeddable":true,"href":"https:\/\/cryobliss.fr\/en\/wp-json\/wp\/v2\/users\/1"}],"replies":[{"embeddable":true,"href":"https:\/\/cryobliss.fr\/en\/wp-json\/wp\/v2\/comments?post=5163"}],"version-history":[{"count":36,"href":"https:\/\/cryobliss.fr\/en\/wp-json\/wp\/v2\/pages\/5163\/revisions"}],"predecessor-version":[{"id":8720,"href":"https:\/\/cryobliss.fr\/en\/wp-json\/wp\/v2\/pages\/5163\/revisions\/8720"}],"wp:attachment":[{"href":"https:\/\/cryobliss.fr\/en\/wp-json\/wp\/v2\/media?parent=5163"}],"curies":[{"name":"wp","href":"https:\/\/api.w.org\/{rel}","templated":true}]}}