{"id":8674,"date":"2026-02-27T15:35:12","date_gmt":"2026-02-27T14:35:12","guid":{"rendered":"https:\/\/cryobliss.fr\/?page_id=8674"},"modified":"2026-02-27T15:41:10","modified_gmt":"2026-02-27T14:41:10","slug":"centre-cryotherapie-pres-neuilly-sur-seine","status":"publish","type":"page","link":"https:\/\/cryobliss.fr\/en\/centre-cryotherapie-pres-neuilly-sur-seine\/","title":{"rendered":"Centre de cryoth\u00e9rapie pr\u00e8s de Neuilly-sur-Seine"},"content":{"rendered":"<div data-elementor-type=\"wp-page\" data-elementor-id=\"8674\" class=\"elementor elementor-8674\" data-elementor-post-type=\"page\">\n\t\t\t\t<div class=\"elementor-element elementor-element-b78e679 e-grid e-con-full parallax_section_no qode_elementor_container_no e-con e-parent\" data-id=\"b78e679\" data-element_type=\"container\" data-e-type=\"container\" data-settings=\"{&quot;background_background&quot;:&quot;classic&quot;}\">\n\t\t\t\t<div class=\"elementor-element elementor-element-b4b4f97 exad-sticky-section-no exad-glass-effect-no elementor-widget elementor-widget-spacer\" data-id=\"b4b4f97\" data-element_type=\"widget\" data-e-type=\"widget\" data-widget_type=\"spacer.default\">\n\t\t\t\t<div class=\"elementor-widget-container\">\n\t\t\t\t\t\t\t<div class=\"elementor-spacer\">\n\t\t\t<div class=\"elementor-spacer-inner\"><\/div>\n\t\t<\/div>\n\t\t\t\t\t\t<\/div>\n\t\t\t\t<\/div>\n\t\t<div class=\"elementor-element elementor-element-07c3b05 e-con-full e-flex parallax_section_no qode_elementor_container_no e-con e-child\" data-id=\"07c3b05\" data-element_type=\"container\" data-e-type=\"container\">\n\t\t\t\t<div class=\"elementor-element elementor-element-388481a exad-sticky-section-no exad-glass-effect-no elementor-widget elementor-widget-heading\" data-id=\"388481a\" data-element_type=\"widget\" data-e-type=\"widget\" data-widget_type=\"heading.default\">\n\t\t\t\t<div class=\"elementor-widget-container\">\n\t\t\t\t\t<h5 class=\"elementor-heading-title elementor-size-default\">WHOLE BODY<\/h5>\t\t\t\t<\/div>\n\t\t\t\t<\/div>\n\t\t\t\t<div class=\"elementor-element elementor-element-17fa802 exad-sticky-section-no exad-glass-effect-no elementor-widget elementor-widget-heading\" data-id=\"17fa802\" data-element_type=\"widget\" data-e-type=\"widget\" data-widget_type=\"heading.default\">\n\t\t\t\t<div class=\"elementor-widget-container\">\n\t\t\t\t\t<h1 class=\"elementor-heading-title elementor-size-default\">Centre de cryoth\u00e9rapie pr\u00e8s de Neuilly-sur-Seine<\/h1>\t\t\t\t<\/div>\n\t\t\t\t<\/div>\n\t\t\t\t<div class=\"elementor-element elementor-element-da0ce32 elementor-widget__width-auto exad-sticky-section-no exad-glass-effect-no elementor-widget elementor-widget-text-editor\" data-id=\"da0ce32\" data-element_type=\"widget\" data-e-type=\"widget\" data-widget_type=\"text-editor.default\">\n\t\t\t\t<div class=\"elementor-widget-container\">\n\t\t\t\t\t\t\t\t\t<p>Vous aimeriez tester ce nouveau concept de cryoth\u00e9rapie et \u00eates dans cette optique \u00e0 la recherche d\u2019un centre fiable et aux \u00e9quipements de pointe ? <strong>Et si vous d\u00e9couvriez votre institut CryoBliss ?<\/strong> Un espace con\u00e7u avec \u00e9l\u00e9gance et prestige, vous permettant de vous offrir le meilleur de la cryoth\u00e9rapie dans des conditions exceptionnelles. <strong>Vos conseillers CryoBliss vous accueillent sur rendez-vous dans votre centre de cryoth\u00e9rapie pr\u00e8s de Neuilly-sur-Seine<\/strong>.<\/p>\t\t\t\t\t\t\t\t<\/div>\n\t\t\t\t<\/div>\n\t\t\t\t<div class=\"elementor-element elementor-element-db63e48 exad-sticky-section-no exad-glass-effect-no elementor-widget elementor-widget-bridge_button_v2\" data-id=\"db63e48\" data-element_type=\"widget\" data-e-type=\"widget\" data-widget_type=\"bridge_button_v2.default\">\n\t\t\t\t<div class=\"elementor-widget-container\">\n\t\t\t\t\t\n\n\t<a href=\"\/en\/prise-de-rendez-vous\/\" target=\"_self\" style=\"color: #FD9B5C;font-size: 20px\" class=\"qode-btn qode-btn-medium qode-btn-simple qode-btn-custom-hover-color\" data-hover-color=\"#FD9B5C\" >\n\t    <span class=\"qode-btn-text\">Book your sessions<\/span>\t<\/a>\n\n\t\t\t\t<\/div>\n\t\t\t\t<\/div>\n\t\t\t\t<\/div>\n\t\t\t\t<\/div>\n\t\t<div class=\"elementor-element elementor-element-f1d06fe e-con-full e-grid parallax_section_no qode_elementor_container_no e-con e-parent\" data-id=\"f1d06fe\" data-element_type=\"container\" data-e-type=\"container\" data-settings=\"{&quot;background_background&quot;:&quot;classic&quot;}\">\n\t\t<div class=\"elementor-element elementor-element-cb456d4 e-con-full e-flex parallax_section_no qode_elementor_container_no e-con e-child\" data-id=\"cb456d4\" data-element_type=\"container\" data-e-type=\"container\">\n\t\t\t\t<div class=\"elementor-element elementor-element-e56bf56 exad-sticky-section-no exad-glass-effect-no elementor-widget elementor-widget-spacer\" data-id=\"e56bf56\" data-element_type=\"widget\" data-e-type=\"widget\" data-widget_type=\"spacer.default\">\n\t\t\t\t<div class=\"elementor-widget-container\">\n\t\t\t\t\t\t\t<div class=\"elementor-spacer\">\n\t\t\t<div class=\"elementor-spacer-inner\"><\/div>\n\t\t<\/div>\n\t\t\t\t\t\t<\/div>\n\t\t\t\t<\/div>\n\t\t\t\t<div class=\"elementor-element elementor-element-238d087 elementor-widget__width-initial exad-sticky-section-no exad-glass-effect-no elementor-widget elementor-widget-heading\" data-id=\"238d087\" data-element_type=\"widget\" data-e-type=\"widget\" data-widget_type=\"heading.default\">\n\t\t\t\t<div class=\"elementor-widget-container\">\n\t\t\t\t\t<h2 class=\"elementor-heading-title elementor-size-default\">La cryoth\u00e9rapie : entre bien-\u00eatre et r\u00e9cup\u00e9ration par le froid<\/h2>\t\t\t\t<\/div>\n\t\t\t\t<\/div>\n\t\t\t\t<div class=\"elementor-element elementor-element-1d6b318 elementor-widget__width-initial exad-sticky-section-no exad-glass-effect-no elementor-widget elementor-widget-text-editor\" data-id=\"1d6b318\" data-element_type=\"widget\" data-e-type=\"widget\" data-widget_type=\"text-editor.default\">\n\t\t\t\t<div class=\"elementor-widget-container\">\n\t\t\t\t\t\t\t\t\t<p><strong>Mais au fait, qu\u2019est-ce que la cryoth\u00e9rapie exactement ? <\/strong>Il s\u2019agit tout simplement d\u2019une technique de soin par le froid, autrefois r\u00e9serv\u00e9e aux sportifs et aujourd\u2019hui accessible \u00e0 tous. Une immersion dans une cabine dont la temp\u00e9rature est r\u00e9gl\u00e9e entre -85 et -110 \u00b0C afin d\u2019offrir \u00e0 votre corps un moment unique, entre d\u00e9tox et bien-\u00eatre, \u00e0 la fois surprenant et inoubliable.<\/p><p>Une technique simple et \u00e9prouv\u00e9e : <strong>en mobilisant ses m\u00e9canismes naturels pour r\u00e9chauffer le corps, l\u2019organisme d\u00e9clenche des r\u00e9actions physiologiques susceptibles de contribuer \u00e0 la r\u00e9duction des inflammations<\/strong>. Un concept de soin particuli\u00e8rement recherch\u00e9 dans les domaines de l\u2019affinement de la silhouette, des douleurs chroniques, de la r\u00e9cup\u00e9ration sportive, de l\u2019am\u00e9lioration du sommeil ou encore des l\u00e9sions musculaires.<\/p><p>Une nouvelle approche \u00e0 d\u00e9couvrir chez CryoBliss, <strong>votre centre de cryoth\u00e9rapie pr\u00e8s de Neuilly-sur-Seine<\/strong>.<\/p>\t\t\t\t\t\t\t\t<\/div>\n\t\t\t\t<\/div>\n\t\t\t\t<\/div>\n\t\t\t\t<\/div>\n\t\t<div class=\"elementor-element elementor-element-db08055 e-con-full e-flex parallax_section_no qode_elementor_container_no e-con e-parent\" data-id=\"db08055\" data-element_type=\"container\" data-e-type=\"container\">\n\t\t\t\t<div class=\"elementor-element elementor-element-b761dac exad-sticky-section-no exad-glass-effect-no elementor-widget elementor-widget-image\" data-id=\"b761dac\" data-element_type=\"widget\" data-e-type=\"widget\" data-widget_type=\"image.default\">\n\t\t\t\t<div class=\"elementor-widget-container\">\n\t\t\t\t\t\t\t\t\t\t\t\t\t\t\t<img decoding=\"async\" src=\"https:\/\/cryobliss.fr\/wp-content\/uploads\/elementor\/thumbs\/cryobliss_logo_blanc_non_rempli_v2-r42urk254ni8fgzw5hy286yku1t0f9d1unje6lsb4w.png\" title=\"Cryobliss Monogram\" alt=\"Monograme Cryobliss\" loading=\"lazy\" \/>\t\t\t\t\t\t\t\t\t\t\t\t\t\t\t<\/div>\n\t\t\t\t<\/div>\n\t\t\t\t<\/div>\n\t\t<div class=\"elementor-element elementor-element-32e2f313 e-grid e-con-full parallax_section_no qode_elementor_container_no e-con e-parent\" data-id=\"32e2f313\" data-element_type=\"container\" data-e-type=\"container\">\n\t\t<div class=\"elementor-element elementor-element-584d2980 e-con-full e-flex parallax_section_no qode_elementor_container_no e-con e-child\" data-id=\"584d2980\" data-element_type=\"container\" data-e-type=\"container\">\n\t\t\t\t<div class=\"elementor-element elementor-element-3e71e6db exad-sticky-section-no exad-glass-effect-no elementor-widget elementor-widget-image\" data-id=\"3e71e6db\" data-element_type=\"widget\" data-e-type=\"widget\" data-widget_type=\"image.default\">\n\t\t\t\t<div class=\"elementor-widget-container\">\n\t\t\t\t\t\t\t\t\t\t\t\t\t\t\t<img decoding=\"async\" src=\"https:\/\/cryobliss.fr\/wp-content\/uploads\/2025\/10\/homme-cryo-528x528-1.png\" title=\"cryo man\" alt=\"homme cryo\" loading=\"lazy\" \/>\t\t\t\t\t\t\t\t\t\t\t\t\t\t\t<\/div>\n\t\t\t\t<\/div>\n\t\t\t\t<\/div>\n\t\t<div class=\"elementor-element elementor-element-72230a3c e-con-full e-flex parallax_section_no qode_elementor_container_no e-con e-child\" data-id=\"72230a3c\" data-element_type=\"container\" data-e-type=\"container\">\n\t\t\t\t<div class=\"elementor-element elementor-element-6c1ad975 exad-sticky-section-no exad-glass-effect-no elementor-widget elementor-widget-heading\" data-id=\"6c1ad975\" data-element_type=\"widget\" data-e-type=\"widget\" data-widget_type=\"heading.default\">\n\t\t\t\t<div class=\"elementor-widget-container\">\n\t\t\t\t\t<h2 class=\"elementor-heading-title elementor-size-default\">Votre centre CryoBliss<\/h2>\t\t\t\t<\/div>\n\t\t\t\t<\/div>\n\t\t\t\t<div class=\"elementor-element elementor-element-6c8cbd96 elementor-widget__width-initial exad-sticky-section-no exad-glass-effect-no elementor-widget elementor-widget-text-editor\" data-id=\"6c8cbd96\" data-element_type=\"widget\" data-e-type=\"widget\" data-widget_type=\"text-editor.default\">\n\t\t\t\t<div class=\"elementor-widget-container\">\n\t\t\t\t\t\t\t\t\t<p>CryoBliss <strong>est votre nouvel institut sp\u00e9cialis\u00e9, un espace prestigieux pens\u00e9 comme un lieu enti\u00e8rement d\u00e9di\u00e9 au soin de votre corps<\/strong>. Lumi\u00e8res tamis\u00e9es, \u00e9quipements de pointe, d\u00e9cor en bois pr\u00e9cieux et conseillers form\u00e9s et qualifi\u00e9s : tout est r\u00e9uni pour vous accueillir dans les meilleures conditions.<\/p><p>\u00a0<\/p><p>Ici, vous ne profitez pas seulement d\u2019une s\u00e9ance de cryoth\u00e9rapie : <strong>vous vivez une v\u00e9ritable exp\u00e9rience par le froid<\/strong>. Tout commence par un questionnaire pr\u00e9cis portant sur votre \u00e9tat de sant\u00e9 et sur vos besoins, afin de personnaliser enti\u00e8rement vos s\u00e9ances. Cela permet de d\u00e9terminer le temps d\u2019exposition id\u00e9al ainsi que la temp\u00e9rature la plus adapt\u00e9e.<\/p><p>\u00a0<\/p><p>Vous pouvez ensuite entrer dans la cabine. Un espace confortable et rassurant, totalement s\u00e9curis\u00e9 et dot\u00e9 d\u2019une technologie avanc\u00e9e et performante. Un moment serein et encadr\u00e9, durant lequel vous ne ressentez pas un froid vif et inconfortable, mais plut\u00f4t une sensation diffuse et homog\u00e8ne, sans aucun recours \u00e0 l\u2019azote liquide.<\/p><p>\u00a0<\/p><p><strong>Et si vous preniez rendez-vous d\u00e8s maintenant pour venir d\u00e9couvrir CryoBliss, votre centre de cryoth\u00e9rapie pr\u00e8s de Neuilly-sur-Seine ?<\/strong><\/p>\t\t\t\t\t\t\t\t<\/div>\n\t\t\t\t<\/div>\n\t\t<div class=\"elementor-element elementor-element-01a9e2f e-con-full e-flex parallax_section_no qode_elementor_container_no e-con e-child\" data-id=\"01a9e2f\" data-element_type=\"container\" data-e-type=\"container\">\n\t\t\t\t<div class=\"elementor-element elementor-element-1615b97 elementor-widget__width-initial exad-sticky-section-no exad-glass-effect-no elementor-widget elementor-widget-htmega-button-addons\" data-id=\"1615b97\" data-element_type=\"widget\" data-e-type=\"widget\" data-widget_type=\"htmega-button-addons.default\">\n\t\t\t\t<div class=\"elementor-widget-container\">\n\t\t\t\t\t<div class=\"htmega-button htmega-btn-style-1 htmega-btn-shadow-0 button-align-icon-right\"><a href=\"\/en\/prise-de-rendez-vous\/\" class=\"htb-btn htmega-btn-size-md htmega-btn-effect-0\"><span class=\"htmega_button_txt\">BOOK YOUR SESSIONS<\/span><span class=\"htmega_button_icon\"><i class=\"remixicon ri-arrow-right-s-line\"><\/i><\/span><\/a><\/div>\t\t\t\t<\/div>\n\t\t\t\t<\/div>\n\t\t\t\t<\/div>\n\t\t\t\t<\/div>\n\t\t\t\t<\/div>\n\t\t<div class=\"elementor-element elementor-element-e7ad795 e-con-full e-flex parallax_section_no qode_elementor_container_no e-con e-parent\" data-id=\"e7ad795\" data-element_type=\"container\" data-e-type=\"container\" data-settings=\"{&quot;background_background&quot;:&quot;classic&quot;}\">\n\t\t<div class=\"elementor-element elementor-element-f18e97d e-con-full e-flex parallax_section_no qode_elementor_container_no e-con e-child\" data-id=\"f18e97d\" data-element_type=\"container\" data-e-type=\"container\">\n\t\t\t\t<div class=\"elementor-element elementor-element-6d07782 exad-sticky-section-no exad-glass-effect-no elementor-widget elementor-widget-heading\" data-id=\"6d07782\" data-element_type=\"widget\" data-e-type=\"widget\" data-widget_type=\"heading.default\">\n\t\t\t\t<div class=\"elementor-widget-container\">\n\t\t\t\t\t<h2 class=\"elementor-heading-title elementor-size-default\">D\u00e9couvrez d\u00e8s aujourd\u2019hui votre centre de cryoth\u00e9rapie pr\u00e8s de Neuilly-sur-Seine<\/h2>\t\t\t\t<\/div>\n\t\t\t\t<\/div>\n\t\t\t\t<div class=\"elementor-element elementor-element-d58b2c8 exad-sticky-section-no exad-glass-effect-no elementor-widget elementor-widget-text-editor\" data-id=\"d58b2c8\" data-element_type=\"widget\" data-e-type=\"widget\" data-widget_type=\"text-editor.default\">\n\t\t\t\t<div class=\"elementor-widget-container\">\n\t\t\t\t\t\t\t\t\t<p>Des \u00e9quipements performants et innovants, des soins pens\u00e9s pour vous, et surtout le confort et la s\u00e9curit\u00e9 de chambres de cryoth\u00e9rapie \u00e9lectriques, <strong>venez d\u00e9couvrir CryoBliss<\/strong>. Une \u00e9quipe experte et form\u00e9e vous attend pour vous offrir une exp\u00e9rience totalement fiable et absolument inoubliable. CryoBliss, votre centre de cryoth\u00e9rapie pr\u00e8s de Neuilly-sur-Seine, vous accueille pour des moments entre d\u00e9tente et r\u00e9cup\u00e9ration.<\/p><p>\u00a0<\/p><p><strong>Et si vous d\u00e9couvriez les possibles bienfaits de la cryoth\u00e9rapie dans votre centre CryoBliss pr\u00e8s de Neuilly-sur-Seine ? <\/strong>\u00c9quipements de pointe, services \u00e0 la carte et personnel attentif : le meilleur du soin par le froid pour vous.<\/p>\t\t\t\t\t\t\t\t<\/div>\n\t\t\t\t<\/div>\n\t\t\t\t<\/div>\n\t\t\t\t<\/div>\n\t\t\t\t<\/div>","protected":false},"excerpt":{"rendered":"<p>CORPS ENTIER Centre de cryoth\u00e9rapie pr\u00e8s de Neuilly-sur-Seine Vous aimeriez tester ce nouveau concept de cryoth\u00e9rapie et \u00eates dans cette optique \u00e0 la recherche d\u2019un centre fiable et aux \u00e9quipements de pointe ? Et si vous d\u00e9couvriez votre institut CryoBliss ? Un espace con\u00e7u avec&#8230;<\/p>","protected":false},"author":4,"featured_media":0,"parent":0,"menu_order":0,"comment_status":"closed","ping_status":"closed","template":"full_width.php","meta":{"footnotes":""},"class_list":["post-8674","page","type-page","status-publish","hentry"],"yoast_head":"<!-- This site is optimized with the Yoast SEO plugin v27.4 - https:\/\/yoast.com\/product\/yoast-seo-wordpress\/ -->\n<title>Centre de cryoth\u00e9rapie pr\u00e8s de Neuilly-sur-Seine<\/title>\n<meta name=\"description\" content=\"\u00c0 la recherche d\u2019un centre de cryoth\u00e9rapie pr\u00e8s de Neuilly-sur-Seine ? Ne manquez pas de d\u00e9couvrir CryoBliss.\" \/>\n<meta name=\"robots\" content=\"index, follow, max-snippet:-1, max-image-preview:large, max-video-preview:-1\" \/>\n<link rel=\"canonical\" href=\"https:\/\/cryobliss.fr\/en\/centre-cryotherapie-pres-neuilly-sur-seine\/\" \/>\n<meta property=\"og:locale\" content=\"en_US\" \/>\n<meta property=\"og:type\" content=\"article\" \/>\n<meta property=\"og:title\" content=\"Centre de cryoth\u00e9rapie pr\u00e8s de Neuilly-sur-Seine\" \/>\n<meta property=\"og:description\" content=\"\u00c0 la recherche d\u2019un centre de cryoth\u00e9rapie pr\u00e8s de Neuilly-sur-Seine ? Ne manquez pas de d\u00e9couvrir CryoBliss.\" \/>\n<meta property=\"og:url\" content=\"https:\/\/cryobliss.fr\/en\/centre-cryotherapie-pres-neuilly-sur-seine\/\" \/>\n<meta property=\"og:site_name\" content=\"CryoBliss\" \/>\n<meta property=\"article:publisher\" content=\"https:\/\/www.facebook.com\/profile.php?id=61573490257929\" \/>\n<meta property=\"article:modified_time\" content=\"2026-02-27T14:41:10+00:00\" \/>\n<meta property=\"og:image\" content=\"https:\/\/cryobliss.fr\/wp-content\/uploads\/elementor\/thumbs\/cryobliss_logo_blanc_non_rempli_v2-r42urk254ni8fgzw5hy286yku1t0f9d1unje6lsb4w.png\" \/>\n<meta name=\"twitter:card\" content=\"summary_large_image\" \/>\n<meta name=\"twitter:label1\" content=\"Est. reading time\" \/>\n\t<meta name=\"twitter:data1\" content=\"3 minutes\" \/>\n<script type=\"application\/ld+json\" class=\"yoast-schema-graph\">{\"@context\":\"https:\\\/\\\/schema.org\",\"@graph\":[{\"@type\":\"WebPage\",\"@id\":\"https:\\\/\\\/cryobliss.fr\\\/fr\\\/centre-cryotherapie-pres-neuilly-sur-seine\\\/\",\"url\":\"https:\\\/\\\/cryobliss.fr\\\/fr\\\/centre-cryotherapie-pres-neuilly-sur-seine\\\/\",\"name\":\"Centre de cryoth\u00e9rapie pr\u00e8s de Neuilly-sur-Seine\",\"isPartOf\":{\"@id\":\"https:\\\/\\\/cryobliss.fr\\\/#website\"},\"primaryImageOfPage\":{\"@id\":\"https:\\\/\\\/cryobliss.fr\\\/fr\\\/centre-cryotherapie-pres-neuilly-sur-seine\\\/#primaryimage\"},\"image\":{\"@id\":\"https:\\\/\\\/cryobliss.fr\\\/fr\\\/centre-cryotherapie-pres-neuilly-sur-seine\\\/#primaryimage\"},\"thumbnailUrl\":\"https:\\\/\\\/cryobliss.fr\\\/wp-content\\\/uploads\\\/elementor\\\/thumbs\\\/cryobliss_logo_blanc_non_rempli_v2-r42urk254ni8fgzw5hy286yku1t0f9d1unje6lsb4w.png\",\"datePublished\":\"2026-02-27T14:35:12+00:00\",\"dateModified\":\"2026-02-27T14:41:10+00:00\",\"description\":\"\u00c0 la recherche d\u2019un centre de cryoth\u00e9rapie pr\u00e8s de Neuilly-sur-Seine ? Ne manquez pas de d\u00e9couvrir CryoBliss.\",\"breadcrumb\":{\"@id\":\"https:\\\/\\\/cryobliss.fr\\\/fr\\\/centre-cryotherapie-pres-neuilly-sur-seine\\\/#breadcrumb\"},\"inLanguage\":\"en-US\",\"potentialAction\":[{\"@type\":\"ReadAction\",\"target\":[\"https:\\\/\\\/cryobliss.fr\\\/fr\\\/centre-cryotherapie-pres-neuilly-sur-seine\\\/\"]}]},{\"@type\":\"ImageObject\",\"inLanguage\":\"en-US\",\"@id\":\"https:\\\/\\\/cryobliss.fr\\\/fr\\\/centre-cryotherapie-pres-neuilly-sur-seine\\\/#primaryimage\",\"url\":\"https:\\\/\\\/cryobliss.fr\\\/wp-content\\\/uploads\\\/elementor\\\/thumbs\\\/cryobliss_logo_blanc_non_rempli_v2-r42urk254ni8fgzw5hy286yku1t0f9d1unje6lsb4w.png\",\"contentUrl\":\"https:\\\/\\\/cryobliss.fr\\\/wp-content\\\/uploads\\\/elementor\\\/thumbs\\\/cryobliss_logo_blanc_non_rempli_v2-r42urk254ni8fgzw5hy286yku1t0f9d1unje6lsb4w.png\"},{\"@type\":\"BreadcrumbList\",\"@id\":\"https:\\\/\\\/cryobliss.fr\\\/fr\\\/centre-cryotherapie-pres-neuilly-sur-seine\\\/#breadcrumb\",\"itemListElement\":[{\"@type\":\"ListItem\",\"position\":1,\"name\":\"Accueil\",\"item\":\"https:\\\/\\\/cryobliss.fr\\\/fr\\\/\"},{\"@type\":\"ListItem\",\"position\":2,\"name\":\"cryotherapie\"}]},{\"@type\":\"WebSite\",\"@id\":\"https:\\\/\\\/cryobliss.fr\\\/#website\",\"url\":\"https:\\\/\\\/cryobliss.fr\\\/\",\"name\":\"CryoBliss\",\"description\":\"Le studio bien-\u00eatre \u00e0 Paris\",\"publisher\":{\"@id\":\"https:\\\/\\\/cryobliss.fr\\\/#organization\"},\"potentialAction\":[{\"@type\":\"SearchAction\",\"target\":{\"@type\":\"EntryPoint\",\"urlTemplate\":\"https:\\\/\\\/cryobliss.fr\\\/?s={search_term_string}\"},\"query-input\":{\"@type\":\"PropertyValueSpecification\",\"valueRequired\":true,\"valueName\":\"search_term_string\"}}],\"inLanguage\":\"en-US\"},{\"@type\":\"Organization\",\"@id\":\"https:\\\/\\\/cryobliss.fr\\\/#organization\",\"name\":\"CryoBliss\",\"url\":\"https:\\\/\\\/cryobliss.fr\\\/\",\"logo\":{\"@type\":\"ImageObject\",\"inLanguage\":\"en-US\",\"@id\":\"https:\\\/\\\/cryobliss.fr\\\/#\\\/schema\\\/logo\\\/image\\\/\",\"url\":\"https:\\\/\\\/cryobliss.fr\\\/wp-content\\\/uploads\\\/2025\\\/06\\\/cryobliss-favicon.png\",\"contentUrl\":\"https:\\\/\\\/cryobliss.fr\\\/wp-content\\\/uploads\\\/2025\\\/06\\\/cryobliss-favicon.png\",\"width\":512,\"height\":512,\"caption\":\"CryoBliss\"},\"image\":{\"@id\":\"https:\\\/\\\/cryobliss.fr\\\/#\\\/schema\\\/logo\\\/image\\\/\"},\"sameAs\":[\"https:\\\/\\\/www.facebook.com\\\/profile.php?id=61573490257929\",\"https:\\\/\\\/www.instagram.com\\\/cryoblissparis\\\/\",\"https:\\\/\\\/api.whatsapp.com\\\/message\\\/FRW27F4IHIOIB1?autoload=1&app_absent=0\"]}]}<\/script>\n<!-- \/ Yoast SEO plugin. -->","yoast_head_json":{"title":"Centre de cryoth\u00e9rapie pr\u00e8s de Neuilly-sur-Seine","description":"\u00c0 la recherche d\u2019un centre de cryoth\u00e9rapie pr\u00e8s de Neuilly-sur-Seine ? Ne manquez pas de d\u00e9couvrir CryoBliss.","robots":{"index":"index","follow":"follow","max-snippet":"max-snippet:-1","max-image-preview":"max-image-preview:large","max-video-preview":"max-video-preview:-1"},"canonical":"https:\/\/cryobliss.fr\/en\/centre-cryotherapie-pres-neuilly-sur-seine\/","og_locale":"en_US","og_type":"article","og_title":"Centre de cryoth\u00e9rapie pr\u00e8s de Neuilly-sur-Seine","og_description":"\u00c0 la recherche d\u2019un centre de cryoth\u00e9rapie pr\u00e8s de Neuilly-sur-Seine ? Ne manquez pas de d\u00e9couvrir CryoBliss.","og_url":"https:\/\/cryobliss.fr\/en\/centre-cryotherapie-pres-neuilly-sur-seine\/","og_site_name":"CryoBliss","article_publisher":"https:\/\/www.facebook.com\/profile.php?id=61573490257929","article_modified_time":"2026-02-27T14:41:10+00:00","og_image":[{"url":"https:\/\/cryobliss.fr\/wp-content\/uploads\/elementor\/thumbs\/cryobliss_logo_blanc_non_rempli_v2-r42urk254ni8fgzw5hy286yku1t0f9d1unje6lsb4w.png","type":"","width":"","height":""}],"twitter_card":"summary_large_image","twitter_misc":{"Est. reading time":"3 minutes"},"schema":{"@context":"https:\/\/schema.org","@graph":[{"@type":"WebPage","@id":"https:\/\/cryobliss.fr\/fr\/centre-cryotherapie-pres-neuilly-sur-seine\/","url":"https:\/\/cryobliss.fr\/fr\/centre-cryotherapie-pres-neuilly-sur-seine\/","name":"Centre de cryoth\u00e9rapie pr\u00e8s de Neuilly-sur-Seine","isPartOf":{"@id":"https:\/\/cryobliss.fr\/#website"},"primaryImageOfPage":{"@id":"https:\/\/cryobliss.fr\/fr\/centre-cryotherapie-pres-neuilly-sur-seine\/#primaryimage"},"image":{"@id":"https:\/\/cryobliss.fr\/fr\/centre-cryotherapie-pres-neuilly-sur-seine\/#primaryimage"},"thumbnailUrl":"https:\/\/cryobliss.fr\/wp-content\/uploads\/elementor\/thumbs\/cryobliss_logo_blanc_non_rempli_v2-r42urk254ni8fgzw5hy286yku1t0f9d1unje6lsb4w.png","datePublished":"2026-02-27T14:35:12+00:00","dateModified":"2026-02-27T14:41:10+00:00","description":"\u00c0 la recherche d\u2019un centre de cryoth\u00e9rapie pr\u00e8s de Neuilly-sur-Seine ? Ne manquez pas de d\u00e9couvrir CryoBliss.","breadcrumb":{"@id":"https:\/\/cryobliss.fr\/fr\/centre-cryotherapie-pres-neuilly-sur-seine\/#breadcrumb"},"inLanguage":"en-US","potentialAction":[{"@type":"ReadAction","target":["https:\/\/cryobliss.fr\/fr\/centre-cryotherapie-pres-neuilly-sur-seine\/"]}]},{"@type":"ImageObject","inLanguage":"en-US","@id":"https:\/\/cryobliss.fr\/fr\/centre-cryotherapie-pres-neuilly-sur-seine\/#primaryimage","url":"https:\/\/cryobliss.fr\/wp-content\/uploads\/elementor\/thumbs\/cryobliss_logo_blanc_non_rempli_v2-r42urk254ni8fgzw5hy286yku1t0f9d1unje6lsb4w.png","contentUrl":"https:\/\/cryobliss.fr\/wp-content\/uploads\/elementor\/thumbs\/cryobliss_logo_blanc_non_rempli_v2-r42urk254ni8fgzw5hy286yku1t0f9d1unje6lsb4w.png"},{"@type":"BreadcrumbList","@id":"https:\/\/cryobliss.fr\/fr\/centre-cryotherapie-pres-neuilly-sur-seine\/#breadcrumb","itemListElement":[{"@type":"ListItem","position":1,"name":"Accueil","item":"https:\/\/cryobliss.fr\/fr\/"},{"@type":"ListItem","position":2,"name":"cryotherapie"}]},{"@type":"WebSite","@id":"https:\/\/cryobliss.fr\/#website","url":"https:\/\/cryobliss.fr\/","name":"CryoBliss","description":"The wellness studio in Paris","publisher":{"@id":"https:\/\/cryobliss.fr\/#organization"},"potentialAction":[{"@type":"SearchAction","target":{"@type":"EntryPoint","urlTemplate":"https:\/\/cryobliss.fr\/?s={search_term_string}"},"query-input":{"@type":"PropertyValueSpecification","valueRequired":true,"valueName":"search_term_string"}}],"inLanguage":"en-US"},{"@type":"Organization","@id":"https:\/\/cryobliss.fr\/#organization","name":"CryoBliss","url":"https:\/\/cryobliss.fr\/","logo":{"@type":"ImageObject","inLanguage":"en-US","@id":"https:\/\/cryobliss.fr\/#\/schema\/logo\/image\/","url":"https:\/\/cryobliss.fr\/wp-content\/uploads\/2025\/06\/cryobliss-favicon.png","contentUrl":"https:\/\/cryobliss.fr\/wp-content\/uploads\/2025\/06\/cryobliss-favicon.png","width":512,"height":512,"caption":"CryoBliss"},"image":{"@id":"https:\/\/cryobliss.fr\/#\/schema\/logo\/image\/"},"sameAs":["https:\/\/www.facebook.com\/profile.php?id=61573490257929","https:\/\/www.instagram.com\/cryoblissparis\/","https:\/\/api.whatsapp.com\/message\/FRW27F4IHIOIB1?autoload=1&app_absent=0"]}]}},"_links":{"self":[{"href":"https:\/\/cryobliss.fr\/en\/wp-json\/wp\/v2\/pages\/8674","targetHints":{"allow":["GET"]}}],"collection":[{"href":"https:\/\/cryobliss.fr\/en\/wp-json\/wp\/v2\/pages"}],"about":[{"href":"https:\/\/cryobliss.fr\/en\/wp-json\/wp\/v2\/types\/page"}],"author":[{"embeddable":true,"href":"https:\/\/cryobliss.fr\/en\/wp-json\/wp\/v2\/users\/4"}],"replies":[{"embeddable":true,"href":"https:\/\/cryobliss.fr\/en\/wp-json\/wp\/v2\/comments?post=8674"}],"version-history":[{"count":4,"href":"https:\/\/cryobliss.fr\/en\/wp-json\/wp\/v2\/pages\/8674\/revisions"}],"predecessor-version":[{"id":8679,"href":"https:\/\/cryobliss.fr\/en\/wp-json\/wp\/v2\/pages\/8674\/revisions\/8679"}],"wp:attachment":[{"href":"https:\/\/cryobliss.fr\/en\/wp-json\/wp\/v2\/media?parent=8674"}],"curies":[{"name":"wp","href":"https:\/\/api.w.org\/{rel}","templated":true}]}}