{"id":3,"date":"2025-03-10T22:21:38","date_gmt":"2025-03-10T21:21:38","guid":{"rendered":"http:\/\/caljlqu.cluster100.hosting.ovh.net\/?page_id=3"},"modified":"2025-05-10T14:51:06","modified_gmt":"2025-05-10T12:51:06","slug":"politique-de-confidentialite","status":"publish","type":"page","link":"https:\/\/cryobliss.fr\/fr\/politique-de-confidentialite\/","title":{"rendered":"Politique de confidentialit\u00e9"},"content":{"rendered":"\t\t<div data-elementor-type=\"wp-page\" data-elementor-id=\"3\" class=\"elementor elementor-3\" data-elementor-post-type=\"page\">\n\t\t\t\t<div class=\"elementor-element elementor-element-9c89c24 e-flex e-con-boxed parallax_section_no qode_elementor_container_no e-con e-parent\" data-id=\"9c89c24\" data-element_type=\"container\" data-e-type=\"container\">\n\t\t\t\t\t<div class=\"e-con-inner\">\n\t\t\t\t<div class=\"elementor-element elementor-element-0fda93a exad-sticky-section-no exad-glass-effect-no elementor-widget elementor-widget-spacer\" data-id=\"0fda93a\" data-element_type=\"widget\" data-e-type=\"widget\" data-widget_type=\"spacer.default\">\n\t\t\t\t<div class=\"elementor-widget-container\">\n\t\t\t\t\t\t\t<div class=\"elementor-spacer\">\n\t\t\t<div class=\"elementor-spacer-inner\"><\/div>\n\t\t<\/div>\n\t\t\t\t\t\t<\/div>\n\t\t\t\t<\/div>\n\t\t\t\t<div class=\"elementor-element elementor-element-ae681ee exad-sticky-section-no exad-glass-effect-no elementor-widget elementor-widget-heading\" data-id=\"ae681ee\" data-element_type=\"widget\" data-e-type=\"widget\" data-widget_type=\"heading.default\">\n\t\t\t\t<div class=\"elementor-widget-container\">\n\t\t\t\t\t<h2 class=\"elementor-heading-title elementor-size-default\">POLITIQUE DE CONFIDENTIALIT\u00c9<\/h2>\t\t\t\t<\/div>\n\t\t\t\t<\/div>\n\t\t\t\t<div class=\"elementor-element elementor-element-ae0c918 exad-sticky-section-no exad-glass-effect-no elementor-widget elementor-widget-spacer\" data-id=\"ae0c918\" data-element_type=\"widget\" data-e-type=\"widget\" data-widget_type=\"spacer.default\">\n\t\t\t\t<div class=\"elementor-widget-container\">\n\t\t\t\t\t\t\t<div class=\"elementor-spacer\">\n\t\t\t<div class=\"elementor-spacer-inner\"><\/div>\n\t\t<\/div>\n\t\t\t\t\t\t<\/div>\n\t\t\t\t<\/div>\n\t\t\t\t\t<\/div>\n\t\t\t\t<\/div>\n\t\t<div class=\"elementor-element elementor-element-2fd0624e e-flex e-con-boxed parallax_section_no qode_elementor_container_no e-con e-parent\" data-id=\"2fd0624e\" data-element_type=\"container\" data-e-type=\"container\">\n\t\t\t\t\t<div class=\"e-con-inner\">\n\t\t\t\t<div class=\"elementor-element elementor-element-b9d2567 exad-sticky-section-no exad-glass-effect-no elementor-widget elementor-widget-text-editor\" data-id=\"b9d2567\" data-element_type=\"widget\" data-e-type=\"widget\" data-widget_type=\"text-editor.default\">\n\t\t\t\t<div class=\"elementor-widget-container\">\n\t\t\t\t\t\t\t\t\t\n<p><span style=\"font-weight: 400;\">Chez <\/span><b>CryoBliss<\/b><span style=\"font-weight: 400;\">, nous accordons une importance primordiale \u00e0 la protection de vos donn\u00e9es personnelles. Cette politique d\u00e9crit comment nous collectons, utilisons et prot\u00e9geons vos informations dans le respect du <\/span><b>R\u00e8glement G\u00e9n\u00e9ral sur la Protection des Donn\u00e9es (RGPD)<\/b><span style=\"font-weight: 400;\">.<\/span><\/p>\n<p>\u00a0<\/p>\n<p>\u00a0<\/p>\n<h3 class=\"wp-block-heading\"><b>1. Donn\u00e9es collect\u00e9es<\/b><\/h3>\n<p><span style=\"font-weight: 400;\">Nous collectons les informations suivantes via :<\/span><\/p>\n<p><span style=\"font-weight: 400;\">&#8211; Le formulaire de contact<\/span><\/p>\n<p><span style=\"font-weight: 400;\">&#8211; Le syst\u00e8me de r\u00e9servation (Mindbody)<\/span><\/p>\n<p><span style=\"font-weight: 400;\">&#8211; L\u2019inscription \u00e0 la newsletter<\/span><\/p>\n<p><span style=\"font-weight: 400;\">\u00a0<\/span><\/p>\n<p><span style=\"font-weight: 400;\">Les donn\u00e9es concern\u00e9es sont :<\/span><\/p>\n<p><span style=\"font-weight: 400;\">&#8211; Nom et pr\u00e9nom<\/span><\/p>\n<p><span style=\"font-weight: 400;\">&#8211; Adresse e-mail<\/span><\/p>\n<p><span style=\"font-weight: 400;\">&#8211; Num\u00e9ro de t\u00e9l\u00e9phone<\/span><\/p>\n<p><span style=\"font-weight: 400;\">&#8211; Adresse postale<\/span><\/p>\n<p><span style=\"font-weight: 400;\">&#8211; Protocole g\u00e9n\u00e9r\u00e9 par la CryoApp (non consid\u00e9r\u00e9 comme donn\u00e9e de sant\u00e9)<\/span><span style=\"font-weight: 400;\"><br \/><\/span><span style=\"font-weight: 400;\"><br \/><br \/><\/span><\/p>\n<h3><b>2. Finalit\u00e9s du traitement<\/b><\/h3>\n<p><span style=\"font-weight: 400;\">Les donn\u00e9es collect\u00e9es sont utilis\u00e9es dans les objectifs suivants :<\/span><\/p>\n<p><span style=\"font-weight: 400;\">&#8211; Prise de rendez-vous<\/span><\/p>\n<p><span style=\"font-weight: 400;\">&#8211; Gestion de la relation client<\/span><\/p>\n<p><span style=\"font-weight: 400;\">&#8211; Envoi d\u2019informations et de newsletters<\/span><span style=\"font-weight: 400;\"><br \/><\/span><span style=\"font-weight: 400;\"><br \/><br \/><\/span><\/p>\n<h3><b>3. Cookies<\/b><\/h3>\n<p><span style=\"font-weight: 400;\">Nous utilisons des cookies \u00e0 des fins d\u2019analyse statistique et de suivi publicitaire, notamment :<\/span><\/p>\n<p><span style=\"font-weight: 400;\">&#8211; Google Analytics<\/span><\/p>\n<p><span style=\"font-weight: 400;\">&#8211; Facebook Pixel<\/span><\/p>\n<p><span style=\"font-weight: 400;\">&#8211; Autres outils marketing tiers susceptibles d\u2019\u00eatre int\u00e9gr\u00e9s au site ult\u00e9rieurement<\/span><span style=\"font-weight: 400;\"><br \/><br \/><\/span><\/p>\n<p><span style=\"font-weight: 400;\">Lors de votre premi\u00e8re visite, un bandeau vous permet de consentir ou refuser l\u2019utilisation de ces cookies.<\/span><\/p>\n<p>\u00a0<\/p>\n<p>\u00a0<\/p>\n<h3><b>4. Dur\u00e9e de conservation<\/b><\/h3>\n<p><span style=\"font-weight: 400;\">Les donn\u00e9es sont conserv\u00e9es pendant la dur\u00e9e strictement n\u00e9cessaire aux finalit\u00e9s pr\u00e9cit\u00e9es et au maximum pendant les dur\u00e9es autoris\u00e9es par la l\u00e9gislation europ\u00e9enne en vigueur.<\/span><\/p>\n<p>\u00a0<\/p>\n<p>\u00a0<\/p>\n<h3><b>5. Destinataires et sous-traitants<\/b><\/h3>\n<p><span style=\"font-weight: 400;\">Vos donn\u00e9es peuvent \u00eatre transmises aux prestataires suivants :<\/span><\/p>\n<p><b>&#8211; Mindbody<\/b><span style=\"font-weight: 400;\"> (r\u00e9servation et gestion des rendez-vous)<\/span><\/p>\n<p><b>&#8211; Mailchimp<\/b><span style=\"font-weight: 400;\"> (envoi des newsletters)<\/span><\/p>\n<p><span style=\"font-weight: 400;\">Ces prestataires sont soumis \u00e0 des obligations de confidentialit\u00e9 et de s\u00e9curit\u00e9 conformes au RGPD.<\/span><\/p>\n<p>\u00a0<\/p>\n<p>\u00a0<\/p>\n<h3><b>6. H\u00e9bergement des donn\u00e9es<\/b><\/h3>\n<p><span style=\"font-weight: 400;\">Le site internet de CryoBliss est h\u00e9berg\u00e9 chez <\/span><b>OVH<\/b><span style=\"font-weight: 400;\">, situ\u00e9 en France, garantissant un stockage des donn\u00e9es au sein de l\u2019Union Europ\u00e9enne.<\/span><\/p>\n<p>\u00a0<\/p>\n<p>\u00a0<\/p>\n<h3><b>7. S\u00e9curit\u00e9 des donn\u00e9es<\/b><\/h3>\n<p><span style=\"font-weight: 400;\">Nous mettons en \u0153uvre des mesures techniques et organisationnelles pour assurer la s\u00e9curit\u00e9 de vos donn\u00e9es personnelles et emp\u00eacher tout acc\u00e8s non autoris\u00e9.<\/span><\/p>\n<p>\u00a0<\/p>\n<p>\u00a0<\/p>\n<h3><b>8. Vos droits<\/b><\/h3>\n<p><span style=\"font-weight: 400;\">Conform\u00e9ment au RGPD, vous disposez des droits suivants :<\/span><\/p>\n<p><span style=\"font-weight: 400;\">&#8211; Droit d\u2019acc\u00e8s \u00e0 vos donn\u00e9es<\/span><\/p>\n<p><span style=\"font-weight: 400;\">&#8211; Droit de rectification<\/span><\/p>\n<p><span style=\"font-weight: 400;\">&#8211; Droit \u00e0 l\u2019effacement<\/span><\/p>\n<p><span style=\"font-weight: 400;\">&#8211; Droit d\u2019opposition<\/span><\/p>\n<p><span style=\"font-weight: 400;\">&#8211; Droit \u00e0 la limitation du traitement<\/span><\/p>\n<p><span style=\"font-weight: 400;\">&#8211; Droit \u00e0 la portabilit\u00e9<\/span><\/p>\n<p><span style=\"font-weight: 400;\">Vous pouvez exercer ces droits \u00e0 tout moment en envoyant un email \u00e0 <\/span><b>contact@cryobliss.fr<\/b><span style=\"font-weight: 400;\">.<\/span><\/p>\n<p>\u00a0<\/p>\n<p>\u00a0<\/p>\n<h3><b>9. Contact<\/b><\/h3>\n<p><span style=\"font-weight: 400;\">Pour toute question relative \u00e0 vos donn\u00e9es personnelles ou pour exercer vos droits, vous pouvez nous contacter \u00e0 :<\/span><\/p>\n<p><b>CRYOBLISS \u2013 48 rue Galil\u00e9e, 75116 Paris<\/b><b><br \/><\/b><span style=\"font-weight: 400;\">Email : <\/span><b>contact@cryobliss.fr<\/b><\/p>\n<h3><br \/><br \/><\/h3>\n<p>\u00a0<\/p>\n<p>\u00a0<\/p>\n\t\t\t\t\t\t\t\t<\/div>\n\t\t\t\t<\/div>\n\t\t\t\t\t<\/div>\n\t\t\t\t<\/div>\n\t\t\t\t<\/div>\n\t\t","protected":false},"excerpt":{"rendered":"<p>POLITIQUE DE CONFIDENTIALIT\u00c9 Chez CryoBliss, nous accordons une importance primordiale \u00e0 la protection de vos donn\u00e9es personnelles. Cette politique d\u00e9crit comment nous collectons, utilisons et prot\u00e9geons vos informations dans le respect du R\u00e8glement G\u00e9n\u00e9ral sur la Protection des Donn\u00e9es (RGPD). \u00a0 \u00a0 1. Donn\u00e9es collect\u00e9es&#8230;<\/p>\n","protected":false},"author":1,"featured_media":0,"parent":0,"menu_order":0,"comment_status":"closed","ping_status":"open","template":"full_width.php","meta":{"footnotes":""},"class_list":["post-3","page","type-page","status-publish","hentry"],"yoast_head":"<!-- This site is optimized with the Yoast SEO plugin v27.4 - https:\/\/yoast.com\/product\/yoast-seo-wordpress\/ -->\n<title>Politique de confidentialit\u00e9 - CryoBliss<\/title>\n<meta name=\"robots\" content=\"index, follow, max-snippet:-1, max-image-preview:large, max-video-preview:-1\" \/>\n<link rel=\"canonical\" href=\"https:\/\/cryobliss.fr\/fr\/politique-de-confidentialite\/\" \/>\n<meta property=\"og:locale\" content=\"fr_FR\" \/>\n<meta property=\"og:type\" content=\"article\" \/>\n<meta property=\"og:title\" content=\"Politique de confidentialit\u00e9 - CryoBliss\" \/>\n<meta property=\"og:description\" content=\"POLITIQUE DE CONFIDENTIALIT\u00c9 Chez CryoBliss, nous accordons une importance primordiale \u00e0 la protection de vos donn\u00e9es personnelles. Cette politique d\u00e9crit comment nous collectons, utilisons et prot\u00e9geons vos informations dans le respect du R\u00e8glement G\u00e9n\u00e9ral sur la Protection des Donn\u00e9es (RGPD). \u00a0 \u00a0 1. Donn\u00e9es collect\u00e9es...\" \/>\n<meta property=\"og:url\" content=\"https:\/\/cryobliss.fr\/fr\/politique-de-confidentialite\/\" \/>\n<meta property=\"og:site_name\" content=\"CryoBliss\" \/>\n<meta property=\"article:publisher\" content=\"https:\/\/www.facebook.com\/profile.php?id=61573490257929\" \/>\n<meta property=\"article:modified_time\" content=\"2025-05-10T12:51:06+00:00\" \/>\n<meta name=\"twitter:card\" content=\"summary_large_image\" \/>\n<meta name=\"twitter:label1\" content=\"Dur\u00e9e de lecture estim\u00e9e\" \/>\n\t<meta name=\"twitter:data1\" content=\"2 minutes\" \/>\n<script type=\"application\/ld+json\" class=\"yoast-schema-graph\">{\"@context\":\"https:\\\/\\\/schema.org\",\"@graph\":[{\"@type\":\"WebPage\",\"@id\":\"https:\\\/\\\/cryobliss.fr\\\/politique-de-confidentialite\\\/\",\"url\":\"https:\\\/\\\/cryobliss.fr\\\/politique-de-confidentialite\\\/\",\"name\":\"Politique de confidentialit\u00e9 - CryoBliss\",\"isPartOf\":{\"@id\":\"https:\\\/\\\/cryobliss.fr\\\/#website\"},\"datePublished\":\"2025-03-10T21:21:38+00:00\",\"dateModified\":\"2025-05-10T12:51:06+00:00\",\"breadcrumb\":{\"@id\":\"https:\\\/\\\/cryobliss.fr\\\/politique-de-confidentialite\\\/#breadcrumb\"},\"inLanguage\":\"fr-FR\",\"potentialAction\":[{\"@type\":\"ReadAction\",\"target\":[\"https:\\\/\\\/cryobliss.fr\\\/politique-de-confidentialite\\\/\"]}]},{\"@type\":\"BreadcrumbList\",\"@id\":\"https:\\\/\\\/cryobliss.fr\\\/politique-de-confidentialite\\\/#breadcrumb\",\"itemListElement\":[{\"@type\":\"ListItem\",\"position\":1,\"name\":\"Accueil\",\"item\":\"https:\\\/\\\/cryobliss.fr\\\/fr\\\/\"},{\"@type\":\"ListItem\",\"position\":2,\"name\":\"Politique de confidentialit\u00e9\"}]},{\"@type\":\"WebSite\",\"@id\":\"https:\\\/\\\/cryobliss.fr\\\/#website\",\"url\":\"https:\\\/\\\/cryobliss.fr\\\/\",\"name\":\"CryoBliss\",\"description\":\"Le studio bien-\u00eatre \u00e0 Paris\",\"publisher\":{\"@id\":\"https:\\\/\\\/cryobliss.fr\\\/#organization\"},\"potentialAction\":[{\"@type\":\"SearchAction\",\"target\":{\"@type\":\"EntryPoint\",\"urlTemplate\":\"https:\\\/\\\/cryobliss.fr\\\/?s={search_term_string}\"},\"query-input\":{\"@type\":\"PropertyValueSpecification\",\"valueRequired\":true,\"valueName\":\"search_term_string\"}}],\"inLanguage\":\"fr-FR\"},{\"@type\":\"Organization\",\"@id\":\"https:\\\/\\\/cryobliss.fr\\\/#organization\",\"name\":\"CryoBliss\",\"url\":\"https:\\\/\\\/cryobliss.fr\\\/\",\"logo\":{\"@type\":\"ImageObject\",\"inLanguage\":\"fr-FR\",\"@id\":\"https:\\\/\\\/cryobliss.fr\\\/#\\\/schema\\\/logo\\\/image\\\/\",\"url\":\"https:\\\/\\\/cryobliss.fr\\\/wp-content\\\/uploads\\\/2025\\\/06\\\/cryobliss-favicon.png\",\"contentUrl\":\"https:\\\/\\\/cryobliss.fr\\\/wp-content\\\/uploads\\\/2025\\\/06\\\/cryobliss-favicon.png\",\"width\":512,\"height\":512,\"caption\":\"CryoBliss\"},\"image\":{\"@id\":\"https:\\\/\\\/cryobliss.fr\\\/#\\\/schema\\\/logo\\\/image\\\/\"},\"sameAs\":[\"https:\\\/\\\/www.facebook.com\\\/profile.php?id=61573490257929\",\"https:\\\/\\\/www.instagram.com\\\/cryoblissparis\\\/\",\"https:\\\/\\\/api.whatsapp.com\\\/message\\\/FRW27F4IHIOIB1?autoload=1&app_absent=0\"]}]}<\/script>\n<!-- \/ Yoast SEO plugin. -->","yoast_head_json":{"title":"Politique de confidentialit\u00e9 - CryoBliss","robots":{"index":"index","follow":"follow","max-snippet":"max-snippet:-1","max-image-preview":"max-image-preview:large","max-video-preview":"max-video-preview:-1"},"canonical":"https:\/\/cryobliss.fr\/fr\/politique-de-confidentialite\/","og_locale":"fr_FR","og_type":"article","og_title":"Politique de confidentialit\u00e9 - CryoBliss","og_description":"POLITIQUE DE CONFIDENTIALIT\u00c9 Chez CryoBliss, nous accordons une importance primordiale \u00e0 la protection de vos donn\u00e9es personnelles. Cette politique d\u00e9crit comment nous collectons, utilisons et prot\u00e9geons vos informations dans le respect du R\u00e8glement G\u00e9n\u00e9ral sur la Protection des Donn\u00e9es (RGPD). \u00a0 \u00a0 1. Donn\u00e9es collect\u00e9es...","og_url":"https:\/\/cryobliss.fr\/fr\/politique-de-confidentialite\/","og_site_name":"CryoBliss","article_publisher":"https:\/\/www.facebook.com\/profile.php?id=61573490257929","article_modified_time":"2025-05-10T12:51:06+00:00","twitter_card":"summary_large_image","twitter_misc":{"Dur\u00e9e de lecture estim\u00e9e":"2 minutes"},"schema":{"@context":"https:\/\/schema.org","@graph":[{"@type":"WebPage","@id":"https:\/\/cryobliss.fr\/politique-de-confidentialite\/","url":"https:\/\/cryobliss.fr\/politique-de-confidentialite\/","name":"Politique de confidentialit\u00e9 - CryoBliss","isPartOf":{"@id":"https:\/\/cryobliss.fr\/#website"},"datePublished":"2025-03-10T21:21:38+00:00","dateModified":"2025-05-10T12:51:06+00:00","breadcrumb":{"@id":"https:\/\/cryobliss.fr\/politique-de-confidentialite\/#breadcrumb"},"inLanguage":"fr-FR","potentialAction":[{"@type":"ReadAction","target":["https:\/\/cryobliss.fr\/politique-de-confidentialite\/"]}]},{"@type":"BreadcrumbList","@id":"https:\/\/cryobliss.fr\/politique-de-confidentialite\/#breadcrumb","itemListElement":[{"@type":"ListItem","position":1,"name":"Accueil","item":"https:\/\/cryobliss.fr\/fr\/"},{"@type":"ListItem","position":2,"name":"Politique de confidentialit\u00e9"}]},{"@type":"WebSite","@id":"https:\/\/cryobliss.fr\/#website","url":"https:\/\/cryobliss.fr\/","name":"CryoBliss","description":"Le studio bien-\u00eatre \u00e0 Paris","publisher":{"@id":"https:\/\/cryobliss.fr\/#organization"},"potentialAction":[{"@type":"SearchAction","target":{"@type":"EntryPoint","urlTemplate":"https:\/\/cryobliss.fr\/?s={search_term_string}"},"query-input":{"@type":"PropertyValueSpecification","valueRequired":true,"valueName":"search_term_string"}}],"inLanguage":"fr-FR"},{"@type":"Organization","@id":"https:\/\/cryobliss.fr\/#organization","name":"CryoBliss","url":"https:\/\/cryobliss.fr\/","logo":{"@type":"ImageObject","inLanguage":"fr-FR","@id":"https:\/\/cryobliss.fr\/#\/schema\/logo\/image\/","url":"https:\/\/cryobliss.fr\/wp-content\/uploads\/2025\/06\/cryobliss-favicon.png","contentUrl":"https:\/\/cryobliss.fr\/wp-content\/uploads\/2025\/06\/cryobliss-favicon.png","width":512,"height":512,"caption":"CryoBliss"},"image":{"@id":"https:\/\/cryobliss.fr\/#\/schema\/logo\/image\/"},"sameAs":["https:\/\/www.facebook.com\/profile.php?id=61573490257929","https:\/\/www.instagram.com\/cryoblissparis\/","https:\/\/api.whatsapp.com\/message\/FRW27F4IHIOIB1?autoload=1&app_absent=0"]}]}},"_links":{"self":[{"href":"https:\/\/cryobliss.fr\/fr\/wp-json\/wp\/v2\/pages\/3","targetHints":{"allow":["GET"]}}],"collection":[{"href":"https:\/\/cryobliss.fr\/fr\/wp-json\/wp\/v2\/pages"}],"about":[{"href":"https:\/\/cryobliss.fr\/fr\/wp-json\/wp\/v2\/types\/page"}],"author":[{"embeddable":true,"href":"https:\/\/cryobliss.fr\/fr\/wp-json\/wp\/v2\/users\/1"}],"replies":[{"embeddable":true,"href":"https:\/\/cryobliss.fr\/fr\/wp-json\/wp\/v2\/comments?post=3"}],"version-history":[{"count":0,"href":"https:\/\/cryobliss.fr\/fr\/wp-json\/wp\/v2\/pages\/3\/revisions"}],"wp:attachment":[{"href":"https:\/\/cryobliss.fr\/fr\/wp-json\/wp\/v2\/media?parent=3"}],"curies":[{"name":"wp","href":"https:\/\/api.w.org\/{rel}","templated":true}]}}