{"id":3154,"date":"2025-03-23T04:03:47","date_gmt":"2025-03-23T03:03:47","guid":{"rendered":"http:\/\/caljlqu.cluster100.hosting.ovh.net\/?page_id=3154"},"modified":"2025-10-06T19:16:23","modified_gmt":"2025-10-06T17:16:23","slug":"contact","status":"publish","type":"page","link":"https:\/\/cryobliss.fr\/fr\/contact\/","title":{"rendered":"Contactez-nous"},"content":{"rendered":"\t\t<div data-elementor-type=\"wp-page\" data-elementor-id=\"3154\" class=\"elementor elementor-3154\" data-elementor-post-type=\"page\">\n\t\t\t\t<div class=\"elementor-element elementor-element-1ef1359 e-con-full elementor-hidden-mobile e-flex parallax_section_no qode_elementor_container_no e-con e-parent\" data-id=\"1ef1359\" data-element_type=\"container\" data-e-type=\"container\" data-settings=\"{&quot;background_background&quot;:&quot;classic&quot;}\">\n\t\t<div class=\"elementor-element elementor-element-4b86677 e-flex e-con-boxed parallax_section_no qode_elementor_container_no e-con e-child\" data-id=\"4b86677\" data-element_type=\"container\" data-e-type=\"container\">\n\t\t\t\t\t<div class=\"e-con-inner\">\n\t\t\t\t<div class=\"elementor-element elementor-element-f61628c exad-sticky-section-no exad-glass-effect-no elementor-widget elementor-widget-heading\" data-id=\"f61628c\" data-element_type=\"widget\" data-e-type=\"widget\" data-widget_type=\"heading.default\">\n\t\t\t\t<div class=\"elementor-widget-container\">\n\t\t\t\t\t<h2 class=\"elementor-heading-title elementor-size-default\">NOUS CONTACTER<\/h2>\t\t\t\t<\/div>\n\t\t\t\t<\/div>\n\t\t\t\t\t<\/div>\n\t\t\t\t<\/div>\n\t\t\t\t<\/div>\n\t\t<div class=\"elementor-element elementor-element-2248c42 e-con-full elementor-hidden-desktop elementor-hidden-tablet e-flex parallax_section_no qode_elementor_container_no e-con e-parent\" data-id=\"2248c42\" data-element_type=\"container\" data-e-type=\"container\">\n\t\t\t\t<div class=\"elementor-element elementor-element-e8f67c3 exad-sticky-section-no exad-glass-effect-no elementor-widget elementor-widget-spacer\" data-id=\"e8f67c3\" data-element_type=\"widget\" data-e-type=\"widget\" data-widget_type=\"spacer.default\">\n\t\t\t\t<div class=\"elementor-widget-container\">\n\t\t\t\t\t\t\t<div class=\"elementor-spacer\">\n\t\t\t<div class=\"elementor-spacer-inner\"><\/div>\n\t\t<\/div>\n\t\t\t\t\t\t<\/div>\n\t\t\t\t<\/div>\n\t\t\t\t<div class=\"elementor-element elementor-element-e72f36f exad-sticky-section-no exad-glass-effect-no elementor-widget elementor-widget-heading\" data-id=\"e72f36f\" data-element_type=\"widget\" data-e-type=\"widget\" data-widget_type=\"heading.default\">\n\t\t\t\t<div class=\"elementor-widget-container\">\n\t\t\t\t\t<h2 class=\"elementor-heading-title elementor-size-default\">NOUS <BR>CONTACTER<\/h2>\t\t\t\t<\/div>\n\t\t\t\t<\/div>\n\t\t\t\t<\/div>\n\t\t<div class=\"elementor-element elementor-element-3699075 e-flex e-con-boxed parallax_section_no qode_elementor_container_no e-con e-parent\" data-id=\"3699075\" data-element_type=\"container\" data-e-type=\"container\">\n\t\t\t\t\t<div class=\"e-con-inner\">\n\t\t\t\t<div class=\"elementor-element elementor-element-0801237 exad-sticky-section-no exad-glass-effect-no elementor-widget elementor-widget-spacer\" data-id=\"0801237\" data-element_type=\"widget\" data-e-type=\"widget\" data-widget_type=\"spacer.default\">\n\t\t\t\t<div class=\"elementor-widget-container\">\n\t\t\t\t\t\t\t<div class=\"elementor-spacer\">\n\t\t\t<div class=\"elementor-spacer-inner\"><\/div>\n\t\t<\/div>\n\t\t\t\t\t\t<\/div>\n\t\t\t\t<\/div>\n\t\t\t\t<div class=\"elementor-element elementor-element-e710f63 exad-sticky-section-no exad-glass-effect-no elementor-widget elementor-widget-text-editor\" data-id=\"e710f63\" data-element_type=\"widget\" data-e-type=\"widget\" data-widget_type=\"text-editor.default\">\n\t\t\t\t<div class=\"elementor-widget-container\">\n\t\t\t\t\t\t\t\t\t<p>Que vous soyez un particulier curieux de d\u00e9couvrir la Cryoth\u00e9rapie ou un professionnel souhaitant en savoir plus sur nos offres, contactez-nous via le formulaire ci-dessous \u2014 notre \u00e9quipe vous r\u00e9pondra dans les plus brefs d\u00e9lais.<\/p>\t\t\t\t\t\t\t\t<\/div>\n\t\t\t\t<\/div>\n\t\t\t\t<div class=\"elementor-element elementor-element-8837fdc exad-sticky-section-no exad-glass-effect-no elementor-widget elementor-widget-spacer\" data-id=\"8837fdc\" data-element_type=\"widget\" data-e-type=\"widget\" data-widget_type=\"spacer.default\">\n\t\t\t\t<div class=\"elementor-widget-container\">\n\t\t\t\t\t\t\t<div class=\"elementor-spacer\">\n\t\t\t<div class=\"elementor-spacer-inner\"><\/div>\n\t\t<\/div>\n\t\t\t\t\t\t<\/div>\n\t\t\t\t<\/div>\n\t\t\t\t<div class=\"elementor-element elementor-element-2a745b0 exad-sticky-section-no exad-glass-effect-no elementor-widget elementor-widget-text-editor\" data-id=\"2a745b0\" data-element_type=\"widget\" data-e-type=\"widget\" data-widget_type=\"text-editor.default\">\n\t\t\t\t<div class=\"elementor-widget-container\">\n\t\t\t\t\t\t\t\t\t<p><em>Tous les champs sont obligatoires<\/em><\/p>\t\t\t\t\t\t\t\t<\/div>\n\t\t\t\t<\/div>\n\t\t\t\t\t<\/div>\n\t\t\t\t<\/div>\n\t\t<div class=\"elementor-element elementor-element-06a9f54 e-flex e-con-boxed parallax_section_no qode_elementor_container_no e-con e-parent\" data-id=\"06a9f54\" data-element_type=\"container\" data-e-type=\"container\">\n\t\t\t\t\t<div class=\"e-con-inner\">\n\t\t<div class=\"elementor-element elementor-element-257016c e-con-full e-flex parallax_section_no qode_elementor_container_no e-con e-child\" data-id=\"257016c\" data-element_type=\"container\" data-e-type=\"container\">\n\t\t\t\t<div class=\"elementor-element elementor-element-b030ec4 elementor-button-align-stretch exad-sticky-section-no exad-glass-effect-no elementor-widget elementor-widget-form\" data-id=\"b030ec4\" data-element_type=\"widget\" data-e-type=\"widget\" data-settings=\"{&quot;button_width&quot;:&quot;30&quot;,&quot;step_next_label&quot;:&quot;Next&quot;,&quot;step_previous_label&quot;:&quot;Previous&quot;,&quot;step_type&quot;:&quot;number_text&quot;,&quot;step_icon_shape&quot;:&quot;circle&quot;}\" data-widget_type=\"form.default\">\n\t\t\t\t<div class=\"elementor-widget-container\">\n\t\t\t\t\t\t\t<form class=\"elementor-form\" method=\"post\" name=\"Formulaire de contact\" aria-label=\"Formulaire de contact\">\n\t\t\t<input type=\"hidden\" name=\"post_id\" value=\"3154\"\/>\n\t\t\t<input type=\"hidden\" name=\"form_id\" value=\"b030ec4\"\/>\n\t\t\t<input type=\"hidden\" name=\"referer_title\" value=\"Contactez-nous - CryoBliss\" \/>\n\n\t\t\t\t\t\t\t<input type=\"hidden\" name=\"queried_id\" value=\"3154\"\/>\n\t\t\t\n\t\t\t<div class=\"elementor-form-fields-wrapper elementor-labels-above\">\n\t\t\t\t\t\t\t\t<div class=\"elementor-field-type-select elementor-field-group elementor-column elementor-field-group-statut elementor-col-60\">\n\t\t\t\t\t\t\t\t\t\t\t\t<label for=\"form-field-statut\" class=\"elementor-field-label\">\n\t\t\t\t\t\t\t\tVous \u00eates\t\t\t\t\t\t\t<\/label>\n\t\t\t\t\t\t\t\t<div class=\"elementor-field elementor-select-wrapper remove-before \">\n\t\t\t<div class=\"select-caret-down-wrapper\">\n\t\t\t\t<svg aria-hidden=\"true\" class=\"e-font-icon-svg e-eicon-caret-down\" viewBox=\"0 0 571.4 571.4\" xmlns=\"http:\/\/www.w3.org\/2000\/svg\"><path d=\"M571 393Q571 407 561 418L311 668Q300 679 286 679T261 668L11 418Q0 407 0 393T11 368 36 357H536Q550 357 561 368T571 393Z\"><\/path><\/svg>\t\t\t<\/div>\n\t\t\t<select name=\"form_fields[statut]\" id=\"form-field-statut\" class=\"elementor-field-textual elementor-size-lg\">\n\t\t\t\t\t\t\t\t\t<option value=\"\"><\/option>\n\t\t\t\t\t\t\t\t\t<option value=\"Particulier\">Particulier<\/option>\n\t\t\t\t\t\t\t\t\t<option value=\"Professionnel\">Professionnel<\/option>\n\t\t\t\t\t\t\t<\/select>\n\t\t<\/div>\n\t\t\t\t\t\t<\/div>\n\t\t\t\t\t\t\t\t<div class=\"elementor-field-type-text elementor-field-group elementor-column elementor-field-group-field_4bc8a37 elementor-col-50\">\n\t\t\t\t\t\t\t\t\t\t\t\t<label for=\"form-field-field_4bc8a37\" class=\"elementor-field-label\">\n\t\t\t\t\t\t\t\tPr\u00e9nom\t\t\t\t\t\t\t<\/label>\n\t\t\t\t\t\t\t\t\t\t\t\t\t\t<input size=\"1\" type=\"text\" name=\"form_fields[field_4bc8a37]\" id=\"form-field-field_4bc8a37\" class=\"elementor-field elementor-size-lg  elementor-field-textual\">\n\t\t\t\t\t\t\t\t\t\t\t<\/div>\n\t\t\t\t\t\t\t\t<div class=\"elementor-field-type-text elementor-field-group elementor-column elementor-field-group-field_f4d382b elementor-col-50\">\n\t\t\t\t\t\t\t\t\t\t\t\t<label for=\"form-field-field_f4d382b\" class=\"elementor-field-label\">\n\t\t\t\t\t\t\t\tNom\t\t\t\t\t\t\t<\/label>\n\t\t\t\t\t\t\t\t\t\t\t\t\t\t<input size=\"1\" type=\"text\" name=\"form_fields[field_f4d382b]\" id=\"form-field-field_f4d382b\" class=\"elementor-field elementor-size-lg  elementor-field-textual\">\n\t\t\t\t\t\t\t\t\t\t\t<\/div>\n\t\t\t\t\t\t\t\t<div class=\"elementor-field-type-email elementor-field-group elementor-column elementor-field-group-field_24ea420 elementor-col-50\">\n\t\t\t\t\t\t\t\t\t\t\t\t<label for=\"form-field-field_24ea420\" class=\"elementor-field-label\">\n\t\t\t\t\t\t\t\tE-mail\t\t\t\t\t\t\t<\/label>\n\t\t\t\t\t\t\t\t\t\t\t\t\t\t<input size=\"1\" type=\"email\" name=\"form_fields[field_24ea420]\" id=\"form-field-field_24ea420\" class=\"elementor-field elementor-size-lg  elementor-field-textual\">\n\t\t\t\t\t\t\t\t\t\t\t<\/div>\n\t\t\t\t\t\t\t\t<div class=\"elementor-field-type-tel elementor-field-group elementor-column elementor-field-group-field_7b271c2 elementor-col-50\">\n\t\t\t\t\t\t\t\t\t\t\t\t<label for=\"form-field-field_7b271c2\" class=\"elementor-field-label\">\n\t\t\t\t\t\t\t\tT\u00e9l\u00e9phone\t\t\t\t\t\t\t<\/label>\n\t\t\t\t\t\t\t\t<input size=\"1\" type=\"tel\" name=\"form_fields[field_7b271c2]\" id=\"form-field-field_7b271c2\" class=\"elementor-field elementor-size-lg  elementor-field-textual\" pattern=\"[0-9()#&amp;+*-=.]+\" title=\"Seuls les caract\u00e8res de num\u00e9ros de t\u00e9l\u00e9phone (#, -, *, etc.) sont accept\u00e9s.\">\n\n\t\t\t\t\t\t<\/div>\n\t\t\t\t\t\t\t\t<div class=\"elementor-field-type-text elementor-field-group elementor-column elementor-field-group-message elementor-col-100\">\n\t\t\t\t\t\t\t\t\t\t\t\t<label for=\"form-field-message\" class=\"elementor-field-label\">\n\t\t\t\t\t\t\t\tMessage\t\t\t\t\t\t\t<\/label>\n\t\t\t\t\t\t\t\t\t\t\t\t\t\t<input size=\"1\" type=\"text\" name=\"form_fields[message]\" id=\"form-field-message\" class=\"elementor-field elementor-size-lg  elementor-field-textual\">\n\t\t\t\t\t\t\t\t\t\t\t<\/div>\n\t\t\t\t\t\t\t\t<div class=\"elementor-field-type-acceptance elementor-field-group elementor-column elementor-field-group-field_464fe60 elementor-col-100 elementor-field-required elementor-mark-required\">\n\t\t\t\t\t\t\t<div class=\"elementor-field-subgroup\">\n\t\t\t<span class=\"elementor-field-option\">\n\t\t\t\t<input type=\"checkbox\" name=\"form_fields[field_464fe60]\" id=\"form-field-field_464fe60\" class=\"elementor-field elementor-size-lg  elementor-acceptance-field\" required=\"required\">\n\t\t\t\t<label for=\"form-field-field_464fe60\">J\u2019accepte la politique de confidentialit\u00e9 et de gestion des donn\u00e9es <br>personnelles<\/label>\t\t\t<\/span>\n\t\t<\/div>\n\t\t\t\t\t\t<\/div>\n\t\t\t\t\t\t\t\t<div class=\"elementor-field-group elementor-column elementor-field-type-submit elementor-col-30 e-form__buttons\">\n\t\t\t\t\t<button class=\"elementor-button elementor-size-sm\" type=\"submit\">\n\t\t\t\t\t\t<span class=\"elementor-button-content-wrapper\">\n\t\t\t\t\t\t\t\t\t\t\t\t\t\t\t\t\t\t\t\t\t\t<span class=\"elementor-button-text\">Envoyer<\/span>\n\t\t\t\t\t\t\t\t\t\t\t\t\t<\/span>\n\t\t\t\t\t<\/button>\n\t\t\t\t<\/div>\n\t\t\t<\/div>\n\t\t<\/form>\n\t\t\t\t\t\t<\/div>\n\t\t\t\t<\/div>\n\t\t\t\t<\/div>\n\t\t<div class=\"elementor-element elementor-element-c26f02e e-grid e-con-full parallax_section_no qode_elementor_container_no e-con e-child\" data-id=\"c26f02e\" data-element_type=\"container\" data-e-type=\"container\">\n\t\t\t\t<div class=\"elementor-element elementor-element-a7ccd5a exad-sticky-section-no exad-glass-effect-no elementor-widget elementor-widget-image\" data-id=\"a7ccd5a\" data-element_type=\"widget\" data-e-type=\"widget\" data-widget_type=\"image.default\">\n\t\t\t\t<div class=\"elementor-widget-container\">\n\t\t\t\t\t\t\t\t\t\t\t\t\t\t\t\t<a href=\"https:\/\/www.google.com\/maps\/dir\/\/48+Rue+Galil%C3%A9e,+75116+Paris\/data=!4m6!4m5!1m1!4e2!1m2!1m1!1s0x47e66fe9101f289d:0x6961f48b422004d2?sa=X&#038;ved=1t:707&#038;ictx=111\">\n\t\t\t\t\t\t\t<img decoding=\"async\" src=\"https:\/\/cryobliss.fr\/wp-content\/uploads\/elementor\/thumbs\/Maps_cryobliss-1-r3a2irj8eco1r8hissdwfu0s9tjc8s9e4ozqy8yrlk.png\" title=\"Maps_cryobliss\" alt=\"Contactez-nous Map\" loading=\"lazy\" \/>\t\t\t\t\t\t\t\t<\/a>\n\t\t\t\t\t\t\t\t\t\t\t\t\t\t\t<\/div>\n\t\t\t\t<\/div>\n\t\t<div class=\"elementor-element elementor-element-bf6e87b e-con-full e-flex parallax_section_no qode_elementor_container_no e-con e-child\" data-id=\"bf6e87b\" data-element_type=\"container\" data-e-type=\"container\" data-settings=\"{&quot;background_background&quot;:&quot;classic&quot;}\">\n\t\t\t\t<div class=\"elementor-element elementor-element-f2c1843 exad-sticky-section-no exad-glass-effect-no elementor-widget elementor-widget-text-editor\" data-id=\"f2c1843\" data-element_type=\"widget\" data-e-type=\"widget\" data-widget_type=\"text-editor.default\">\n\t\t\t\t<div class=\"elementor-widget-container\">\n\t\t\t\t\t\t\t\t\t<p><a href=\"https:\/\/www.google.com\/maps\/dir\/\/48+Rue+Galil%C3%A9e,+75116+Paris\/data=!4m6!4m5!1m1!4e2!1m2!1m1!1s0x47e66fe9101f289d:0x6961f48b422004d2?sa=X&amp;ved=1t:707&amp;ictx=111\">48 rue Galil\u00e9e, 75116 Paris<\/a><br \/><a href=\"https:\/\/www.google.com\/maps\/dir\/\/48+Rue+Galil%C3%A9e,+75116+Paris\/data=!4m6!4m5!1m1!4e2!1m2!1m1!1s0x47e66fe9101f289d:0x6961f48b422004d2?sa=X&amp;ved=1t:707&amp;ictx=111\">Consulter l\u2019itin\u00e9raire<\/a><br \/><a href=\"tel:+33186043493\">+33 1 86 04 34 93<\/a><br \/><a href=\"mailto:contact@cryobliss.fr\">contact@cryobliss.fr<\/a><br \/>Horaires : Lundi au Samedi, 8h &#8211; 20h<\/p>\t\t\t\t\t\t\t\t<\/div>\n\t\t\t\t<\/div>\n\t\t\t\t<\/div>\n\t\t\t\t<\/div>\n\t\t\t\t\t<\/div>\n\t\t\t\t<\/div>\n\t\t<div class=\"elementor-element elementor-element-463925c e-con-full elementor-hidden-mobile e-flex parallax_section_no qode_elementor_container_no e-con e-parent\" data-id=\"463925c\" data-element_type=\"container\" data-e-type=\"container\" data-settings=\"{&quot;background_background&quot;:&quot;classic&quot;}\">\n\t\t\t\t<div class=\"elementor-element elementor-element-9a877a2 exad-sticky-section-no exad-glass-effect-no elementor-widget elementor-widget-image\" data-id=\"9a877a2\" data-element_type=\"widget\" data-e-type=\"widget\" data-widget_type=\"image.default\">\n\t\t\t\t<div class=\"elementor-widget-container\">\n\t\t\t\t\t\t\t\t\t\t\t\t\t\t\t<img decoding=\"async\" src=\"https:\/\/cryobliss.fr\/wp-content\/uploads\/elementor\/thumbs\/Monogramme-gauche-Cryobliss-1-r42yuudmx98j1d9sr1th9y728kqmhkambwo9frklnk.png\" title=\"Monogramme-gauche-Cryobliss\" alt=\"Monogramme gauche Cryobliss\" loading=\"lazy\" \/>\t\t\t\t\t\t\t\t\t\t\t\t\t\t\t<\/div>\n\t\t\t\t<\/div>\n\t\t\t\t<\/div>\n\t\t\t\t<\/div>\n\t\t","protected":false},"excerpt":{"rendered":"<p>NOUS CONTACTER NOUS CONTACTER Que vous soyez un particulier curieux de d\u00e9couvrir la Cryoth\u00e9rapie ou un professionnel souhaitant en savoir plus sur nos offres, contactez-nous via le formulaire ci-dessous \u2014 notre \u00e9quipe vous r\u00e9pondra dans les plus brefs d\u00e9lais. Tous les champs sont obligatoires 48&#8230;<\/p>\n","protected":false},"author":1,"featured_media":0,"parent":0,"menu_order":0,"comment_status":"closed","ping_status":"closed","template":"full_width.php","meta":{"footnotes":""},"class_list":["post-3154","page","type-page","status-publish","hentry"],"yoast_head":"<!-- This site is optimized with the Yoast SEO plugin v27.4 - https:\/\/yoast.com\/product\/yoast-seo-wordpress\/ -->\n<title>Contactez-nous - CryoBliss<\/title>\n<meta name=\"description\" content=\"Curieux de d\u00e9couvrir la Cryoth\u00e9rapie ou un professionnel souhaitant en savoir plus sur nos offres, contactez-nous !\" \/>\n<meta name=\"robots\" content=\"index, follow, max-snippet:-1, max-image-preview:large, max-video-preview:-1\" \/>\n<link rel=\"canonical\" href=\"https:\/\/cryobliss.fr\/fr\/contact\/\" \/>\n<meta property=\"og:locale\" content=\"fr_FR\" \/>\n<meta property=\"og:type\" content=\"article\" \/>\n<meta property=\"og:title\" content=\"Contactez-nous - CryoBliss\" \/>\n<meta property=\"og:description\" content=\"Curieux de d\u00e9couvrir la Cryoth\u00e9rapie ou un professionnel souhaitant en savoir plus sur nos offres, contactez-nous !\" \/>\n<meta property=\"og:url\" content=\"https:\/\/cryobliss.fr\/fr\/contact\/\" \/>\n<meta property=\"og:site_name\" content=\"CryoBliss\" \/>\n<meta property=\"article:publisher\" content=\"https:\/\/www.facebook.com\/profile.php?id=61573490257929\" \/>\n<meta property=\"article:modified_time\" content=\"2025-10-06T17:16:23+00:00\" \/>\n<meta property=\"og:image\" content=\"https:\/\/cryobliss.fr\/wp-content\/uploads\/elementor\/thumbs\/Maps_cryobliss-1-r3a2irj8eco1r8hissdwfu0s9tjc8s9e4ozqy8yrlk.png\" \/>\n<meta name=\"twitter:card\" content=\"summary_large_image\" \/>\n<meta name=\"twitter:label1\" content=\"Dur\u00e9e de lecture estim\u00e9e\" \/>\n\t<meta name=\"twitter:data1\" content=\"1 minute\" \/>\n<script type=\"application\/ld+json\" class=\"yoast-schema-graph\">{\"@context\":\"https:\\\/\\\/schema.org\",\"@graph\":[{\"@type\":\"WebPage\",\"@id\":\"https:\\\/\\\/cryobliss.fr\\\/fr\\\/contact\\\/\",\"url\":\"https:\\\/\\\/cryobliss.fr\\\/fr\\\/contact\\\/\",\"name\":\"Contactez-nous - CryoBliss\",\"isPartOf\":{\"@id\":\"https:\\\/\\\/cryobliss.fr\\\/#website\"},\"primaryImageOfPage\":{\"@id\":\"https:\\\/\\\/cryobliss.fr\\\/fr\\\/contact\\\/#primaryimage\"},\"image\":{\"@id\":\"https:\\\/\\\/cryobliss.fr\\\/fr\\\/contact\\\/#primaryimage\"},\"thumbnailUrl\":\"https:\\\/\\\/cryobliss.fr\\\/wp-content\\\/uploads\\\/elementor\\\/thumbs\\\/Maps_cryobliss-1-r3a2irj8eco1r8hissdwfu0s9tjc8s9e4ozqy8yrlk.png\",\"datePublished\":\"2025-03-23T03:03:47+00:00\",\"dateModified\":\"2025-10-06T17:16:23+00:00\",\"description\":\"Curieux de d\u00e9couvrir la Cryoth\u00e9rapie ou un professionnel souhaitant en savoir plus sur nos offres, contactez-nous !\",\"breadcrumb\":{\"@id\":\"https:\\\/\\\/cryobliss.fr\\\/fr\\\/contact\\\/#breadcrumb\"},\"inLanguage\":\"fr-FR\",\"potentialAction\":[{\"@type\":\"ReadAction\",\"target\":[\"https:\\\/\\\/cryobliss.fr\\\/fr\\\/contact\\\/\"]}]},{\"@type\":\"ImageObject\",\"inLanguage\":\"fr-FR\",\"@id\":\"https:\\\/\\\/cryobliss.fr\\\/fr\\\/contact\\\/#primaryimage\",\"url\":\"https:\\\/\\\/cryobliss.fr\\\/wp-content\\\/uploads\\\/elementor\\\/thumbs\\\/Maps_cryobliss-1-r3a2irj8eco1r8hissdwfu0s9tjc8s9e4ozqy8yrlk.png\",\"contentUrl\":\"https:\\\/\\\/cryobliss.fr\\\/wp-content\\\/uploads\\\/elementor\\\/thumbs\\\/Maps_cryobliss-1-r3a2irj8eco1r8hissdwfu0s9tjc8s9e4ozqy8yrlk.png\"},{\"@type\":\"BreadcrumbList\",\"@id\":\"https:\\\/\\\/cryobliss.fr\\\/fr\\\/contact\\\/#breadcrumb\",\"itemListElement\":[{\"@type\":\"ListItem\",\"position\":1,\"name\":\"Accueil\",\"item\":\"https:\\\/\\\/cryobliss.fr\\\/fr\\\/\"},{\"@type\":\"ListItem\",\"position\":2,\"name\":\"Contactez-nous\"}]},{\"@type\":\"WebSite\",\"@id\":\"https:\\\/\\\/cryobliss.fr\\\/#website\",\"url\":\"https:\\\/\\\/cryobliss.fr\\\/\",\"name\":\"CryoBliss\",\"description\":\"Le studio bien-\u00eatre \u00e0 Paris\",\"publisher\":{\"@id\":\"https:\\\/\\\/cryobliss.fr\\\/#organization\"},\"potentialAction\":[{\"@type\":\"SearchAction\",\"target\":{\"@type\":\"EntryPoint\",\"urlTemplate\":\"https:\\\/\\\/cryobliss.fr\\\/?s={search_term_string}\"},\"query-input\":{\"@type\":\"PropertyValueSpecification\",\"valueRequired\":true,\"valueName\":\"search_term_string\"}}],\"inLanguage\":\"fr-FR\"},{\"@type\":\"Organization\",\"@id\":\"https:\\\/\\\/cryobliss.fr\\\/#organization\",\"name\":\"CryoBliss\",\"url\":\"https:\\\/\\\/cryobliss.fr\\\/\",\"logo\":{\"@type\":\"ImageObject\",\"inLanguage\":\"fr-FR\",\"@id\":\"https:\\\/\\\/cryobliss.fr\\\/#\\\/schema\\\/logo\\\/image\\\/\",\"url\":\"https:\\\/\\\/cryobliss.fr\\\/wp-content\\\/uploads\\\/2025\\\/06\\\/cryobliss-favicon.png\",\"contentUrl\":\"https:\\\/\\\/cryobliss.fr\\\/wp-content\\\/uploads\\\/2025\\\/06\\\/cryobliss-favicon.png\",\"width\":512,\"height\":512,\"caption\":\"CryoBliss\"},\"image\":{\"@id\":\"https:\\\/\\\/cryobliss.fr\\\/#\\\/schema\\\/logo\\\/image\\\/\"},\"sameAs\":[\"https:\\\/\\\/www.facebook.com\\\/profile.php?id=61573490257929\",\"https:\\\/\\\/www.instagram.com\\\/cryoblissparis\\\/\",\"https:\\\/\\\/api.whatsapp.com\\\/message\\\/FRW27F4IHIOIB1?autoload=1&app_absent=0\"]}]}<\/script>\n<!-- \/ Yoast SEO plugin. -->","yoast_head_json":{"title":"Contactez-nous - CryoBliss","description":"Curieux de d\u00e9couvrir la Cryoth\u00e9rapie ou un professionnel souhaitant en savoir plus sur nos offres, contactez-nous !","robots":{"index":"index","follow":"follow","max-snippet":"max-snippet:-1","max-image-preview":"max-image-preview:large","max-video-preview":"max-video-preview:-1"},"canonical":"https:\/\/cryobliss.fr\/fr\/contact\/","og_locale":"fr_FR","og_type":"article","og_title":"Contactez-nous - CryoBliss","og_description":"Curieux de d\u00e9couvrir la Cryoth\u00e9rapie ou un professionnel souhaitant en savoir plus sur nos offres, contactez-nous !","og_url":"https:\/\/cryobliss.fr\/fr\/contact\/","og_site_name":"CryoBliss","article_publisher":"https:\/\/www.facebook.com\/profile.php?id=61573490257929","article_modified_time":"2025-10-06T17:16:23+00:00","og_image":[{"url":"https:\/\/cryobliss.fr\/wp-content\/uploads\/elementor\/thumbs\/Maps_cryobliss-1-r3a2irj8eco1r8hissdwfu0s9tjc8s9e4ozqy8yrlk.png","type":"","width":"","height":""}],"twitter_card":"summary_large_image","twitter_misc":{"Dur\u00e9e de lecture estim\u00e9e":"1 minute"},"schema":{"@context":"https:\/\/schema.org","@graph":[{"@type":"WebPage","@id":"https:\/\/cryobliss.fr\/fr\/contact\/","url":"https:\/\/cryobliss.fr\/fr\/contact\/","name":"Contactez-nous - CryoBliss","isPartOf":{"@id":"https:\/\/cryobliss.fr\/#website"},"primaryImageOfPage":{"@id":"https:\/\/cryobliss.fr\/fr\/contact\/#primaryimage"},"image":{"@id":"https:\/\/cryobliss.fr\/fr\/contact\/#primaryimage"},"thumbnailUrl":"https:\/\/cryobliss.fr\/wp-content\/uploads\/elementor\/thumbs\/Maps_cryobliss-1-r3a2irj8eco1r8hissdwfu0s9tjc8s9e4ozqy8yrlk.png","datePublished":"2025-03-23T03:03:47+00:00","dateModified":"2025-10-06T17:16:23+00:00","description":"Curieux de d\u00e9couvrir la Cryoth\u00e9rapie ou un professionnel souhaitant en savoir plus sur nos offres, contactez-nous !","breadcrumb":{"@id":"https:\/\/cryobliss.fr\/fr\/contact\/#breadcrumb"},"inLanguage":"fr-FR","potentialAction":[{"@type":"ReadAction","target":["https:\/\/cryobliss.fr\/fr\/contact\/"]}]},{"@type":"ImageObject","inLanguage":"fr-FR","@id":"https:\/\/cryobliss.fr\/fr\/contact\/#primaryimage","url":"https:\/\/cryobliss.fr\/wp-content\/uploads\/elementor\/thumbs\/Maps_cryobliss-1-r3a2irj8eco1r8hissdwfu0s9tjc8s9e4ozqy8yrlk.png","contentUrl":"https:\/\/cryobliss.fr\/wp-content\/uploads\/elementor\/thumbs\/Maps_cryobliss-1-r3a2irj8eco1r8hissdwfu0s9tjc8s9e4ozqy8yrlk.png"},{"@type":"BreadcrumbList","@id":"https:\/\/cryobliss.fr\/fr\/contact\/#breadcrumb","itemListElement":[{"@type":"ListItem","position":1,"name":"Accueil","item":"https:\/\/cryobliss.fr\/fr\/"},{"@type":"ListItem","position":2,"name":"Contactez-nous"}]},{"@type":"WebSite","@id":"https:\/\/cryobliss.fr\/#website","url":"https:\/\/cryobliss.fr\/","name":"CryoBliss","description":"Le studio bien-\u00eatre \u00e0 Paris","publisher":{"@id":"https:\/\/cryobliss.fr\/#organization"},"potentialAction":[{"@type":"SearchAction","target":{"@type":"EntryPoint","urlTemplate":"https:\/\/cryobliss.fr\/?s={search_term_string}"},"query-input":{"@type":"PropertyValueSpecification","valueRequired":true,"valueName":"search_term_string"}}],"inLanguage":"fr-FR"},{"@type":"Organization","@id":"https:\/\/cryobliss.fr\/#organization","name":"CryoBliss","url":"https:\/\/cryobliss.fr\/","logo":{"@type":"ImageObject","inLanguage":"fr-FR","@id":"https:\/\/cryobliss.fr\/#\/schema\/logo\/image\/","url":"https:\/\/cryobliss.fr\/wp-content\/uploads\/2025\/06\/cryobliss-favicon.png","contentUrl":"https:\/\/cryobliss.fr\/wp-content\/uploads\/2025\/06\/cryobliss-favicon.png","width":512,"height":512,"caption":"CryoBliss"},"image":{"@id":"https:\/\/cryobliss.fr\/#\/schema\/logo\/image\/"},"sameAs":["https:\/\/www.facebook.com\/profile.php?id=61573490257929","https:\/\/www.instagram.com\/cryoblissparis\/","https:\/\/api.whatsapp.com\/message\/FRW27F4IHIOIB1?autoload=1&app_absent=0"]}]}},"_links":{"self":[{"href":"https:\/\/cryobliss.fr\/fr\/wp-json\/wp\/v2\/pages\/3154","targetHints":{"allow":["GET"]}}],"collection":[{"href":"https:\/\/cryobliss.fr\/fr\/wp-json\/wp\/v2\/pages"}],"about":[{"href":"https:\/\/cryobliss.fr\/fr\/wp-json\/wp\/v2\/types\/page"}],"author":[{"embeddable":true,"href":"https:\/\/cryobliss.fr\/fr\/wp-json\/wp\/v2\/users\/1"}],"replies":[{"embeddable":true,"href":"https:\/\/cryobliss.fr\/fr\/wp-json\/wp\/v2\/comments?post=3154"}],"version-history":[{"count":5,"href":"https:\/\/cryobliss.fr\/fr\/wp-json\/wp\/v2\/pages\/3154\/revisions"}],"predecessor-version":[{"id":8432,"href":"https:\/\/cryobliss.fr\/fr\/wp-json\/wp\/v2\/pages\/3154\/revisions\/8432"}],"wp:attachment":[{"href":"https:\/\/cryobliss.fr\/fr\/wp-json\/wp\/v2\/media?parent=3154"}],"curies":[{"name":"wp","href":"https:\/\/api.w.org\/{rel}","templated":true}]}}