{"id":5262,"date":"2025-04-11T11:52:08","date_gmt":"2025-04-11T09:52:08","guid":{"rendered":"http:\/\/caljlqu.cluster100.hosting.ovh.net\/?page_id=5262"},"modified":"2025-05-10T14:41:48","modified_gmt":"2025-05-10T12:41:48","slug":"mentions-legales","status":"publish","type":"page","link":"https:\/\/cryobliss.fr\/fr\/mentions-legales\/","title":{"rendered":"Mentions l\u00e9gales"},"content":{"rendered":"\t\t<div data-elementor-type=\"wp-page\" data-elementor-id=\"5262\" class=\"elementor elementor-5262\" data-elementor-post-type=\"page\">\n\t\t\t\t<div class=\"elementor-element elementor-element-5d7e96a e-flex e-con-boxed parallax_section_no qode_elementor_container_no e-con e-parent\" data-id=\"5d7e96a\" data-element_type=\"container\" data-e-type=\"container\">\n\t\t\t\t\t<div class=\"e-con-inner\">\n\t\t\t\t<div class=\"elementor-element elementor-element-22a7bed exad-sticky-section-no exad-glass-effect-no elementor-widget elementor-widget-spacer\" data-id=\"22a7bed\" data-element_type=\"widget\" data-e-type=\"widget\" data-widget_type=\"spacer.default\">\n\t\t\t\t<div class=\"elementor-widget-container\">\n\t\t\t\t\t\t\t<div class=\"elementor-spacer\">\n\t\t\t<div class=\"elementor-spacer-inner\"><\/div>\n\t\t<\/div>\n\t\t\t\t\t\t<\/div>\n\t\t\t\t<\/div>\n\t\t\t\t<div class=\"elementor-element elementor-element-78d63a8 exad-sticky-section-no exad-glass-effect-no elementor-widget elementor-widget-heading\" data-id=\"78d63a8\" data-element_type=\"widget\" data-e-type=\"widget\" data-widget_type=\"heading.default\">\n\t\t\t\t<div class=\"elementor-widget-container\">\n\t\t\t\t\t<h2 class=\"elementor-heading-title elementor-size-default\">MENTIONS L\u00c9GALES<\/h2>\t\t\t\t<\/div>\n\t\t\t\t<\/div>\n\t\t\t\t<div class=\"elementor-element elementor-element-cf18a6f exad-sticky-section-no exad-glass-effect-no elementor-widget elementor-widget-spacer\" data-id=\"cf18a6f\" data-element_type=\"widget\" data-e-type=\"widget\" data-widget_type=\"spacer.default\">\n\t\t\t\t<div class=\"elementor-widget-container\">\n\t\t\t\t\t\t\t<div class=\"elementor-spacer\">\n\t\t\t<div class=\"elementor-spacer-inner\"><\/div>\n\t\t<\/div>\n\t\t\t\t\t\t<\/div>\n\t\t\t\t<\/div>\n\t\t\t\t\t<\/div>\n\t\t\t\t<\/div>\n\t\t<div class=\"elementor-element elementor-element-3a351521 e-flex e-con-boxed parallax_section_no qode_elementor_container_no e-con e-parent\" data-id=\"3a351521\" data-element_type=\"container\" data-e-type=\"container\">\n\t\t\t\t\t<div class=\"e-con-inner\">\n\t\t\t\t<div class=\"elementor-element elementor-element-423ab7f0 exad-sticky-section-no exad-glass-effect-no elementor-widget elementor-widget-text-editor\" data-id=\"423ab7f0\" data-element_type=\"widget\" data-e-type=\"widget\" data-widget_type=\"text-editor.default\">\n\t\t\t\t<div class=\"elementor-widget-container\">\n\t\t\t\t\t\t\t\t\t<h3><strong>\u00c9diteur du site\u00a0<\/strong><\/h3>\n<p><!-- \/wp:heading --><!-- wp:paragraph --><\/p>\n<p><strong>Ce site est \u00e9dit\u00e9 par :<br \/><\/strong><span style=\"font-weight: 400;\">CRYOBLISS, Soci\u00e9t\u00e9 par Actions Simplifi\u00e9e (SAS) au capital de 1 000 \u20ac<\/span><span style=\"font-weight: 400;\"><br \/><\/span><span style=\"font-weight: 400;\">Immatricul\u00e9e au RCS de Paris sous le num\u00e9ro 941 468 720.<\/span><span style=\"font-weight: 400;\"><br \/><\/span><span style=\"font-weight: 400;\">Si\u00e8ge social : 48 rue Galil\u00e9e, 75116 Paris.\u00a0<\/span><\/p>\n<p><span style=\"font-weight: 400;\">Responsable de publication : Jean-Luc Zbirou, Directeur G\u00e9n\u00e9ral<\/span><\/p>\n<p><!-- \/wp:paragraph --><!-- wp:heading --><\/p>\n<h3>\u00a0<\/h3>\n<h3><strong>H\u00e9bergement<\/strong><\/h3>\n<p><!-- \/wp:heading --><!-- wp:paragraph --><\/p>\n<p><strong>Le site est h\u00e9berg\u00e9 par :<br \/><\/strong><span style=\"font-weight: 400;\">OVH SAS<\/span><span style=\"font-weight: 400;\"><br \/><\/span><span style=\"font-weight: 400;\">2 rue Kellermann \u2013 59100 Roubaix \u2013 France<\/span><span style=\"font-weight: 400;\"><br \/><\/span><span style=\"font-weight: 400;\">T\u00e9l. : 1007<\/span><span style=\"font-weight: 400;\"><br \/><\/span><span style=\"font-weight: 400;\">Site :<\/span><a href=\"https:\/\/www.ovh.com\"> <span style=\"font-weight: 400;\">www.ovh.com<\/span><\/a><\/p>\n<p><!-- \/wp:paragraph --><!-- wp:heading --><\/p>\n<h3>\u00a0<\/h3>\n<h3><strong>Propri\u00e9t\u00e9 intellectuelle<\/strong><\/h3>\n<p><!-- \/wp:heading --><!-- wp:paragraph --><\/p>\n<p><span style=\"font-weight: 400;\">L\u2019ensemble du contenu pr\u00e9sent sur ce site (textes, images, graphismes, logo, vid\u00e9os, etc.) est la propri\u00e9t\u00e9 exclusive de CRYOBLISS, sauf mention contraire et est prot\u00e9g\u00e9 par le droit de la propri\u00e9t\u00e9 intellectuelle. Toute reproduction ou repr\u00e9sentation totale ou partielle est interdite sans autorisation pr\u00e9alable \u00e9crite.<\/span><\/p>\n<p><!-- \/wp:paragraph --><!-- wp:heading --><\/p>\n<p><!-- \/wp:paragraph --><!-- wp:heading --><\/p>\n<h3>\u00a0<\/h3>\n<h3><strong>Responsabilit\u00e9<\/strong><\/h3>\n<p><!-- \/wp:heading --><!-- wp:paragraph --><\/p>\n<p><span style=\"font-weight: 400;\">CRYOBLISS s\u2019efforce de fournir sur le site des informations aussi pr\u00e9cises que possible. Toutefois, elle ne pourra \u00eatre tenue responsable des omissions, inexactitudes ou carences dans la mise \u00e0 jour, qu\u2019elles soient de son fait ou du fait de tiers partenaires.<\/span><\/p>\n<p>\u00a0<\/p>\n<p>\u00a0<\/p>\n<p>\u00a0<\/p>\n<p><!-- \/wp:paragraph --><\/p>\t\t\t\t\t\t\t\t<\/div>\n\t\t\t\t<\/div>\n\t\t\t\t\t<\/div>\n\t\t\t\t<\/div>\n\t\t\t\t<\/div>\n\t\t","protected":false},"excerpt":{"rendered":"<p>MENTIONS L\u00c9GALES \u00c9diteur du site\u00a0 Ce site est \u00e9dit\u00e9 par :CRYOBLISS, Soci\u00e9t\u00e9 par Actions Simplifi\u00e9e (SAS) au capital de 1 000 \u20acImmatricul\u00e9e au RCS de Paris sous le num\u00e9ro 941 468 720.Si\u00e8ge social : 48 rue Galil\u00e9e, 75116 Paris.\u00a0 Responsable de publication : Jean-Luc Zbirou,&#8230;<\/p>\n","protected":false},"author":1,"featured_media":0,"parent":0,"menu_order":0,"comment_status":"closed","ping_status":"open","template":"full_width.php","meta":{"footnotes":""},"class_list":["post-5262","page","type-page","status-publish","hentry"],"yoast_head":"<!-- This site is optimized with the Yoast SEO plugin v27.4 - https:\/\/yoast.com\/product\/yoast-seo-wordpress\/ -->\n<title>Mentions l\u00e9gales - CryoBliss<\/title>\n<meta name=\"robots\" content=\"index, follow, max-snippet:-1, max-image-preview:large, max-video-preview:-1\" \/>\n<link rel=\"canonical\" href=\"https:\/\/cryobliss.fr\/fr\/mentions-legales\/\" \/>\n<meta property=\"og:locale\" content=\"fr_FR\" \/>\n<meta property=\"og:type\" content=\"article\" \/>\n<meta property=\"og:title\" content=\"Mentions l\u00e9gales - CryoBliss\" \/>\n<meta property=\"og:description\" content=\"MENTIONS L\u00c9GALES \u00c9diteur du site\u00a0 Ce site est \u00e9dit\u00e9 par :CRYOBLISS, Soci\u00e9t\u00e9 par Actions Simplifi\u00e9e (SAS) au capital de 1 000 \u20acImmatricul\u00e9e au RCS de Paris sous le num\u00e9ro 941 468 720.Si\u00e8ge social : 48 rue Galil\u00e9e, 75116 Paris.\u00a0 Responsable de publication : Jean-Luc Zbirou,...\" \/>\n<meta property=\"og:url\" content=\"https:\/\/cryobliss.fr\/fr\/mentions-legales\/\" \/>\n<meta property=\"og:site_name\" content=\"CryoBliss\" \/>\n<meta property=\"article:publisher\" content=\"https:\/\/www.facebook.com\/profile.php?id=61573490257929\" \/>\n<meta property=\"article:modified_time\" content=\"2025-05-10T12:41:48+00:00\" \/>\n<meta name=\"twitter:card\" content=\"summary_large_image\" \/>\n<meta name=\"twitter:label1\" content=\"Dur\u00e9e de lecture estim\u00e9e\" \/>\n\t<meta name=\"twitter:data1\" content=\"1 minute\" \/>\n<script type=\"application\/ld+json\" class=\"yoast-schema-graph\">{\"@context\":\"https:\\\/\\\/schema.org\",\"@graph\":[{\"@type\":\"WebPage\",\"@id\":\"https:\\\/\\\/cryobliss.fr\\\/mentions-legales\\\/\",\"url\":\"https:\\\/\\\/cryobliss.fr\\\/mentions-legales\\\/\",\"name\":\"Mentions l\u00e9gales - CryoBliss\",\"isPartOf\":{\"@id\":\"https:\\\/\\\/cryobliss.fr\\\/#website\"},\"datePublished\":\"2025-04-11T09:52:08+00:00\",\"dateModified\":\"2025-05-10T12:41:48+00:00\",\"breadcrumb\":{\"@id\":\"https:\\\/\\\/cryobliss.fr\\\/mentions-legales\\\/#breadcrumb\"},\"inLanguage\":\"fr-FR\",\"potentialAction\":[{\"@type\":\"ReadAction\",\"target\":[\"https:\\\/\\\/cryobliss.fr\\\/mentions-legales\\\/\"]}]},{\"@type\":\"BreadcrumbList\",\"@id\":\"https:\\\/\\\/cryobliss.fr\\\/mentions-legales\\\/#breadcrumb\",\"itemListElement\":[{\"@type\":\"ListItem\",\"position\":1,\"name\":\"Accueil\",\"item\":\"https:\\\/\\\/cryobliss.fr\\\/fr\\\/\"},{\"@type\":\"ListItem\",\"position\":2,\"name\":\"Mentions l\u00e9gales\"}]},{\"@type\":\"WebSite\",\"@id\":\"https:\\\/\\\/cryobliss.fr\\\/#website\",\"url\":\"https:\\\/\\\/cryobliss.fr\\\/\",\"name\":\"CryoBliss\",\"description\":\"Le studio bien-\u00eatre \u00e0 Paris\",\"publisher\":{\"@id\":\"https:\\\/\\\/cryobliss.fr\\\/#organization\"},\"potentialAction\":[{\"@type\":\"SearchAction\",\"target\":{\"@type\":\"EntryPoint\",\"urlTemplate\":\"https:\\\/\\\/cryobliss.fr\\\/?s={search_term_string}\"},\"query-input\":{\"@type\":\"PropertyValueSpecification\",\"valueRequired\":true,\"valueName\":\"search_term_string\"}}],\"inLanguage\":\"fr-FR\"},{\"@type\":\"Organization\",\"@id\":\"https:\\\/\\\/cryobliss.fr\\\/#organization\",\"name\":\"CryoBliss\",\"url\":\"https:\\\/\\\/cryobliss.fr\\\/\",\"logo\":{\"@type\":\"ImageObject\",\"inLanguage\":\"fr-FR\",\"@id\":\"https:\\\/\\\/cryobliss.fr\\\/#\\\/schema\\\/logo\\\/image\\\/\",\"url\":\"https:\\\/\\\/cryobliss.fr\\\/wp-content\\\/uploads\\\/2025\\\/06\\\/cryobliss-favicon.png\",\"contentUrl\":\"https:\\\/\\\/cryobliss.fr\\\/wp-content\\\/uploads\\\/2025\\\/06\\\/cryobliss-favicon.png\",\"width\":512,\"height\":512,\"caption\":\"CryoBliss\"},\"image\":{\"@id\":\"https:\\\/\\\/cryobliss.fr\\\/#\\\/schema\\\/logo\\\/image\\\/\"},\"sameAs\":[\"https:\\\/\\\/www.facebook.com\\\/profile.php?id=61573490257929\",\"https:\\\/\\\/www.instagram.com\\\/cryoblissparis\\\/\",\"https:\\\/\\\/api.whatsapp.com\\\/message\\\/FRW27F4IHIOIB1?autoload=1&app_absent=0\"]}]}<\/script>\n<!-- \/ Yoast SEO plugin. -->","yoast_head_json":{"title":"Mentions l\u00e9gales - CryoBliss","robots":{"index":"index","follow":"follow","max-snippet":"max-snippet:-1","max-image-preview":"max-image-preview:large","max-video-preview":"max-video-preview:-1"},"canonical":"https:\/\/cryobliss.fr\/fr\/mentions-legales\/","og_locale":"fr_FR","og_type":"article","og_title":"Mentions l\u00e9gales - CryoBliss","og_description":"MENTIONS L\u00c9GALES \u00c9diteur du site\u00a0 Ce site est \u00e9dit\u00e9 par :CRYOBLISS, Soci\u00e9t\u00e9 par Actions Simplifi\u00e9e (SAS) au capital de 1 000 \u20acImmatricul\u00e9e au RCS de Paris sous le num\u00e9ro 941 468 720.Si\u00e8ge social : 48 rue Galil\u00e9e, 75116 Paris.\u00a0 Responsable de publication : Jean-Luc Zbirou,...","og_url":"https:\/\/cryobliss.fr\/fr\/mentions-legales\/","og_site_name":"CryoBliss","article_publisher":"https:\/\/www.facebook.com\/profile.php?id=61573490257929","article_modified_time":"2025-05-10T12:41:48+00:00","twitter_card":"summary_large_image","twitter_misc":{"Dur\u00e9e de lecture estim\u00e9e":"1 minute"},"schema":{"@context":"https:\/\/schema.org","@graph":[{"@type":"WebPage","@id":"https:\/\/cryobliss.fr\/mentions-legales\/","url":"https:\/\/cryobliss.fr\/mentions-legales\/","name":"Mentions l\u00e9gales - CryoBliss","isPartOf":{"@id":"https:\/\/cryobliss.fr\/#website"},"datePublished":"2025-04-11T09:52:08+00:00","dateModified":"2025-05-10T12:41:48+00:00","breadcrumb":{"@id":"https:\/\/cryobliss.fr\/mentions-legales\/#breadcrumb"},"inLanguage":"fr-FR","potentialAction":[{"@type":"ReadAction","target":["https:\/\/cryobliss.fr\/mentions-legales\/"]}]},{"@type":"BreadcrumbList","@id":"https:\/\/cryobliss.fr\/mentions-legales\/#breadcrumb","itemListElement":[{"@type":"ListItem","position":1,"name":"Accueil","item":"https:\/\/cryobliss.fr\/fr\/"},{"@type":"ListItem","position":2,"name":"Mentions l\u00e9gales"}]},{"@type":"WebSite","@id":"https:\/\/cryobliss.fr\/#website","url":"https:\/\/cryobliss.fr\/","name":"CryoBliss","description":"Le studio bien-\u00eatre \u00e0 Paris","publisher":{"@id":"https:\/\/cryobliss.fr\/#organization"},"potentialAction":[{"@type":"SearchAction","target":{"@type":"EntryPoint","urlTemplate":"https:\/\/cryobliss.fr\/?s={search_term_string}"},"query-input":{"@type":"PropertyValueSpecification","valueRequired":true,"valueName":"search_term_string"}}],"inLanguage":"fr-FR"},{"@type":"Organization","@id":"https:\/\/cryobliss.fr\/#organization","name":"CryoBliss","url":"https:\/\/cryobliss.fr\/","logo":{"@type":"ImageObject","inLanguage":"fr-FR","@id":"https:\/\/cryobliss.fr\/#\/schema\/logo\/image\/","url":"https:\/\/cryobliss.fr\/wp-content\/uploads\/2025\/06\/cryobliss-favicon.png","contentUrl":"https:\/\/cryobliss.fr\/wp-content\/uploads\/2025\/06\/cryobliss-favicon.png","width":512,"height":512,"caption":"CryoBliss"},"image":{"@id":"https:\/\/cryobliss.fr\/#\/schema\/logo\/image\/"},"sameAs":["https:\/\/www.facebook.com\/profile.php?id=61573490257929","https:\/\/www.instagram.com\/cryoblissparis\/","https:\/\/api.whatsapp.com\/message\/FRW27F4IHIOIB1?autoload=1&app_absent=0"]}]}},"_links":{"self":[{"href":"https:\/\/cryobliss.fr\/fr\/wp-json\/wp\/v2\/pages\/5262","targetHints":{"allow":["GET"]}}],"collection":[{"href":"https:\/\/cryobliss.fr\/fr\/wp-json\/wp\/v2\/pages"}],"about":[{"href":"https:\/\/cryobliss.fr\/fr\/wp-json\/wp\/v2\/types\/page"}],"author":[{"embeddable":true,"href":"https:\/\/cryobliss.fr\/fr\/wp-json\/wp\/v2\/users\/1"}],"replies":[{"embeddable":true,"href":"https:\/\/cryobliss.fr\/fr\/wp-json\/wp\/v2\/comments?post=5262"}],"version-history":[{"count":0,"href":"https:\/\/cryobliss.fr\/fr\/wp-json\/wp\/v2\/pages\/5262\/revisions"}],"wp:attachment":[{"href":"https:\/\/cryobliss.fr\/fr\/wp-json\/wp\/v2\/media?parent=5262"}],"curies":[{"name":"wp","href":"https:\/\/api.w.org\/{rel}","templated":true}]}}