{"id":8771,"date":"2026-04-14T07:15:25","date_gmt":"2026-04-14T05:15:25","guid":{"rendered":"https:\/\/cryobliss.fr\/?page_id=8771"},"modified":"2026-04-14T07:32:43","modified_gmt":"2026-04-14T05:32:43","slug":"la-presse-en-parle","status":"publish","type":"page","link":"https:\/\/cryobliss.fr\/fr\/la-presse-en-parle\/","title":{"rendered":"Ils parlent de nous"},"content":{"rendered":"\t\t<div data-elementor-type=\"wp-page\" data-elementor-id=\"8771\" class=\"elementor elementor-8771\" data-elementor-post-type=\"page\">\n\t\t\t\t<div class=\"elementor-element elementor-element-40cd77b8 e-con-full elementor-hidden-mobile e-flex parallax_section_no qode_elementor_container_no e-con e-parent\" data-id=\"40cd77b8\" data-element_type=\"container\" data-e-type=\"container\" data-settings=\"{&quot;background_background&quot;:&quot;classic&quot;}\">\n\t\t<div class=\"elementor-element elementor-element-13e56e6 e-flex e-con-boxed parallax_section_no qode_elementor_container_no e-con e-child\" data-id=\"13e56e6\" data-element_type=\"container\" data-e-type=\"container\">\n\t\t\t\t\t<div class=\"e-con-inner\">\n\t\t\t\t<div class=\"elementor-element elementor-element-8bbda0d exad-sticky-section-no exad-glass-effect-no elementor-widget elementor-widget-heading\" data-id=\"8bbda0d\" data-element_type=\"widget\" data-e-type=\"widget\" data-widget_type=\"heading.default\">\n\t\t\t\t<div class=\"elementor-widget-container\">\n\t\t\t\t\t<h2 class=\"elementor-heading-title elementor-size-default\">ILS PARLENT DE NOUS<\/h2>\t\t\t\t<\/div>\n\t\t\t\t<\/div>\n\t\t\t\t\t<\/div>\n\t\t\t\t<\/div>\n\t\t\t\t<\/div>\n\t\t<div class=\"elementor-element elementor-element-76e09647 e-con-full elementor-hidden-desktop elementor-hidden-tablet e-flex parallax_section_no qode_elementor_container_no e-con e-parent\" data-id=\"76e09647\" data-element_type=\"container\" data-e-type=\"container\">\n\t\t\t\t<div class=\"elementor-element elementor-element-7ddc479 exad-sticky-section-no exad-glass-effect-no elementor-widget elementor-widget-spacer\" data-id=\"7ddc479\" data-element_type=\"widget\" data-e-type=\"widget\" data-widget_type=\"spacer.default\">\n\t\t\t\t<div class=\"elementor-widget-container\">\n\t\t\t\t\t\t\t<div class=\"elementor-spacer\">\n\t\t\t<div class=\"elementor-spacer-inner\"><\/div>\n\t\t<\/div>\n\t\t\t\t\t\t<\/div>\n\t\t\t\t<\/div>\n\t\t\t\t<div class=\"elementor-element elementor-element-ee9deac exad-sticky-section-no exad-glass-effect-no elementor-widget elementor-widget-heading\" data-id=\"ee9deac\" data-element_type=\"widget\" data-e-type=\"widget\" data-widget_type=\"heading.default\">\n\t\t\t\t<div class=\"elementor-widget-container\">\n\t\t\t\t\t<h2 class=\"elementor-heading-title elementor-size-default\">FOIRE AUX QUESTIONS<\/h2>\t\t\t\t<\/div>\n\t\t\t\t<\/div>\n\t\t\t\t<\/div>\n\t\t<div class=\"elementor-element elementor-element-5c70017 e-flex e-con-boxed parallax_section_no qode_elementor_container_no e-con e-parent\" data-id=\"5c70017\" data-element_type=\"container\" data-e-type=\"container\">\n\t\t\t\t\t<div class=\"e-con-inner\">\n\t\t\t\t<div class=\"elementor-element elementor-element-f7336d5 exad-sticky-section-no exad-glass-effect-no elementor-widget elementor-widget-spacer\" data-id=\"f7336d5\" data-element_type=\"widget\" data-e-type=\"widget\" data-widget_type=\"spacer.default\">\n\t\t\t\t<div class=\"elementor-widget-container\">\n\t\t\t\t\t\t\t<div class=\"elementor-spacer\">\n\t\t\t<div class=\"elementor-spacer-inner\"><\/div>\n\t\t<\/div>\n\t\t\t\t\t\t<\/div>\n\t\t\t\t<\/div>\n\t\t\t\t<div class=\"elementor-element elementor-element-ca11a96 exad-sticky-section-no exad-glass-effect-no elementor-widget elementor-widget-text-editor\" data-id=\"ca11a96\" data-element_type=\"widget\" data-e-type=\"widget\" data-widget_type=\"text-editor.default\">\n\t\t\t\t<div class=\"elementor-widget-container\">\n\t\t\t\t\t\t\t\t\t<p>D\u00e9couvrez ce que la presse dit de CryoBliss :<\/p>\t\t\t\t\t\t\t\t<\/div>\n\t\t\t\t<\/div>\n\t\t\t\t\t<\/div>\n\t\t\t\t<\/div>\n\t\t<div class=\"elementor-element elementor-element-8b3d07d e-grid e-con-full parallax_section_no qode_elementor_container_no e-con e-parent\" data-id=\"8b3d07d\" data-element_type=\"container\" data-e-type=\"container\">\n\t\t\t\t<div class=\"elementor-element elementor-element-05b3d4d elementor-position-top exad-sticky-section-no exad-glass-effect-no elementor-widget elementor-widget-image-box\" data-id=\"05b3d4d\" data-element_type=\"widget\" data-e-type=\"widget\" data-widget_type=\"image-box.default\">\n\t\t\t\t<div class=\"elementor-widget-container\">\n\t\t\t\t\t<div class=\"elementor-image-box-wrapper\"><figure class=\"elementor-image-box-img\"><a href=\"https:\/\/www.sortiraparis.com\/loisirs\/sport\/articles\/340079-cryobliss-le-studio-de-cryotherapie-et-de-pulsotherapie-haut-de-gamme-pres-des-champs-elysees\" tabindex=\"-1\"><img loading=\"lazy\" decoding=\"async\" width=\"432\" height=\"196\" src=\"https:\/\/cryobliss.fr\/wp-content\/uploads\/2026\/04\/1693819947.png\" class=\"attachment-full size-full wp-image-8774\" alt=\"Sortir \u00c0 Paris\" srcset=\"https:\/\/cryobliss.fr\/wp-content\/uploads\/2026\/04\/1693819947.png 432w, https:\/\/cryobliss.fr\/wp-content\/uploads\/2026\/04\/1693819947-300x136.png 300w, https:\/\/cryobliss.fr\/wp-content\/uploads\/2026\/04\/1693819947-18x8.png 18w\" sizes=\"auto, (max-width: 432px) 100vw, 432px\" \/><\/a><\/figure><div class=\"elementor-image-box-content\"><h3 class=\"elementor-image-box-title\"><a href=\"https:\/\/www.sortiraparis.com\/loisirs\/sport\/articles\/340079-cryobliss-le-studio-de-cryotherapie-et-de-pulsotherapie-haut-de-gamme-pres-des-champs-elysees\">Sortiraparis.com<\/a><\/h3><p class=\"elementor-image-box-description\">Pour une approche luxueuse et s\u00e9curisante de la r\u00e9cup\u00e9ration, direction CryoBliss, un studio de bien-\u00eatre haut de gamme nich\u00e9 pr\u00e8s des Champs-\u00c9lys\u00e9es. [...]<\/p><\/div><\/div>\t\t\t\t<\/div>\n\t\t\t\t<\/div>\n\t\t\t\t<div class=\"elementor-element elementor-element-ecfd4b7 elementor-position-top exad-sticky-section-no exad-glass-effect-no elementor-widget elementor-widget-image-box\" data-id=\"ecfd4b7\" data-element_type=\"widget\" data-e-type=\"widget\" data-widget_type=\"image-box.default\">\n\t\t\t\t<div class=\"elementor-widget-container\">\n\t\t\t\t\t<div class=\"elementor-image-box-wrapper\"><figure class=\"elementor-image-box-img\"><a href=\"https:\/\/www.lofficiel.com\/be-well\/cryobliss-le-nouveau-temple-parisien-de-la-recuperation-et-du-mieux-etre\" tabindex=\"-1\"><img loading=\"lazy\" decoding=\"async\" width=\"343\" height=\"97\" src=\"https:\/\/cryobliss.fr\/wp-content\/uploads\/2026\/04\/image_2026-04-14_071949459.png\" class=\"attachment-full size-full wp-image-8775\" alt=\"L&#039;OFFICIEL\" srcset=\"https:\/\/cryobliss.fr\/wp-content\/uploads\/2026\/04\/image_2026-04-14_071949459.png 343w, https:\/\/cryobliss.fr\/wp-content\/uploads\/2026\/04\/image_2026-04-14_071949459-300x85.png 300w, https:\/\/cryobliss.fr\/wp-content\/uploads\/2026\/04\/image_2026-04-14_071949459-18x5.png 18w\" sizes=\"auto, (max-width: 343px) 100vw, 343px\" \/><\/a><\/figure><div class=\"elementor-image-box-content\"><h3 class=\"elementor-image-box-title\"><a href=\"https:\/\/www.lofficiel.com\/be-well\/cryobliss-le-nouveau-temple-parisien-de-la-recuperation-et-du-mieux-etre\">L'OFFICIEL<\/a><\/h3><p class=\"elementor-image-box-description\">\u00c0 deux pas des Champs-\u00c9lys\u00e9es, Cryobliss signe une exp\u00e9rience de bien-\u00eatre exclusive o\u00f9 le froid extr\u00eame et la technologie m\u00e9dicale s\u2019unissent pour r\u00e9g\u00e9n\u00e9rer le corps et apaiser l\u2019esprit. [...]<\/p><\/div><\/div>\t\t\t\t<\/div>\n\t\t\t\t<\/div>\n\t\t\t\t<div class=\"elementor-element elementor-element-2207520 elementor-position-top exad-sticky-section-no exad-glass-effect-no elementor-widget elementor-widget-image-box\" data-id=\"2207520\" data-element_type=\"widget\" data-e-type=\"widget\" data-widget_type=\"image-box.default\">\n\t\t\t\t<div class=\"elementor-widget-container\">\n\t\t\t\t\t<div class=\"elementor-image-box-wrapper\"><figure class=\"elementor-image-box-img\"><a href=\"https:\/\/www.gala.fr\/beaute\/tendances_beaute\/therapie-par-le-froid-pourquoi-tout-le-monde-s-y-met-20250729\" tabindex=\"-1\"><img loading=\"lazy\" decoding=\"async\" width=\"2000\" height=\"849\" src=\"https:\/\/cryobliss.fr\/wp-content\/uploads\/2026\/04\/logo_8562.png\" class=\"attachment-full size-full wp-image-8789\" alt=\"\" srcset=\"https:\/\/cryobliss.fr\/wp-content\/uploads\/2026\/04\/logo_8562.png 2000w, https:\/\/cryobliss.fr\/wp-content\/uploads\/2026\/04\/logo_8562-300x127.png 300w, https:\/\/cryobliss.fr\/wp-content\/uploads\/2026\/04\/logo_8562-1024x435.png 1024w, https:\/\/cryobliss.fr\/wp-content\/uploads\/2026\/04\/logo_8562-768x326.png 768w, https:\/\/cryobliss.fr\/wp-content\/uploads\/2026\/04\/logo_8562-1536x652.png 1536w, https:\/\/cryobliss.fr\/wp-content\/uploads\/2026\/04\/logo_8562-18x8.png 18w, https:\/\/cryobliss.fr\/wp-content\/uploads\/2026\/04\/logo_8562-700x297.png 700w\" sizes=\"auto, (max-width: 2000px) 100vw, 2000px\" \/><\/a><\/figure><div class=\"elementor-image-box-content\"><h3 class=\"elementor-image-box-title\"><a href=\"https:\/\/www.gala.fr\/beaute\/tendances_beaute\/therapie-par-le-froid-pourquoi-tout-le-monde-s-y-met-20250729\">GALA<\/a><\/h3><p class=\"elementor-image-box-description\">Longtemps r\u00e9serv\u00e9e aux athl\u00e8tes de haut niveau, la cryoth\u00e9rapie fait d\u00e9sormais partie des routines bien-\u00eatre de plus en plus de personnes [...]<\/p><\/div><\/div>\t\t\t\t<\/div>\n\t\t\t\t<\/div>\n\t\t\t\t<div class=\"elementor-element elementor-element-0b0c523 elementor-position-top exad-sticky-section-no exad-glass-effect-no elementor-widget elementor-widget-image-box\" data-id=\"0b0c523\" data-element_type=\"widget\" data-e-type=\"widget\" data-widget_type=\"image-box.default\">\n\t\t\t\t<div class=\"elementor-widget-container\">\n\t\t\t\t\t<div class=\"elementor-image-box-wrapper\"><figure class=\"elementor-image-box-img\"><a href=\"https:\/\/www.doitinparis.com\/fr\/adresses-bien-etre-paris-27245\" tabindex=\"-1\"><img loading=\"lazy\" decoding=\"async\" width=\"600\" height=\"231\" src=\"https:\/\/cryobliss.fr\/wp-content\/uploads\/2026\/04\/Do-it-in-Paris-logo-blanc.png\" class=\"attachment-full size-full wp-image-8788\" alt=\"\" srcset=\"https:\/\/cryobliss.fr\/wp-content\/uploads\/2026\/04\/Do-it-in-Paris-logo-blanc.png 600w, https:\/\/cryobliss.fr\/wp-content\/uploads\/2026\/04\/Do-it-in-Paris-logo-blanc-300x116.png 300w, https:\/\/cryobliss.fr\/wp-content\/uploads\/2026\/04\/Do-it-in-Paris-logo-blanc-18x7.png 18w\" sizes=\"auto, (max-width: 600px) 100vw, 600px\" \/><\/a><\/figure><div class=\"elementor-image-box-content\"><h3 class=\"elementor-image-box-title\"><a href=\"https:\/\/www.doitinparis.com\/fr\/adresses-bien-etre-paris-27245\">DO IT IN PARIS<\/a><\/h3><p class=\"elementor-image-box-description\">Pour afficher un teint de poup\u00e9e, un corps tonique et un moral d\u2019enfer, zoom sur trois adresses fra\u00eechement inaugur\u00e9es \u00e0 Paris et qui deviendront bient\u00f4t vos Q.G. beaut\u00e9. [...]<\/p><\/div><\/div>\t\t\t\t<\/div>\n\t\t\t\t<\/div>\n\t\t\t\t<div class=\"elementor-element elementor-element-78b9cd4 elementor-position-top exad-sticky-section-no exad-glass-effect-no elementor-widget elementor-widget-image-box\" data-id=\"78b9cd4\" data-element_type=\"widget\" data-e-type=\"widget\" data-widget_type=\"image-box.default\">\n\t\t\t\t<div class=\"elementor-widget-container\">\n\t\t\t\t\t<div class=\"elementor-image-box-wrapper\"><figure class=\"elementor-image-box-img\"><a href=\"https:\/\/www.lofficiel.com\/be-well\/cryo-air-glow-quand-le-froid-sculpte-la-jeunesse-du-visage\" tabindex=\"-1\"><img loading=\"lazy\" decoding=\"async\" width=\"343\" height=\"97\" src=\"https:\/\/cryobliss.fr\/wp-content\/uploads\/2026\/04\/image_2026-04-14_071949459.png\" class=\"attachment-full size-full wp-image-8775\" alt=\"L&#039;OFFICIEL\" srcset=\"https:\/\/cryobliss.fr\/wp-content\/uploads\/2026\/04\/image_2026-04-14_071949459.png 343w, https:\/\/cryobliss.fr\/wp-content\/uploads\/2026\/04\/image_2026-04-14_071949459-300x85.png 300w, https:\/\/cryobliss.fr\/wp-content\/uploads\/2026\/04\/image_2026-04-14_071949459-18x5.png 18w\" sizes=\"auto, (max-width: 343px) 100vw, 343px\" \/><\/a><\/figure><div class=\"elementor-image-box-content\"><h3 class=\"elementor-image-box-title\"><a href=\"https:\/\/www.lofficiel.com\/be-well\/cryo-air-glow-quand-le-froid-sculpte-la-jeunesse-du-visage\">L'OFFICIEL<\/a><\/h3><p class=\"elementor-image-box-description\">Au c\u0153ur de Cryobliss, le froid devient un art de vivre cutan\u00e9, r\u00e9v\u00e9lant une peau plus ferme, lisse et lumineuse gr\u00e2ce \u00e0 la pr\u00e9cision du protocole Cryo Air Glow.\n\n [...]<\/p><\/div><\/div>\t\t\t\t<\/div>\n\t\t\t\t<\/div>\n\t\t\t\t<div class=\"elementor-element elementor-element-bdeb685 elementor-position-top exad-sticky-section-no exad-glass-effect-no elementor-widget elementor-widget-image-box\" data-id=\"bdeb685\" data-element_type=\"widget\" data-e-type=\"widget\" data-widget_type=\"image-box.default\">\n\t\t\t\t<div class=\"elementor-widget-container\">\n\t\t\t\t\t<div class=\"elementor-image-box-wrapper\"><figure class=\"elementor-image-box-img\"><a href=\"https:\/\/www.vanityfair.fr\/article\/7-adresses-qui-mettent-la-technologie-au-service-du-corps\" tabindex=\"-1\"><img loading=\"lazy\" decoding=\"async\" width=\"532\" height=\"106\" src=\"https:\/\/cryobliss.fr\/wp-content\/uploads\/2026\/04\/VF_Logo_Inverted_Header.svg\" class=\"attachment-full size-full wp-image-8786\" alt=\"VANITY FAIR\" \/><\/a><\/figure><div class=\"elementor-image-box-content\"><h3 class=\"elementor-image-box-title\"><a href=\"https:\/\/www.vanityfair.fr\/article\/7-adresses-qui-mettent-la-technologie-au-service-du-corps\">VANITY FAIR<\/a><\/h3><p class=\"elementor-image-box-description\">Perfectionner sa silhouette gr\u00e2ce \u00e0 la science et la pr\u00e9cision des protocoles\u2009? Vanity Fair a test\u00e9 pour vous sept adresses parisiennes qui mettent la technologie au service du corps. [...]<\/p><\/div><\/div>\t\t\t\t<\/div>\n\t\t\t\t<\/div>\n\t\t\t\t<div class=\"elementor-element elementor-element-0c98018 elementor-position-top exad-sticky-section-no exad-glass-effect-no elementor-widget elementor-widget-image-box\" data-id=\"0c98018\" data-element_type=\"widget\" data-e-type=\"widget\" data-widget_type=\"image-box.default\">\n\t\t\t\t<div class=\"elementor-widget-container\">\n\t\t\t\t\t<div class=\"elementor-image-box-wrapper\"><figure class=\"elementor-image-box-img\"><a href=\"https:\/\/www.entrenous.fr\/bien-etre\/jai-teste-ce-massage-high-tech-cale-sur-le-coeur-leffet-inattendu-sur-mes-jambes-lourdes-et-mon-sommeil-51634.html\" tabindex=\"-1\"><img loading=\"lazy\" decoding=\"async\" width=\"120\" height=\"120\" src=\"https:\/\/cryobliss.fr\/wp-content\/uploads\/2026\/04\/default_logo-1.webp\" class=\"attachment-full size-full wp-image-8779\" alt=\"Entre Nous\" srcset=\"https:\/\/cryobliss.fr\/wp-content\/uploads\/2026\/04\/default_logo-1.webp 120w, https:\/\/cryobliss.fr\/wp-content\/uploads\/2026\/04\/default_logo-1-12x12.webp 12w\" sizes=\"auto, (max-width: 120px) 100vw, 120px\" \/><\/a><\/figure><div class=\"elementor-image-box-content\"><h3 class=\"elementor-image-box-title\"><a href=\"https:\/\/www.entrenous.fr\/bien-etre\/jai-teste-ce-massage-high-tech-cale-sur-le-coeur-leffet-inattendu-sur-mes-jambes-lourdes-et-mon-sommeil-51634.html\">ENTRE Nous<\/a><\/h3><p class=\"elementor-image-box-description\">Jambes lourdes, cerveau en surchauffe : un mercredi apr\u00e8s-midi, je pousse la porte d\u2019un studio parisien pour tester la pulsoth\u00e9rapie. [...]\n<\/p><\/div><\/div>\t\t\t\t<\/div>\n\t\t\t\t<\/div>\n\t\t\t\t<\/div>\n\t\t<div class=\"elementor-element elementor-element-67fb3b63 e-flex e-con-boxed parallax_section_no qode_elementor_container_no e-con e-parent\" data-id=\"67fb3b63\" data-element_type=\"container\" data-e-type=\"container\">\n\t\t\t\t\t<div class=\"e-con-inner\">\n\t\t\t\t<div class=\"elementor-element elementor-element-4e52224f exad-sticky-section-no exad-glass-effect-no elementor-widget elementor-widget-spacer\" data-id=\"4e52224f\" data-element_type=\"widget\" data-e-type=\"widget\" data-widget_type=\"spacer.default\">\n\t\t\t\t<div class=\"elementor-widget-container\">\n\t\t\t\t\t\t\t<div class=\"elementor-spacer\">\n\t\t\t<div class=\"elementor-spacer-inner\"><\/div>\n\t\t<\/div>\n\t\t\t\t\t\t<\/div>\n\t\t\t\t<\/div>\n\t\t\t\t\t<\/div>\n\t\t\t\t<\/div>\n\t\t\t\t<\/div>\n\t\t","protected":false},"excerpt":{"rendered":"<p>ILS PARLENT DE NOUS FOIRE AUX QUESTIONS D\u00e9couvrez ce que la presse dit de CryoBliss : Sortiraparis.com Pour une approche luxueuse et s\u00e9curisante de la r\u00e9cup\u00e9ration, direction CryoBliss, un studio de bien-\u00eatre haut de gamme nich\u00e9 pr\u00e8s des Champs-\u00c9lys\u00e9es. [&#8230;] L&rsquo;OFFICIEL \u00c0 deux pas des&#8230;<\/p>\n","protected":false},"author":4,"featured_media":0,"parent":0,"menu_order":0,"comment_status":"closed","ping_status":"closed","template":"elementor_header_footer","meta":{"footnotes":""},"class_list":["post-8771","page","type-page","status-publish","hentry"],"yoast_head":"<!-- This site is optimized with the Yoast SEO plugin v27.4 - https:\/\/yoast.com\/product\/yoast-seo-wordpress\/ -->\n<title>Ils parlent de nous - CryoBliss<\/title>\n<meta name=\"description\" content=\"D\u00e9couvrez tous les articles de presse autour de CryoBliss sur cette page.\" \/>\n<meta name=\"robots\" content=\"index, follow, max-snippet:-1, max-image-preview:large, max-video-preview:-1\" \/>\n<link rel=\"canonical\" href=\"https:\/\/cryobliss.fr\/fr\/la-presse-en-parle\/\" \/>\n<meta property=\"og:locale\" content=\"fr_FR\" \/>\n<meta property=\"og:type\" content=\"article\" \/>\n<meta property=\"og:title\" content=\"Ils parlent de nous - CryoBliss\" \/>\n<meta property=\"og:description\" content=\"D\u00e9couvrez tous les articles de presse autour de CryoBliss sur cette page.\" \/>\n<meta property=\"og:url\" content=\"https:\/\/cryobliss.fr\/fr\/la-presse-en-parle\/\" \/>\n<meta property=\"og:site_name\" content=\"CryoBliss\" \/>\n<meta property=\"article:publisher\" content=\"https:\/\/www.facebook.com\/profile.php?id=61573490257929\" \/>\n<meta property=\"article:modified_time\" content=\"2026-04-14T05:32:43+00:00\" \/>\n<meta property=\"og:image\" content=\"https:\/\/cryobliss.fr\/wp-content\/uploads\/2026\/04\/1693819947.png\" \/>\n\t<meta property=\"og:image:width\" content=\"432\" \/>\n\t<meta property=\"og:image:height\" content=\"196\" \/>\n\t<meta property=\"og:image:type\" content=\"image\/png\" \/>\n<meta name=\"twitter:card\" content=\"summary_large_image\" \/>\n<meta name=\"twitter:label1\" content=\"Dur\u00e9e de lecture estim\u00e9e\" \/>\n\t<meta name=\"twitter:data1\" content=\"3 minutes\" \/>\n<script type=\"application\/ld+json\" class=\"yoast-schema-graph\">{\"@context\":\"https:\\\/\\\/schema.org\",\"@graph\":[{\"@type\":\"WebPage\",\"@id\":\"https:\\\/\\\/cryobliss.fr\\\/la-presse-en-parle\\\/\",\"url\":\"https:\\\/\\\/cryobliss.fr\\\/la-presse-en-parle\\\/\",\"name\":\"Ils parlent de nous - CryoBliss\",\"isPartOf\":{\"@id\":\"https:\\\/\\\/cryobliss.fr\\\/#website\"},\"primaryImageOfPage\":{\"@id\":\"https:\\\/\\\/cryobliss.fr\\\/la-presse-en-parle\\\/#primaryimage\"},\"image\":{\"@id\":\"https:\\\/\\\/cryobliss.fr\\\/la-presse-en-parle\\\/#primaryimage\"},\"thumbnailUrl\":\"https:\\\/\\\/cryobliss.fr\\\/wp-content\\\/uploads\\\/2026\\\/04\\\/1693819947.png\",\"datePublished\":\"2026-04-14T05:15:25+00:00\",\"dateModified\":\"2026-04-14T05:32:43+00:00\",\"description\":\"D\u00e9couvrez tous les articles de presse autour de CryoBliss sur cette page.\",\"breadcrumb\":{\"@id\":\"https:\\\/\\\/cryobliss.fr\\\/la-presse-en-parle\\\/#breadcrumb\"},\"inLanguage\":\"fr-FR\",\"potentialAction\":[{\"@type\":\"ReadAction\",\"target\":[\"https:\\\/\\\/cryobliss.fr\\\/la-presse-en-parle\\\/\"]}]},{\"@type\":\"ImageObject\",\"inLanguage\":\"fr-FR\",\"@id\":\"https:\\\/\\\/cryobliss.fr\\\/la-presse-en-parle\\\/#primaryimage\",\"url\":\"https:\\\/\\\/cryobliss.fr\\\/wp-content\\\/uploads\\\/2026\\\/04\\\/1693819947.png\",\"contentUrl\":\"https:\\\/\\\/cryobliss.fr\\\/wp-content\\\/uploads\\\/2026\\\/04\\\/1693819947.png\"},{\"@type\":\"BreadcrumbList\",\"@id\":\"https:\\\/\\\/cryobliss.fr\\\/la-presse-en-parle\\\/#breadcrumb\",\"itemListElement\":[{\"@type\":\"ListItem\",\"position\":1,\"name\":\"Accueil\",\"item\":\"https:\\\/\\\/cryobliss.fr\\\/fr\\\/\"},{\"@type\":\"ListItem\",\"position\":2,\"name\":\"Ils parlent de nous\"}]},{\"@type\":\"WebSite\",\"@id\":\"https:\\\/\\\/cryobliss.fr\\\/#website\",\"url\":\"https:\\\/\\\/cryobliss.fr\\\/\",\"name\":\"CryoBliss\",\"description\":\"Le studio bien-\u00eatre \u00e0 Paris\",\"publisher\":{\"@id\":\"https:\\\/\\\/cryobliss.fr\\\/#organization\"},\"potentialAction\":[{\"@type\":\"SearchAction\",\"target\":{\"@type\":\"EntryPoint\",\"urlTemplate\":\"https:\\\/\\\/cryobliss.fr\\\/?s={search_term_string}\"},\"query-input\":{\"@type\":\"PropertyValueSpecification\",\"valueRequired\":true,\"valueName\":\"search_term_string\"}}],\"inLanguage\":\"fr-FR\"},{\"@type\":\"Organization\",\"@id\":\"https:\\\/\\\/cryobliss.fr\\\/#organization\",\"name\":\"CryoBliss\",\"url\":\"https:\\\/\\\/cryobliss.fr\\\/\",\"logo\":{\"@type\":\"ImageObject\",\"inLanguage\":\"fr-FR\",\"@id\":\"https:\\\/\\\/cryobliss.fr\\\/#\\\/schema\\\/logo\\\/image\\\/\",\"url\":\"https:\\\/\\\/cryobliss.fr\\\/wp-content\\\/uploads\\\/2025\\\/06\\\/cryobliss-favicon.png\",\"contentUrl\":\"https:\\\/\\\/cryobliss.fr\\\/wp-content\\\/uploads\\\/2025\\\/06\\\/cryobliss-favicon.png\",\"width\":512,\"height\":512,\"caption\":\"CryoBliss\"},\"image\":{\"@id\":\"https:\\\/\\\/cryobliss.fr\\\/#\\\/schema\\\/logo\\\/image\\\/\"},\"sameAs\":[\"https:\\\/\\\/www.facebook.com\\\/profile.php?id=61573490257929\",\"https:\\\/\\\/www.instagram.com\\\/cryoblissparis\\\/\",\"https:\\\/\\\/api.whatsapp.com\\\/message\\\/FRW27F4IHIOIB1?autoload=1&app_absent=0\"]}]}<\/script>\n<!-- \/ Yoast SEO plugin. -->","yoast_head_json":{"title":"Ils parlent de nous - CryoBliss","description":"D\u00e9couvrez tous les articles de presse autour de CryoBliss sur cette page.","robots":{"index":"index","follow":"follow","max-snippet":"max-snippet:-1","max-image-preview":"max-image-preview:large","max-video-preview":"max-video-preview:-1"},"canonical":"https:\/\/cryobliss.fr\/fr\/la-presse-en-parle\/","og_locale":"fr_FR","og_type":"article","og_title":"Ils parlent de nous - CryoBliss","og_description":"D\u00e9couvrez tous les articles de presse autour de CryoBliss sur cette page.","og_url":"https:\/\/cryobliss.fr\/fr\/la-presse-en-parle\/","og_site_name":"CryoBliss","article_publisher":"https:\/\/www.facebook.com\/profile.php?id=61573490257929","article_modified_time":"2026-04-14T05:32:43+00:00","og_image":[{"width":432,"height":196,"url":"https:\/\/cryobliss.fr\/wp-content\/uploads\/2026\/04\/1693819947.png","type":"image\/png"}],"twitter_card":"summary_large_image","twitter_misc":{"Dur\u00e9e de lecture estim\u00e9e":"3 minutes"},"schema":{"@context":"https:\/\/schema.org","@graph":[{"@type":"WebPage","@id":"https:\/\/cryobliss.fr\/la-presse-en-parle\/","url":"https:\/\/cryobliss.fr\/la-presse-en-parle\/","name":"Ils parlent de nous - CryoBliss","isPartOf":{"@id":"https:\/\/cryobliss.fr\/#website"},"primaryImageOfPage":{"@id":"https:\/\/cryobliss.fr\/la-presse-en-parle\/#primaryimage"},"image":{"@id":"https:\/\/cryobliss.fr\/la-presse-en-parle\/#primaryimage"},"thumbnailUrl":"https:\/\/cryobliss.fr\/wp-content\/uploads\/2026\/04\/1693819947.png","datePublished":"2026-04-14T05:15:25+00:00","dateModified":"2026-04-14T05:32:43+00:00","description":"D\u00e9couvrez tous les articles de presse autour de CryoBliss sur cette page.","breadcrumb":{"@id":"https:\/\/cryobliss.fr\/la-presse-en-parle\/#breadcrumb"},"inLanguage":"fr-FR","potentialAction":[{"@type":"ReadAction","target":["https:\/\/cryobliss.fr\/la-presse-en-parle\/"]}]},{"@type":"ImageObject","inLanguage":"fr-FR","@id":"https:\/\/cryobliss.fr\/la-presse-en-parle\/#primaryimage","url":"https:\/\/cryobliss.fr\/wp-content\/uploads\/2026\/04\/1693819947.png","contentUrl":"https:\/\/cryobliss.fr\/wp-content\/uploads\/2026\/04\/1693819947.png"},{"@type":"BreadcrumbList","@id":"https:\/\/cryobliss.fr\/la-presse-en-parle\/#breadcrumb","itemListElement":[{"@type":"ListItem","position":1,"name":"Accueil","item":"https:\/\/cryobliss.fr\/fr\/"},{"@type":"ListItem","position":2,"name":"Ils parlent de nous"}]},{"@type":"WebSite","@id":"https:\/\/cryobliss.fr\/#website","url":"https:\/\/cryobliss.fr\/","name":"CryoBliss","description":"Le studio bien-\u00eatre \u00e0 Paris","publisher":{"@id":"https:\/\/cryobliss.fr\/#organization"},"potentialAction":[{"@type":"SearchAction","target":{"@type":"EntryPoint","urlTemplate":"https:\/\/cryobliss.fr\/?s={search_term_string}"},"query-input":{"@type":"PropertyValueSpecification","valueRequired":true,"valueName":"search_term_string"}}],"inLanguage":"fr-FR"},{"@type":"Organization","@id":"https:\/\/cryobliss.fr\/#organization","name":"CryoBliss","url":"https:\/\/cryobliss.fr\/","logo":{"@type":"ImageObject","inLanguage":"fr-FR","@id":"https:\/\/cryobliss.fr\/#\/schema\/logo\/image\/","url":"https:\/\/cryobliss.fr\/wp-content\/uploads\/2025\/06\/cryobliss-favicon.png","contentUrl":"https:\/\/cryobliss.fr\/wp-content\/uploads\/2025\/06\/cryobliss-favicon.png","width":512,"height":512,"caption":"CryoBliss"},"image":{"@id":"https:\/\/cryobliss.fr\/#\/schema\/logo\/image\/"},"sameAs":["https:\/\/www.facebook.com\/profile.php?id=61573490257929","https:\/\/www.instagram.com\/cryoblissparis\/","https:\/\/api.whatsapp.com\/message\/FRW27F4IHIOIB1?autoload=1&app_absent=0"]}]}},"_links":{"self":[{"href":"https:\/\/cryobliss.fr\/fr\/wp-json\/wp\/v2\/pages\/8771","targetHints":{"allow":["GET"]}}],"collection":[{"href":"https:\/\/cryobliss.fr\/fr\/wp-json\/wp\/v2\/pages"}],"about":[{"href":"https:\/\/cryobliss.fr\/fr\/wp-json\/wp\/v2\/types\/page"}],"author":[{"embeddable":true,"href":"https:\/\/cryobliss.fr\/fr\/wp-json\/wp\/v2\/users\/4"}],"replies":[{"embeddable":true,"href":"https:\/\/cryobliss.fr\/fr\/wp-json\/wp\/v2\/comments?post=8771"}],"version-history":[{"count":8,"href":"https:\/\/cryobliss.fr\/fr\/wp-json\/wp\/v2\/pages\/8771\/revisions"}],"predecessor-version":[{"id":8792,"href":"https:\/\/cryobliss.fr\/fr\/wp-json\/wp\/v2\/pages\/8771\/revisions\/8792"}],"wp:attachment":[{"href":"https:\/\/cryobliss.fr\/fr\/wp-json\/wp\/v2\/media?parent=8771"}],"curies":[{"name":"wp","href":"https:\/\/api.w.org\/{rel}","templated":true}]}}